{"id":176682,"date":"2026-04-23T13:46:42","date_gmt":"2026-04-23T10:46:42","guid":{"rendered":"https:\/\/axkid.com\/fi\/?post_type=product&#038;p=176682"},"modified":"2026-04-24T15:47:16","modified_gmt":"2026-04-24T12:47:16","slug":"zero-base","status":"publish","type":"product","link":"https:\/\/axkid.com\/fi\/product\/zero-base\/","title":{"rendered":"Zero base"},"content":{"rendered":"","protected":false},"excerpt":{"rendered":"<p>Zero Base on suunniteltu turvalliseen ja helppok\u00e4ytt\u00f6iseen p\u00e4ivitt\u00e4iseen k\u00e4ytt\u00f6\u00f6n yhdess\u00e4 Zero Pro -turvakaukalon kanssa. ISOFIX-kiinnikkeiden, ulosvedett\u00e4v\u00e4n tukijalan ja selkeiden turvallisuusmerkkien ansiosta se takaa turvallisen asennuksen heti alusta alkaen. Yhden napsautuksen kiinnitys ja 180 asteen k\u00e4\u00e4nt\u00f6ominaisuus helpottavat p\u00e4ivitt\u00e4ist\u00e4 k\u00e4sittely\u00e4. <\/p>\n","protected":false},"featured_media":176684,"comment_status":"open","ping_status":"closed","template":"","meta":{"_acf_changed":false,"_seopress_robots_primary_cat":"none","_seopress_titles_title":"","_seopress_titles_desc":"","_seopress_robots_index":"","content-type":"","_relevanssi_hide_post":"","_relevanssi_hide_content":"","_relevanssi_pin_for_all":"","_relevanssi_pin_keywords":"","_relevanssi_unpin_keywords":"","_relevanssi_related_keywords":"","_relevanssi_related_include_ids":"","_relevanssi_related_exclude_ids":"","_relevanssi_related_no_append":"","_relevanssi_related_not_related":"","_relevanssi_related_posts":"","_relevanssi_noindex_reason":"","editor_notices":[]},"product_brand":[],"product_cat":[18,79],"product_tag":[],"class_list":{"0":"post-176682","1":"product","2":"type-product","3":"status-publish","4":"has-post-thumbnail","6":"product_cat-kaikki-turvaistuimet","7":"product_cat-turvakaukalot","9":"first","10":"onbackorder","11":"taxable","12":"shipping-taxable","13":"purchasable","14":"product-type-simple"},"bundled_by":["176662"],"bundle_stock_status":"onbackorder","bundle_stock_quantity":0,"bundle_virtual":false,"bundle_layout":"","bundle_add_to_cart_form_location":"","bundle_editable_in_cart":false,"bundle_sold_individually_context":"","bundle_item_grouping":"","bundle_min_size":"","bundle_max_size":"","bundle_price":[],"bundled_items":[],"bundle_sell_ids":[],"acf":[],"jetpack_sharing_enabled":true,"_links":{"self":[{"href":"https:\/\/axkid.com\/fi\/wp-json\/wp\/v2\/product\/176682","targetHints":{"allow":["GET"]}}],"collection":[{"href":"https:\/\/axkid.com\/fi\/wp-json\/wp\/v2\/product"}],"about":[{"href":"https:\/\/axkid.com\/fi\/wp-json\/wp\/v2\/types\/product"}],"replies":[{"embeddable":true,"href":"https:\/\/axkid.com\/fi\/wp-json\/wp\/v2\/comments?post=176682"}],"wp:featuredmedia":[{"embeddable":true,"href":"https:\/\/axkid.com\/fi\/wp-json\/wp\/v2\/media\/176684"}],"wp:attachment":[{"href":"https:\/\/axkid.com\/fi\/wp-json\/wp\/v2\/media?parent=176682"}],"wp:term":[{"taxonomy":"product_brand","embeddable":true,"href":"https:\/\/axkid.com\/fi\/wp-json\/wp\/v2\/product_brand?post=176682"},{"taxonomy":"product_cat","embeddable":true,"href":"https:\/\/axkid.com\/fi\/wp-json\/wp\/v2\/product_cat?post=176682"},{"taxonomy":"product_tag","embeddable":true,"href":"https:\/\/axkid.com\/fi\/wp-json\/wp\/v2\/product_tag?post=176682"}],"curies":[{"name":"wp","href":"https:\/\/api.w.org\/{rel}","templated":true}]}}