{"id":71202,"date":"2025-04-22T09:00:36","date_gmt":"2025-04-22T08:00:36","guid":{"rendered":"https:\/\/axkid.com\/?post_type=product&#038;p=71202"},"modified":"2026-04-28T16:28:58","modified_gmt":"2026-04-28T13:28:58","slug":"classic-rear-facing-penkin-suojus","status":"publish","type":"product","link":"https:\/\/axkid.com\/fi\/product\/classic-rear-facing-penkin-suojus\/","title":{"rendered":"Classic Rear-facing &#8211; Penkin suojus"},"content":{"rendered":"","protected":false},"excerpt":{"rendered":"<p>T\u00f6rm\u00e4ystestattu penkin suojus selk\u00e4 menosuuntaan asennettaviin turvaistuimiin. Varustettu t\u00e4rkeimmill\u00e4 ominaisuuksilla, jotta auto pysyy puhtaana ja lapsesi viihtyy koko matkan ajan.<\/p>\n","protected":false},"featured_media":3700000779355,"comment_status":"open","ping_status":"closed","template":"","meta":{"_acf_changed":false,"_seopress_robots_primary_cat":"436","_seopress_titles_title":"","_seopress_titles_desc":"","_seopress_robots_index":"","content-type":"","_relevanssi_hide_post":"","_relevanssi_hide_content":"","_relevanssi_pin_for_all":"","_relevanssi_pin_keywords":"","_relevanssi_unpin_keywords":"","_relevanssi_related_keywords":"","_relevanssi_related_include_ids":"","_relevanssi_related_exclude_ids":"","_relevanssi_related_no_append":"","_relevanssi_related_not_related":"","_relevanssi_related_posts":"","_relevanssi_noindex_reason":"","editor_notices":[]},"product_brand":[],"product_cat":[17,436],"product_tag":[],"class_list":{"0":"post-71202","1":"product","2":"type-product","3":"status-publish","4":"has-post-thumbnail","6":"product_cat-lisavarusteet","7":"product_cat-penkinsuojat-ja-sailytys","9":"first","10":"instock","11":"taxable","12":"shipping-taxable","13":"purchasable","14":"product-type-simple"},"bundled_by":[],"bundle_stock_status":"instock","bundle_stock_quantity":1,"bundle_virtual":false,"bundle_layout":"","bundle_add_to_cart_form_location":"","bundle_editable_in_cart":false,"bundle_sold_individually_context":"","bundle_item_grouping":"","bundle_min_size":"","bundle_max_size":"","bundle_price":[],"bundled_items":[],"bundle_sell_ids":[],"acf":[],"jetpack_sharing_enabled":true,"_links":{"self":[{"href":"https:\/\/axkid.com\/fi\/wp-json\/wp\/v2\/product\/71202","targetHints":{"allow":["GET"]}}],"collection":[{"href":"https:\/\/axkid.com\/fi\/wp-json\/wp\/v2\/product"}],"about":[{"href":"https:\/\/axkid.com\/fi\/wp-json\/wp\/v2\/types\/product"}],"replies":[{"embeddable":true,"href":"https:\/\/axkid.com\/fi\/wp-json\/wp\/v2\/comments?post=71202"}],"wp:featuredmedia":[{"embeddable":true,"href":"https:\/\/axkid.com\/fi\/wp-json\/"}],"wp:attachment":[{"href":"https:\/\/axkid.com\/fi\/wp-json\/wp\/v2\/media?parent=71202"}],"wp:term":[{"taxonomy":"product_brand","embeddable":true,"href":"https:\/\/axkid.com\/fi\/wp-json\/wp\/v2\/product_brand?post=71202"},{"taxonomy":"product_cat","embeddable":true,"href":"https:\/\/axkid.com\/fi\/wp-json\/wp\/v2\/product_cat?post=71202"},{"taxonomy":"product_tag","embeddable":true,"href":"https:\/\/axkid.com\/fi\/wp-json\/wp\/v2\/product_tag?post=71202"}],"curies":[{"name":"wp","href":"https:\/\/api.w.org\/{rel}","templated":true}]}}