{"id":72807,"date":"2024-10-22T10:39:05","date_gmt":"2024-10-22T09:39:05","guid":{"rendered":"https:\/\/axkid.com\/?post_type=product&#038;p=72807"},"modified":"2026-05-01T17:29:15","modified_gmt":"2026-05-01T14:29:15","slug":"turvaistuimen-suojapehmuste","status":"publish","type":"product","link":"https:\/\/axkid.com\/fi\/product\/turvaistuimen-suojapehmuste\/","title":{"rendered":"Turvaistuimen suojapehmuste"},"content":{"rendered":"","protected":false},"excerpt":{"rendered":"<p>Axkid t\u00f6rm\u00e4ystestattu vedenpit\u00e4v\u00e4 suojapehmuste selk\u00e4 menosuuntaan asennettaviin turvaistuimiin. Pident\u00e4\u00e4 istuimen k\u00e4ytt\u00f6ik\u00e4\u00e4 suojaamalla sit\u00e4 vuodoilta ja seikkailuissa ker\u00e4\u00e4ntyvilt\u00e4 nesteilt\u00e4.<\/p>\n","protected":false},"featured_media":3700000779440,"comment_status":"open","ping_status":"closed","template":"","meta":{"_acf_changed":false,"_seopress_robots_primary_cat":"434","_seopress_titles_title":"","_seopress_titles_desc":"","_seopress_robots_index":"","content-type":"","_relevanssi_hide_post":"","_relevanssi_hide_content":"","_relevanssi_pin_for_all":"","_relevanssi_pin_keywords":"","_relevanssi_unpin_keywords":"","_relevanssi_related_keywords":"","_relevanssi_related_include_ids":"","_relevanssi_related_exclude_ids":"","_relevanssi_related_no_append":"","_relevanssi_related_not_related":"","_relevanssi_related_posts":"","_relevanssi_noindex_reason":"","editor_notices":[]},"product_brand":[],"product_cat":[434,435,17],"product_tag":[],"class_list":{"0":"post-72807","1":"product","2":"type-product","3":"status-publish","4":"has-post-thumbnail","6":"product_cat-istuinpaalliset","7":"product_cat-lisatuet-ja-tyynyt","8":"product_cat-lisavarusteet","10":"first","11":"onbackorder","12":"taxable","13":"shipping-taxable","14":"purchasable","15":"product-type-simple"},"bundled_by":[],"bundle_stock_status":"onbackorder","bundle_stock_quantity":0,"bundle_virtual":false,"bundle_layout":"","bundle_add_to_cart_form_location":"","bundle_editable_in_cart":false,"bundle_sold_individually_context":"","bundle_item_grouping":"","bundle_min_size":"","bundle_max_size":"","bundle_price":[],"bundled_items":[],"bundle_sell_ids":[],"acf":[],"jetpack_sharing_enabled":true,"_links":{"self":[{"href":"https:\/\/axkid.com\/fi\/wp-json\/wp\/v2\/product\/72807","targetHints":{"allow":["GET"]}}],"collection":[{"href":"https:\/\/axkid.com\/fi\/wp-json\/wp\/v2\/product"}],"about":[{"href":"https:\/\/axkid.com\/fi\/wp-json\/wp\/v2\/types\/product"}],"replies":[{"embeddable":true,"href":"https:\/\/axkid.com\/fi\/wp-json\/wp\/v2\/comments?post=72807"}],"wp:featuredmedia":[{"embeddable":true,"href":"https:\/\/axkid.com\/fi\/wp-json\/"}],"wp:attachment":[{"href":"https:\/\/axkid.com\/fi\/wp-json\/wp\/v2\/media?parent=72807"}],"wp:term":[{"taxonomy":"product_brand","embeddable":true,"href":"https:\/\/axkid.com\/fi\/wp-json\/wp\/v2\/product_brand?post=72807"},{"taxonomy":"product_cat","embeddable":true,"href":"https:\/\/axkid.com\/fi\/wp-json\/wp\/v2\/product_cat?post=72807"},{"taxonomy":"product_tag","embeddable":true,"href":"https:\/\/axkid.com\/fi\/wp-json\/wp\/v2\/product_tag?post=72807"}],"curies":[{"name":"wp","href":"https:\/\/api.w.org\/{rel}","templated":true}]}}