{"id":73893,"date":"2024-11-04T10:11:58","date_gmt":"2024-11-04T09:11:58","guid":{"rendered":"https:\/\/axkid.com\/?post_type=product&#038;p=73893"},"modified":"2026-05-03T21:14:02","modified_gmt":"2026-05-03T18:14:02","slug":"axkid-swedish-safety-kit-premium","status":"publish","type":"product","link":"https:\/\/axkid.com\/fi\/product\/axkid-swedish-safety-kit-premium\/","title":{"rendered":"Axkid Swedish Safety Kit Premium"},"content":{"rendered":"","protected":false},"excerpt":{"rendered":"<p>T\u00f6rm\u00e4ystestatut turvaistuimen lis\u00e4varusteet, jotka on kehitetty kest\u00e4m\u00e4\u00e4n. Swedish Safety Kit Premium sis\u00e4lt\u00e4\u00e4 laadukkaista ja kest\u00e4vist\u00e4 materiaaleista valmistettuja lis\u00e4varusteita.<\/p>\n<ul>\n<li>Premium 3-in-1 Rear-facing &#8211; Penkin suojus<\/li>\n<li>LED autopeili<\/li>\n<li>Auringonsuojat &#8211; Stretchable (3 kpl.)<\/li>\n<\/ul>\n","protected":false},"featured_media":3700000845195,"comment_status":"open","ping_status":"closed","template":"","meta":{"_acf_changed":false,"_seopress_robots_primary_cat":"437","_seopress_titles_title":"","_seopress_titles_desc":"","_seopress_robots_index":"","content-type":"","_relevanssi_hide_post":"","_relevanssi_hide_content":"","_relevanssi_pin_for_all":"","_relevanssi_pin_keywords":"","_relevanssi_unpin_keywords":"","_relevanssi_related_keywords":"","_relevanssi_related_include_ids":"","_relevanssi_related_exclude_ids":"","_relevanssi_related_no_append":"","_relevanssi_related_not_related":"","_relevanssi_related_posts":"","_relevanssi_noindex_reason":"","editor_notices":[]},"product_brand":[],"product_cat":[437,17,436],"product_tag":[],"class_list":{"0":"post-73893","1":"product","2":"type-product","3":"status-publish","4":"has-post-thumbnail","6":"product_cat-auringonsuojat","7":"product_cat-lisavarusteet","8":"product_cat-penkinsuojat-ja-sailytys","10":"first","11":"instock","12":"taxable","13":"shipping-taxable","14":"purchasable","15":"product-type-simple"},"bundled_by":[],"bundle_stock_status":"instock","bundle_stock_quantity":6,"bundle_virtual":false,"bundle_layout":"","bundle_add_to_cart_form_location":"","bundle_editable_in_cart":false,"bundle_sold_individually_context":"","bundle_item_grouping":"","bundle_min_size":"","bundle_max_size":"","bundle_price":[],"bundled_items":[],"bundle_sell_ids":[],"acf":[],"jetpack_sharing_enabled":true,"_links":{"self":[{"href":"https:\/\/axkid.com\/fi\/wp-json\/wp\/v2\/product\/73893","targetHints":{"allow":["GET"]}}],"collection":[{"href":"https:\/\/axkid.com\/fi\/wp-json\/wp\/v2\/product"}],"about":[{"href":"https:\/\/axkid.com\/fi\/wp-json\/wp\/v2\/types\/product"}],"replies":[{"embeddable":true,"href":"https:\/\/axkid.com\/fi\/wp-json\/wp\/v2\/comments?post=73893"}],"wp:featuredmedia":[{"embeddable":true,"href":"https:\/\/axkid.com\/fi\/wp-json\/"}],"wp:attachment":[{"href":"https:\/\/axkid.com\/fi\/wp-json\/wp\/v2\/media?parent=73893"}],"wp:term":[{"taxonomy":"product_brand","embeddable":true,"href":"https:\/\/axkid.com\/fi\/wp-json\/wp\/v2\/product_brand?post=73893"},{"taxonomy":"product_cat","embeddable":true,"href":"https:\/\/axkid.com\/fi\/wp-json\/wp\/v2\/product_cat?post=73893"},{"taxonomy":"product_tag","embeddable":true,"href":"https:\/\/axkid.com\/fi\/wp-json\/wp\/v2\/product_tag?post=73893"}],"curies":[{"name":"wp","href":"https:\/\/api.w.org\/{rel}","templated":true}]}}