{"id":1410,"date":"2020-10-09T07:05:25","date_gmt":"2020-10-09T07:05:25","guid":{"rendered":"https:\/\/axkid.com\/?post_type=product&#038;p=1410"},"modified":"2026-04-29T17:08:33","modified_gmt":"2026-04-29T16:08:33","slug":"connect","status":"publish","type":"product","link":"https:\/\/axkid.com\/fr\/product\/connect\/","title":{"rendered":"Connect"},"content":{"rendered":"<p><strong>Axkid\u00a0Connect\u00a0<\/strong><span data-contrast=\"none\">\u2013\u00a0<\/span><span data-contrast=\"none\">the safety pad that helps you\u00a0<\/span><span data-contrast=\"none\">stay<\/span><span data-contrast=\"none\">\u00a0close to your child\u00a0<\/span><span data-ccp-props=\"{&quot;335551550&quot;:6,&quot;335551620&quot;:6}\">\u00a0<\/span><\/p>\n<ul>\n<li data-leveltext=\"\uf0b7\" data-font=\"Symbol\" data-listid=\"4\" data-aria-posinset=\"1\" data-aria-level=\"1\"><span data-contrast=\"none\">Alerts when the\u00a0<\/span><span data-contrast=\"none\">car\u00a0<\/span><span data-contrast=\"none\">temperature needs to be adjusted, when your child has been seated in the car seat for too long or if your child is left alone in the car\u00a0<\/span><span data-ccp-props=\"{&quot;134233279&quot;:true,&quot;335551550&quot;:6,&quot;335551620&quot;:6}\">\u00a0<\/span><\/li>\n<\/ul>\n<ul>\n<li data-leveltext=\"\uf0b7\" data-font=\"Symbol\" data-listid=\"4\" data-aria-posinset=\"1\" data-aria-level=\"1\"><span data-contrast=\"none\">Fits in all different types<\/span><span data-contrast=\"none\">\u00a0and brands<\/span><span data-contrast=\"none\">\u00a0of\u00a0<\/span><span data-contrast=\"none\">infant<\/span><span data-contrast=\"none\">\u00a0car seat<\/span><span data-contrast=\"none\">s<\/span><span data-contrast=\"none\">,\u00a0<\/span><span data-contrast=\"none\">child\u00a0<\/span><span data-contrast=\"none\">car seats, and booster seats on the market<\/span><span data-contrast=\"none\">\u00a0<\/span><span data-ccp-props=\"{&quot;134233279&quot;:true,&quot;335551550&quot;:6,&quot;335551620&quot;:6}\">\u00a0<\/span><\/li>\n<li data-leveltext=\"\uf0b7\" data-font=\"Symbol\" data-listid=\"4\" data-aria-posinset=\"2\" data-aria-level=\"1\"><span data-contrast=\"none\">IOS (iPhone) and Android compatible and e<\/span><span data-contrast=\"none\">asily connected to your smartphone\u00a0<\/span><span data-contrast=\"none\">via Bluetooth<\/span><span data-ccp-props=\"{&quot;134233117&quot;:true,&quot;134233118&quot;:true,&quot;134233279&quot;:true,&quot;335551550&quot;:6,&quot;335551620&quot;:6}\">\u00a0<\/span><\/li>\n<li data-leveltext=\"\uf0b7\" data-font=\"Symbol\" data-listid=\"4\" data-aria-posinset=\"3\" data-aria-level=\"1\"><span data-contrast=\"none\">Integrated with the\u00a0<\/span><span data-contrast=\"none\">free\u00a0<\/span><span data-contrast=\"none\">A<\/span><span data-contrast=\"none\">xkid<\/span><span data-contrast=\"none\">\u00a0Connect<\/span><span data-contrast=\"none\">\u00a0<\/span><span data-contrast=\"none\">APP<\/span><span data-contrast=\"none\">\u00a0for easy access to manuals, product descriptions and installation movies<\/span><span data-ccp-props=\"{&quot;134233279&quot;:true,&quot;335551550&quot;:6,&quot;335551620&quot;:6}\">\u00a0<\/span><\/li>\n<\/ul>\n<p><b><span data-contrast=\"none\">Easy for you as a parent and\u00a0<\/span><\/b><b><span data-contrast=\"none\">an\u00a0<\/span><\/b><b><span data-contrast=\"none\">extra safety for your child<\/span><\/b><span data-ccp-props=\"{&quot;335551550&quot;:6,&quot;335551620&quot;:6,&quot;335559740&quot;:259}\">\u00a0<\/span><\/p>\n<p><span data-contrast=\"none\">Axkid<\/span><span data-contrast=\"none\">\u00a0Connect\u00a0<\/span><span data-contrast=\"none\">is a<\/span><span data-contrast=\"none\">\u00a0unique product<\/span><span data-contrast=\"none\">\u00a0<\/span><span data-contrast=\"none\">designed<\/span><span data-contrast=\"none\">\u00a0to <span style=\"text-decoration: underline;\"><a href=\"https:\/\/axkid.com\/fr\/safety\/the-danger-of-hot-cars\/\">save lives and protect children from\u00a0hyperthermia<\/a><\/span> or\u00a0<\/span><span data-contrast=\"none\">heatstroke and\u00a0<\/span><span data-contrast=\"none\">from\u00a0<\/span><span data-contrast=\"none\">being left alone in the car. Heatstroke in cars\u00a0<\/span><span data-contrast=\"none\">is<\/span><span data-contrast=\"none\">\u00a0more common than one might think, and every year incidents occur where children\u00a0<\/span><span data-contrast=\"none\">become<\/span><span data-contrast=\"none\">\u00a0overheated due\u00a0<\/span><span data-contrast=\"none\">to\u00a0<\/span><span data-contrast=\"none\">be<\/span><span data-contrast=\"none\">ing<\/span><span data-contrast=\"none\"> left unattended in hot cars.<\/span><\/p>\n<p><span data-contrast=\"none\">With its highly sensitive (integrated) sensors, the safety pad help<\/span><span data-contrast=\"none\">s<\/span><span data-contrast=\"none\">\u00a0you as a parent to be close to your child throughout the\u00a0<\/span><span data-contrast=\"none\">trip<\/span><span data-contrast=\"none\">\u00a0and detect circumstances\u00a0<\/span><span data-contrast=\"none\">that\u00a0<\/span><span data-contrast=\"none\">are not safe for\u00a0<\/span><span data-contrast=\"none\">your<\/span><span data-contrast=\"none\">\u00a0child.\u00a0<\/span><span data-ccp-props=\"{&quot;335551550&quot;:6,&quot;335551620&quot;:6}\">\u00a0<\/span><\/p>\n<p><b><span data-contrast=\"none\">Compatible with all car seats and infant carriers<\/span><\/b><span data-ccp-props=\"{&quot;335551550&quot;:6,&quot;335551620&quot;:6}\">\u00a0<\/span><\/p>\n<p><span data-contrast=\"none\">Axkid<\/span><span data-contrast=\"none\">\u00a0Connect\u00a0<\/span><span data-contrast=\"none\">is a super slim safety pad that is placed in your child\u2019s car seat. It is comfortable for you<\/span><span data-contrast=\"none\">r<\/span><span data-contrast=\"none\">\u00a0child, easy for you to use and can be easily switched between different cars<\/span><span data-contrast=\"none\">.\u00a0<\/span><span data-contrast=\"none\">Since it fits\u00a0<\/span><span data-contrast=\"none\">in all different types of\u00a0<\/span><span data-contrast=\"none\">infant<\/span><span data-contrast=\"none\">\u00a0car seat<\/span><span data-contrast=\"none\">s<\/span><span data-contrast=\"none\">,\u00a0<\/span><span data-contrast=\"none\">child\u00a0<\/span><span data-contrast=\"none\">car seats, and booster seats on the market, it can be used for a long\u00a0<\/span><span data-contrast=\"none\">period of\u00a0<\/span><span data-contrast=\"none\">time and even shared with others.\u00a0<\/span><span data-ccp-props=\"{&quot;134233117&quot;:true,&quot;134233118&quot;:true,&quot;335551550&quot;:6,&quot;335551620&quot;:6}\">\u00a0<\/span><\/p>\n<p><b><span data-contrast=\"none\">Smart reminders and temperature alarms<\/span><\/b><span data-ccp-props=\"{&quot;134233117&quot;:true,&quot;134233118&quot;:true,&quot;335551550&quot;:6,&quot;335551620&quot;:6}\">\u00a0<\/span><\/p>\n<p><span data-contrast=\"none\">The safety pad\u00a0<\/span><span data-contrast=\"none\">Axkid<\/span><span data-contrast=\"none\">\u00a0Connect\u00a0<\/span><span data-contrast=\"none\">will\u00a0<\/span><span data-contrast=\"none\">let you know when it is time for you and your child to take a break. The safety pad is set, according to<\/span><span data-contrast=\"none\">\u00a0<\/span><span data-contrast=\"none\">Axkid<\/span><span data-contrast=\"none\">\u2019<\/span><span data-contrast=\"none\">s<\/span><span data-contrast=\"none\">\u00a0re<\/span><span data-contrast=\"none\">commendations, at 45 minutes for<\/span><span data-contrast=\"none\">\u00a0<\/span><span data-contrast=\"none\">infant<\/span><span data-contrast=\"none\">\u00a0car seat<\/span><span data-contrast=\"none\">s<\/span><span data-contrast=\"none\">\u00a0and\u00a0<\/span><span data-contrast=\"none\">90 minu<\/span><span data-contrast=\"none\">tes for child\u00a0<\/span><span data-contrast=\"none\">car seats and booster seats<\/span><span data-contrast=\"none\">.\u00a0<\/span><\/p>\n<p><span data-contrast=\"none\">Axkid<\/span><span data-contrast=\"none\">\u00a0Connect also alerts when the car temperature is too high and needs to be adjusted. The inside of a car heats up very\u00a0<\/span><span data-contrast=\"none\">quickly during warm days and unfortunately accidents do happen where children are left behind in overheated cars<\/span><span data-contrast=\"none\">.<\/span><span data-contrast=\"none\">\u00a0<\/span><\/p>\n<p><span data-contrast=\"none\">By using\u00a0<\/span><span data-contrast=\"none\">A<\/span><span data-contrast=\"none\">xkid<\/span><span data-contrast=\"none\">\u00a0<\/span><span data-contrast=\"none\">Connect<\/span><span data-contrast=\"none\">\u2019<\/span><span data-contrast=\"none\">s<\/span><span data-contrast=\"none\">\u00a0<\/span><span data-contrast=\"none\">temperature warning system, you minimize the risk of overheating<\/span><span data-contrast=\"none\">.<\/span><span data-contrast=\"none\">\u00a0<\/span><span data-contrast=\"none\">You will also get a notification if you leave the car and your child is\u00a0<\/span><span data-contrast=\"none\">still seated in the child car seat<\/span><span data-contrast=\"none\">.<\/span><span data-contrast=\"none\">\u00a0<\/span><span data-contrast=\"none\">Axkid<\/span><span data-contrast=\"none\">\u00a0Connect th<\/span><span data-contrast=\"none\">ereby<\/span><span data-contrast=\"none\">\u00a0reduces the risk of your child becoming overheated and ensures your child&rsquo;s well-being throughout the\u00a0<\/span><span data-contrast=\"none\">trip<\/span><span data-contrast=\"none\">.<\/span><span data-ccp-props=\"{&quot;134233117&quot;:true,&quot;134233118&quot;:true,&quot;335551550&quot;:6,&quot;335551620&quot;:6}\">\u00a0<\/span><\/p>\n<p><b><span data-contrast=\"none\">A free\u00a0<\/span><\/b><b><span data-contrast=\"none\">APP<\/span><\/b><b><span data-contrast=\"none\">\u00a0that makes everyday life easier<\/span><\/b><span data-ccp-props=\"{&quot;134233117&quot;:true,&quot;134233118&quot;:true,&quot;335551550&quot;:6,&quot;335551620&quot;:6}\">\u00a0<\/span><\/p>\n<p><span data-contrast=\"none\">It\u2019s easy to<\/span><span data-contrast=\"none\">\u00a0<\/span><span data-contrast=\"none\">connect the safety pad to your smartphone via\u00a0<\/span><span data-contrast=\"none\">Bluetooth\u00a0<\/span><span data-contrast=\"none\">and\u00a0<\/span><span data-contrast=\"none\">the\u00a0<\/span><span data-contrast=\"none\">Axkid<\/span><span data-contrast=\"none\">\u00a0Connect<\/span><span data-contrast=\"none\">\u00a0<\/span><span data-contrast=\"none\">app.\u00a0<\/span><span data-contrast=\"none\">Download and install the app\u00a0<\/span><span data-contrast=\"none\">Axkid<\/span><span data-contrast=\"none\">\u00a0Connect for free to your smartphone<\/span><span data-contrast=\"none\">\u00a0(works on\u00a0<\/span><span data-contrast=\"none\">iP<\/span><span data-contrast=\"none\">hone or Android)<\/span><span data-contrast=\"none\">. Through the<\/span><span data-contrast=\"none\">\u00a0<\/span><span data-contrast=\"auto\">Axkid<\/span><span data-contrast=\"auto\">\u00a0Connect<\/span><span data-contrast=\"auto\">\u00a0<\/span><span data-contrast=\"auto\">app<\/span><span data-contrast=\"auto\">\u00a0you\u00a0<\/span><span data-contrast=\"auto\">can<\/span><span data-contrast=\"auto\">\u00a0access<\/span><span data-contrast=\"auto\">\u00a0<\/span><span data-contrast=\"none\">manuals, product descriptions and installation movies which also makes the installation of your\u00a0<\/span><span data-contrast=\"none\">Axkid<\/span><span data-contrast=\"none\">\u00a0car seat easier.\u00a0<\/span><span data-ccp-props=\"{&quot;134233117&quot;:true,&quot;134233118&quot;:true,&quot;335551550&quot;:6,&quot;335551620&quot;:6}\">\u00a0<\/span><\/p>\n<p><span data-contrast=\"auto\">You connect one safety pad per child car seat. You can connect up to two smartphones to each car seat.<\/span><span data-contrast=\"auto\">\u00a0When changing car seat, you easily<\/span><span data-contrast=\"auto\">\u00a0switch connection to\u00a0<\/span><span data-contrast=\"auto\">the new\u00a0<\/span><span data-contrast=\"auto\">car seat\u00a0<\/span><span data-contrast=\"auto\">and t<\/span><span data-contrast=\"auto\">hereby<\/span><span data-contrast=\"auto\">\u00a0gain access to\u00a0<\/span><span data-contrast=\"auto\">the\u00a0<\/span><span data-contrast=\"auto\">installation\u00a0<\/span><span data-contrast=\"auto\">assistance<\/span><span data-contrast=\"auto\">.\u00a0<\/span><span data-contrast=\"auto\">If you don\u2019t use an\u00a0<\/span><span data-contrast=\"auto\">Axkid<\/span><span data-contrast=\"auto\">\u00a0car seat you choose \u201cother model\u201d when connect<\/span><span data-contrast=\"auto\">ing<\/span><span data-contrast=\"auto\">.\u00a0<\/span><\/p>\n<p><i><span data-contrast=\"auto\">Please note that you don\u2019t get access to\u00a0<\/span><\/i><i><span data-contrast=\"none\">manuals, product descriptions and installation movies when connecting\u00a0<\/span><\/i><i><span data-contrast=\"none\">to other\u00a0<\/span><\/i><i><span data-contrast=\"none\">model<\/span><\/i><i><span data-contrast=\"none\">s<\/span><\/i><i><span data-contrast=\"none\">\u00a0than\u00a0<\/span><\/i><i><span data-contrast=\"none\">Axkid\u2019s<\/span><\/i><i><span data-contrast=\"none\">\u00a0child car seats.<\/span><\/i><span data-contrast=\"none\">\u00a0<\/span><i><span data-contrast=\"auto\">\u00a0<\/span><\/i><span data-ccp-props=\"{&quot;134233117&quot;:true,&quot;134233118&quot;:true,&quot;335551550&quot;:6,&quot;335551620&quot;:6}\">\u00a0<\/span><\/p>\n<p><span data-contrast=\"auto\">Axkid<\/span><span data-contrast=\"auto\">\u00a0Connect<\/span><span data-contrast=\"auto\">\u00a0help<\/span><span data-contrast=\"auto\">s<\/span><span data-contrast=\"auto\">\u00a0you increase the safety of your child with more than a\u00a0<\/span><span data-contrast=\"auto\">safe child car seat<\/span><span data-contrast=\"auto\">.\u00a0<\/span><span data-contrast=\"auto\">You can always be close to your child and feel secure\u00a0<\/span><span data-contrast=\"auto\">about<\/span><span data-contrast=\"auto\">\u00a0your child\u2019s safety and well-being<\/span><span data-contrast=\"auto\">.\u00a0<\/span><\/p>\n","protected":false},"excerpt":{"rendered":"<p>Le coussin de s\u00e9curit\u00e9 Axkid vous assure que votre enfant reste bien dans son si\u00e8ge. Connectez le coussin de s\u00e9curit\u00e9 \u00e0 votre smartphone et vous serez alert\u00e9s si votre enfant n&rsquo;est pas install\u00e9 de fa\u00e7on s\u00e9curitaire.<\/p>\n","protected":false},"featured_media":2394,"comment_status":"open","ping_status":"closed","template":"","meta":{"_acf_changed":false,"_seopress_robots_primary_cat":"none","_seopress_titles_title":"Axkid Connect | Helps your child to stay safe | Axkid","_seopress_titles_desc":"Alerts when the car temperature needs to be adjusted or when your child has been seated in the car seat for too long. Compatible with all car seats.","_seopress_robots_index":"","content-type":"","_relevanssi_hide_post":"","_relevanssi_hide_content":"","_relevanssi_pin_for_all":"","_relevanssi_pin_keywords":"","_relevanssi_unpin_keywords":"","_relevanssi_related_keywords":"","_relevanssi_related_include_ids":"","_relevanssi_related_exclude_ids":"","_relevanssi_related_no_append":"","_relevanssi_related_not_related":"","_relevanssi_related_posts":"","_relevanssi_noindex_reason":"","editor_notices":[]},"product_brand":[],"product_cat":[17,502,507,505],"product_tag":[],"class_list":{"0":"post-1410","1":"product","2":"type-product","3":"status-publish","4":"has-post-thumbnail","6":"product_cat-accessoires","7":"product_cat-accessoires-de-sieges-auto","8":"product_cat-protection-contre-le-soleil","9":"product_cat-tous-les-accessoires-de-sieges-auto","11":"first","12":"instock","13":"taxable","14":"shipping-taxable","15":"purchasable","16":"product-type-simple"},"bundled_by":[],"bundle_stock_status":"instock","bundle_stock_quantity":5,"bundle_virtual":false,"bundle_layout":"","bundle_add_to_cart_form_location":"","bundle_editable_in_cart":false,"bundle_sold_individually_context":"","bundle_item_grouping":"","bundle_min_size":"","bundle_max_size":"","bundle_price":[],"bundled_items":[],"bundle_sell_ids":[],"acf":[],"jetpack_sharing_enabled":true,"_links":{"self":[{"href":"https:\/\/axkid.com\/fr\/wp-json\/wp\/v2\/product\/1410","targetHints":{"allow":["GET"]}}],"collection":[{"href":"https:\/\/axkid.com\/fr\/wp-json\/wp\/v2\/product"}],"about":[{"href":"https:\/\/axkid.com\/fr\/wp-json\/wp\/v2\/types\/product"}],"replies":[{"embeddable":true,"href":"https:\/\/axkid.com\/fr\/wp-json\/wp\/v2\/comments?post=1410"}],"wp:featuredmedia":[{"embeddable":true,"href":"https:\/\/axkid.com\/fr\/wp-json\/wp\/v2\/media\/2394"}],"wp:attachment":[{"href":"https:\/\/axkid.com\/fr\/wp-json\/wp\/v2\/media?parent=1410"}],"wp:term":[{"taxonomy":"product_brand","embeddable":true,"href":"https:\/\/axkid.com\/fr\/wp-json\/wp\/v2\/product_brand?post=1410"},{"taxonomy":"product_cat","embeddable":true,"href":"https:\/\/axkid.com\/fr\/wp-json\/wp\/v2\/product_cat?post=1410"},{"taxonomy":"product_tag","embeddable":true,"href":"https:\/\/axkid.com\/fr\/wp-json\/wp\/v2\/product_tag?post=1410"}],"curies":[{"name":"wp","href":"https:\/\/api.w.org\/{rel}","templated":true}]}}