{"id":15353,"date":"2023-04-28T08:50:27","date_gmt":"2023-04-28T07:50:27","guid":{"rendered":"https:\/\/axkid.com\/?post_type=product&#038;p=15353"},"modified":"2026-05-05T20:12:17","modified_gmt":"2026-05-05T19:12:17","slug":"newborninsert-one-2","status":"publish","type":"product","link":"https:\/\/axkid.com\/fr\/product\/newborninsert-one-2\/","title":{"rendered":"Insert nouveau n\u00e9  &#8211; ONE 3"},"content":{"rendered":"<p>Convert your Axkid ONE car seat to a baby car seat. The insert allows a newborn child between up to 60 cm to travel in an Axkid ONE. Included when purchasing Axkid ONE+ 2. Fits all Axkid ONE and ONE 2 models.<\/p>\n","protected":false},"excerpt":{"rendered":"<p>Ce r\u00e9ducteur b\u00e9b\u00e9 offre une position plus adapt\u00e9e au nouveau-n\u00e9 entre 0 et 60 cm.Inclus lors de l&rsquo;achat d&rsquo;Axkid ONE+2.Convient \u00e0 Axkid ONE, Axkid ONE+, Axkid ONE 2, Axkid ONE+2, Axkid ONE 3 et Axkid One +3.<\/p>\n","protected":false},"featured_media":15354,"comment_status":"closed","ping_status":"closed","template":"","meta":{"_acf_changed":false,"_seopress_robots_primary_cat":"none","_seopress_titles_title":"","_seopress_titles_desc":"","_seopress_robots_index":"","content-type":"","_relevanssi_hide_post":"","_relevanssi_hide_content":"","_relevanssi_pin_for_all":"","_relevanssi_pin_keywords":"","_relevanssi_unpin_keywords":"","_relevanssi_related_keywords":"","_relevanssi_related_include_ids":"","_relevanssi_related_exclude_ids":"","_relevanssi_related_no_append":"","_relevanssi_related_not_related":"","_relevanssi_related_posts":"","_relevanssi_noindex_reason":"","editor_notices":[]},"product_brand":[],"product_cat":[17,502,516,375,435,512],"product_tag":[],"class_list":{"0":"post-15353","1":"product","2":"type-product","3":"status-publish","4":"has-post-thumbnail","6":"product_cat-accessoires","7":"product_cat-accessoires-de-sieges-auto","8":"product_cat-divers","9":"product_cat-pieces-detachees","10":"product_cat-reducteurs","11":"product_cat-toutes-les-pieces-detachees","13":"first","14":"instock","15":"taxable","16":"shipping-taxable","17":"purchasable","18":"product-type-simple"},"bundled_by":[],"bundle_stock_status":"instock","bundle_stock_quantity":1,"bundle_virtual":false,"bundle_layout":"","bundle_add_to_cart_form_location":"","bundle_editable_in_cart":false,"bundle_sold_individually_context":"","bundle_item_grouping":"","bundle_min_size":"","bundle_max_size":"","bundle_price":[],"bundled_items":[],"bundle_sell_ids":[],"acf":[],"jetpack_sharing_enabled":true,"_links":{"self":[{"href":"https:\/\/axkid.com\/fr\/wp-json\/wp\/v2\/product\/15353","targetHints":{"allow":["GET"]}}],"collection":[{"href":"https:\/\/axkid.com\/fr\/wp-json\/wp\/v2\/product"}],"about":[{"href":"https:\/\/axkid.com\/fr\/wp-json\/wp\/v2\/types\/product"}],"replies":[{"embeddable":true,"href":"https:\/\/axkid.com\/fr\/wp-json\/wp\/v2\/comments?post=15353"}],"wp:featuredmedia":[{"embeddable":true,"href":"https:\/\/axkid.com\/fr\/wp-json\/wp\/v2\/media\/15354"}],"wp:attachment":[{"href":"https:\/\/axkid.com\/fr\/wp-json\/wp\/v2\/media?parent=15353"}],"wp:term":[{"taxonomy":"product_brand","embeddable":true,"href":"https:\/\/axkid.com\/fr\/wp-json\/wp\/v2\/product_brand?post=15353"},{"taxonomy":"product_cat","embeddable":true,"href":"https:\/\/axkid.com\/fr\/wp-json\/wp\/v2\/product_cat?post=15353"},{"taxonomy":"product_tag","embeddable":true,"href":"https:\/\/axkid.com\/fr\/wp-json\/wp\/v2\/product_tag?post=15353"}],"curies":[{"name":"wp","href":"https:\/\/api.w.org\/{rel}","templated":true}]}}