{"id":156814,"date":"2024-09-13T14:09:57","date_gmt":"2024-09-13T13:09:57","guid":{"rendered":"https:\/\/axkid.com\/fr\/?post_type=product&#038;p=156814"},"modified":"2026-04-21T08:07:27","modified_gmt":"2026-04-21T07:07:27","slug":"protection-de-siege-premium-3-en-1","status":"publish","type":"product","link":"https:\/\/axkid.com\/fr\/product\/protection-de-siege-premium-3-en-1\/","title":{"rendered":"Protection de  si\u00e8ge Premium 3 en 1"},"content":{"rendered":"","protected":false},"excerpt":{"rendered":"<p>Prot\u00e8ge si\u00e8ge ayant fait l&rsquo;objet d&rsquo;un test de collision, utilisable avec les si\u00e8ges pour enfants dos \u00e0 la route et face \u00e0 la route. La solution parfaite pour prot\u00e9ger l&rsquo;int\u00e9rieur de votre voiture tout en am\u00e9liorant le confort et la s\u00e9curit\u00e9 gr\u00e2ce \u00e0 la technologie antid\u00e9rapante. Con\u00e7u pour durer tout au long de l&rsquo;enfance et soumis \u00e0 des crash-tests incluant une tablette pour garantir la s\u00e9curit\u00e9 de votre enfant dans toutes ses aventures.<\/p>\n","protected":false},"featured_media":3700000779444,"comment_status":"open","ping_status":"closed","template":"","meta":{"_acf_changed":false,"_seopress_robots_primary_cat":"none","_seopress_titles_title":"","_seopress_titles_desc":"Prot\u00e8ge si\u00e8ge ayant fait l'objet d'un test de collision, utilisable avec les si\u00e8ges pour enfants dos \u00e0 la route et face \u00e0 la route.","_seopress_robots_index":"","content-type":"","_relevanssi_hide_post":"","_relevanssi_hide_content":"","_relevanssi_pin_for_all":"","_relevanssi_pin_keywords":"","_relevanssi_unpin_keywords":"","_relevanssi_related_keywords":"","_relevanssi_related_include_ids":"","_relevanssi_related_exclude_ids":"","_relevanssi_related_no_append":"","_relevanssi_related_not_related":"","_relevanssi_related_posts":"","_relevanssi_noindex_reason":"","editor_notices":[]},"product_brand":[],"product_cat":[17,503,436,511],"product_tag":[],"class_list":{"0":"post-156814","1":"product","2":"type-product","3":"status-publish","4":"has-post-thumbnail","6":"product_cat-accessoires","7":"product_cat-accessoires-de-voiture","8":"product_cat-protection-siege-rangement","9":"product_cat-tous-les-accessoires-de-voiture","11":"first","12":"instock","13":"taxable","14":"shipping-taxable","15":"purchasable","16":"product-type-simple"},"bundled_by":[],"bundle_stock_status":"instock","bundle_stock_quantity":48,"bundle_virtual":false,"bundle_layout":"","bundle_add_to_cart_form_location":"","bundle_editable_in_cart":false,"bundle_sold_individually_context":"","bundle_item_grouping":"","bundle_min_size":"","bundle_max_size":"","bundle_price":[],"bundled_items":[],"bundle_sell_ids":[],"acf":[],"jetpack_sharing_enabled":true,"_links":{"self":[{"href":"https:\/\/axkid.com\/fr\/wp-json\/wp\/v2\/product\/156814","targetHints":{"allow":["GET"]}}],"collection":[{"href":"https:\/\/axkid.com\/fr\/wp-json\/wp\/v2\/product"}],"about":[{"href":"https:\/\/axkid.com\/fr\/wp-json\/wp\/v2\/types\/product"}],"replies":[{"embeddable":true,"href":"https:\/\/axkid.com\/fr\/wp-json\/wp\/v2\/comments?post=156814"}],"wp:featuredmedia":[{"embeddable":true,"href":"https:\/\/axkid.com\/fr\/wp-json\/"}],"wp:attachment":[{"href":"https:\/\/axkid.com\/fr\/wp-json\/wp\/v2\/media?parent=156814"}],"wp:term":[{"taxonomy":"product_brand","embeddable":true,"href":"https:\/\/axkid.com\/fr\/wp-json\/wp\/v2\/product_brand?post=156814"},{"taxonomy":"product_cat","embeddable":true,"href":"https:\/\/axkid.com\/fr\/wp-json\/wp\/v2\/product_cat?post=156814"},{"taxonomy":"product_tag","embeddable":true,"href":"https:\/\/axkid.com\/fr\/wp-json\/wp\/v2\/product_tag?post=156814"}],"curies":[{"name":"wp","href":"https:\/\/api.w.org\/{rel}","templated":true}]}}