{"id":15719,"date":"2023-06-01T09:49:55","date_gmt":"2023-06-01T08:49:55","guid":{"rendered":"https:\/\/axkid.com\/?post_type=product&#038;p=15719"},"modified":"2026-05-15T09:07:26","modified_gmt":"2026-05-15T08:07:26","slug":"attachment-loops-120-mm","status":"publish","type":"product","link":"https:\/\/axkid.com\/fr\/product\/attachment-loops-120-mm\/","title":{"rendered":"Anneaux d\u2019ancrage \/ loops 120 mm"},"content":{"rendered":"<p>Axkid Attachment Loops are designed to simplify installing the car seat in your vehicle.\u00a0 These loops can be fitted under the seat rails of the front seat to allow easy attachment of the Axkid Minikid tensioners direct to the car with no need for additional tethers.<\/p>\n<p>Two attachment loops in each pack.<\/p>\n<p>Length 120mm.<\/p>\n<p>Other lengths exist: <a href=\"https:\/\/axkid.com\/fr\/product\/attachment-loops\/\">70 mm<\/a>\u00a0 and <a href=\"https:\/\/axkid.com\/fr\/product\/axkid-attachment-loops-160-mm\/\">160<\/a> mm<\/p>\n","protected":false},"excerpt":{"rendered":"<p>Les anneaux de fixation Axkid sont con\u00e7us pour simplifier l&rsquo;installation du si\u00e8ge auto dos \u00e0 la route dans votre v\u00e9hicule.<\/p>\n<p>Deux anneaux de fixation dans chaque pack.<br \/>\nLongueur 120mm.<\/p>\n","protected":false},"featured_media":15726,"comment_status":"closed","ping_status":"closed","template":"","meta":{"_acf_changed":false,"_seopress_robots_primary_cat":"none","_seopress_titles_title":"Axkid attachment loops 120 mm","_seopress_titles_desc":"Axkid Attachment Loops are designed to simplify installing the car seat in your vehicle.","_seopress_robots_index":"","_seopress_analysis_target_kw":"","content-type":"","_relevanssi_hide_post":"","_relevanssi_hide_content":"","_relevanssi_pin_for_all":"","_relevanssi_pin_keywords":"","_relevanssi_unpin_keywords":"","_relevanssi_related_keywords":"","_relevanssi_related_include_ids":"","_relevanssi_related_exclude_ids":"","_relevanssi_related_no_append":"","_relevanssi_related_not_related":"","_relevanssi_related_posts":"","_relevanssi_noindex_reason":"","editor_notices":[]},"product_brand":[],"product_cat":[17,503,502,506,509,438,505],"product_tag":[],"class_list":{"0":"post-15719","1":"product","2":"type-product","3":"status-publish","4":"has-post-thumbnail","6":"product_cat-accessoires","7":"product_cat-accessoires-de-voiture","8":"product_cat-accessoires-de-sieges-auto","9":"product_cat-ameliorer-installation","10":"product_cat-anneaux-dancrage","11":"product_cat-tether-straps","12":"product_cat-tous-les-accessoires-de-sieges-auto","14":"first","15":"instock","16":"taxable","17":"shipping-taxable","18":"purchasable","19":"product-type-simple"},"bundled_by":[],"bundle_stock_status":"instock","bundle_stock_quantity":16,"bundle_virtual":false,"bundle_layout":"","bundle_add_to_cart_form_location":"","bundle_editable_in_cart":false,"bundle_sold_individually_context":"","bundle_item_grouping":"","bundle_min_size":"","bundle_max_size":"","bundle_price":[],"bundled_items":[],"bundle_sell_ids":[],"acf":[],"jetpack_sharing_enabled":true,"_links":{"self":[{"href":"https:\/\/axkid.com\/fr\/wp-json\/wp\/v2\/product\/15719","targetHints":{"allow":["GET"]}}],"collection":[{"href":"https:\/\/axkid.com\/fr\/wp-json\/wp\/v2\/product"}],"about":[{"href":"https:\/\/axkid.com\/fr\/wp-json\/wp\/v2\/types\/product"}],"replies":[{"embeddable":true,"href":"https:\/\/axkid.com\/fr\/wp-json\/wp\/v2\/comments?post=15719"}],"wp:featuredmedia":[{"embeddable":true,"href":"https:\/\/axkid.com\/fr\/wp-json\/wp\/v2\/media\/15726"}],"wp:attachment":[{"href":"https:\/\/axkid.com\/fr\/wp-json\/wp\/v2\/media?parent=15719"}],"wp:term":[{"taxonomy":"product_brand","embeddable":true,"href":"https:\/\/axkid.com\/fr\/wp-json\/wp\/v2\/product_brand?post=15719"},{"taxonomy":"product_cat","embeddable":true,"href":"https:\/\/axkid.com\/fr\/wp-json\/wp\/v2\/product_cat?post=15719"},{"taxonomy":"product_tag","embeddable":true,"href":"https:\/\/axkid.com\/fr\/wp-json\/wp\/v2\/product_tag?post=15719"}],"curies":[{"name":"wp","href":"https:\/\/api.w.org\/{rel}","templated":true}]}}