{"id":161964,"date":"2024-09-13T14:09:34","date_gmt":"2024-09-13T13:09:34","guid":{"rendered":"https:\/\/axkid.com\/fr\/?post_type=product&#038;p=161964"},"modified":"2026-04-28T16:08:04","modified_gmt":"2026-04-28T15:08:04","slug":"panneau-axkid-dos-route-5-x-plus-sur","status":"publish","type":"product","link":"https:\/\/axkid.com\/fr\/product\/panneau-axkid-dos-route-5-x-plus-sur\/","title":{"rendered":"Panneau Axkid Dos route 5 x plus s\u00fbr"},"content":{"rendered":"","protected":false},"excerpt":{"rendered":"<p>Panneau pour signifier aux autres conducteurs que qu\u2019un enfant est \u00e0 bord. En cas d\u2019accident, le personnel m\u00e9dical peut facilement d\u00e9tecter si la voiture transporte des enfants et donner la priorit\u00e9 \u00e0 l&rsquo;aide m\u00e9dicale. Fabriqu\u00e9 \u00e0 partir de mat\u00e9riaux de haute qualit\u00e9 dans une couleur vive et attrayante. En prime, vous contribuez \u00e0 faire conna\u00eetre les avantages de l&rsquo;orientation dos \u00e0 la route en mati\u00e8re de s\u00e9curit\u00e9.<\/p>\n","protected":false},"featured_media":3700000779437,"comment_status":"open","ping_status":"closed","template":"","meta":{"_acf_changed":false,"_seopress_robots_primary_cat":"none","_seopress_titles_title":"","_seopress_titles_desc":"","_seopress_robots_index":"","content-type":"","_relevanssi_hide_post":"","_relevanssi_hide_content":"","_relevanssi_pin_for_all":"","_relevanssi_pin_keywords":"","_relevanssi_unpin_keywords":"","_relevanssi_related_keywords":"","_relevanssi_related_include_ids":"","_relevanssi_related_exclude_ids":"","_relevanssi_related_no_append":"","_relevanssi_related_not_related":"","_relevanssi_related_posts":"","_relevanssi_noindex_reason":"","editor_notices":[]},"product_brand":[],"product_cat":[17,503,510,511],"product_tag":[],"class_list":{"0":"post-161964","1":"product","2":"type-product","3":"status-publish","4":"has-post-thumbnail","6":"product_cat-accessoires","7":"product_cat-accessoires-de-voiture","8":"product_cat-securite-a-bord","9":"product_cat-tous-les-accessoires-de-voiture","11":"first","12":"instock","13":"taxable","14":"shipping-taxable","15":"purchasable","16":"product-type-simple"},"bundled_by":[],"bundle_stock_status":"instock","bundle_stock_quantity":27,"bundle_virtual":false,"bundle_layout":"","bundle_add_to_cart_form_location":"","bundle_editable_in_cart":false,"bundle_sold_individually_context":"","bundle_item_grouping":"","bundle_min_size":"","bundle_max_size":"","bundle_price":[],"bundled_items":[],"bundle_sell_ids":[],"acf":[],"jetpack_sharing_enabled":true,"_links":{"self":[{"href":"https:\/\/axkid.com\/fr\/wp-json\/wp\/v2\/product\/161964","targetHints":{"allow":["GET"]}}],"collection":[{"href":"https:\/\/axkid.com\/fr\/wp-json\/wp\/v2\/product"}],"about":[{"href":"https:\/\/axkid.com\/fr\/wp-json\/wp\/v2\/types\/product"}],"replies":[{"embeddable":true,"href":"https:\/\/axkid.com\/fr\/wp-json\/wp\/v2\/comments?post=161964"}],"wp:featuredmedia":[{"embeddable":true,"href":"https:\/\/axkid.com\/fr\/wp-json\/"}],"wp:attachment":[{"href":"https:\/\/axkid.com\/fr\/wp-json\/wp\/v2\/media?parent=161964"}],"wp:term":[{"taxonomy":"product_brand","embeddable":true,"href":"https:\/\/axkid.com\/fr\/wp-json\/wp\/v2\/product_brand?post=161964"},{"taxonomy":"product_cat","embeddable":true,"href":"https:\/\/axkid.com\/fr\/wp-json\/wp\/v2\/product_cat?post=161964"},{"taxonomy":"product_tag","embeddable":true,"href":"https:\/\/axkid.com\/fr\/wp-json\/wp\/v2\/product_tag?post=161964"}],"curies":[{"name":"wp","href":"https:\/\/api.w.org\/{rel}","templated":true}]}}