{"id":162079,"date":"2025-04-22T08:00:54","date_gmt":"2025-04-22T07:00:54","guid":{"rendered":"https:\/\/axkid.com\/fr\/?post_type=product&#038;p=162079"},"modified":"2026-04-28T20:07:11","modified_gmt":"2026-04-28T19:07:11","slug":"pare-soleil-pour-vitres-de-voiture-extensible","status":"publish","type":"product","link":"https:\/\/axkid.com\/fr\/product\/pare-soleil-pour-vitres-de-voiture-extensible\/","title":{"rendered":"Pare-soleil pour vitres de voiture &#8211; Extensible"},"content":{"rendered":"","protected":false},"excerpt":{"rendered":"<p>Con\u00e7us pour offrir une protection solaire optimale sous une forme compacte et flexible. Livr\u00e9s en paquet de trois, un pour la vitre arri\u00e8re et deux pour les vitres lat\u00e9rales, ils constituent un moyen simple et efficace de prot\u00e9ger votre enfant des rayons du soleil pendant les trajets en voiture.<\/p>\n","protected":false},"featured_media":3700000779332,"comment_status":"open","ping_status":"closed","template":"","meta":{"_acf_changed":false,"_seopress_robots_primary_cat":"none","_seopress_titles_title":"","_seopress_titles_desc":"","_seopress_robots_index":"","content-type":"","_relevanssi_hide_post":"","_relevanssi_hide_content":"","_relevanssi_pin_for_all":"","_relevanssi_pin_keywords":"","_relevanssi_unpin_keywords":"","_relevanssi_related_keywords":"","_relevanssi_related_include_ids":"","_relevanssi_related_exclude_ids":"","_relevanssi_related_no_append":"","_relevanssi_related_not_related":"","_relevanssi_related_posts":"","_relevanssi_noindex_reason":"","editor_notices":[]},"product_brand":[],"product_cat":[17,503,437,511],"product_tag":[],"class_list":{"0":"post-162079","1":"product","2":"type-product","3":"status-publish","4":"has-post-thumbnail","6":"product_cat-accessoires","7":"product_cat-accessoires-de-voiture","8":"product_cat-pare-soleil","9":"product_cat-tous-les-accessoires-de-voiture","11":"first","12":"instock","13":"taxable","14":"shipping-taxable","15":"purchasable","16":"product-type-simple"},"bundled_by":[],"bundle_stock_status":"instock","bundle_stock_quantity":40,"bundle_virtual":false,"bundle_layout":"","bundle_add_to_cart_form_location":"","bundle_editable_in_cart":false,"bundle_sold_individually_context":"","bundle_item_grouping":"","bundle_min_size":"","bundle_max_size":"","bundle_price":[],"bundled_items":[],"bundle_sell_ids":[],"acf":[],"jetpack_sharing_enabled":true,"_links":{"self":[{"href":"https:\/\/axkid.com\/fr\/wp-json\/wp\/v2\/product\/162079","targetHints":{"allow":["GET"]}}],"collection":[{"href":"https:\/\/axkid.com\/fr\/wp-json\/wp\/v2\/product"}],"about":[{"href":"https:\/\/axkid.com\/fr\/wp-json\/wp\/v2\/types\/product"}],"replies":[{"embeddable":true,"href":"https:\/\/axkid.com\/fr\/wp-json\/wp\/v2\/comments?post=162079"}],"wp:featuredmedia":[{"embeddable":true,"href":"https:\/\/axkid.com\/fr\/wp-json\/"}],"wp:attachment":[{"href":"https:\/\/axkid.com\/fr\/wp-json\/wp\/v2\/media?parent=162079"}],"wp:term":[{"taxonomy":"product_brand","embeddable":true,"href":"https:\/\/axkid.com\/fr\/wp-json\/wp\/v2\/product_brand?post=162079"},{"taxonomy":"product_cat","embeddable":true,"href":"https:\/\/axkid.com\/fr\/wp-json\/wp\/v2\/product_cat?post=162079"},{"taxonomy":"product_tag","embeddable":true,"href":"https:\/\/axkid.com\/fr\/wp-json\/wp\/v2\/product_tag?post=162079"}],"curies":[{"name":"wp","href":"https:\/\/api.w.org\/{rel}","templated":true}]}}