{"id":162437,"date":"2024-09-13T14:11:59","date_gmt":"2024-09-13T13:11:59","guid":{"rendered":"https:\/\/axkid.com\/fr\/?post_type=product&#038;p=162437"},"modified":"2026-05-13T20:07:48","modified_gmt":"2026-05-13T19:07:48","slug":"tapis-a-langer-nomade-double-fonction","status":"publish","type":"product","link":"https:\/\/axkid.com\/fr\/product\/tapis-a-langer-nomade-double-fonction\/","title":{"rendered":"Tapis \u00e0 langer nomade double fonction"},"content":{"rendered":"","protected":false},"excerpt":{"rendered":"<p>Ce tapis \u00e0 langer nomade a une double fonction : il prot\u00e8ge le dossier du si\u00e8ge pendant le trajet et offre une surface propre et pratique pour changer la couche de votre enfant, o\u00f9 que vous soyez. Les si\u00e8ges de voiture sont prot\u00e9g\u00e9s contre les accidents, les fuites et les taches, ce qui facilite la t\u00e2che des parents en d\u00e9placement.<\/p>\n","protected":false},"featured_media":3700000779357,"comment_status":"open","ping_status":"closed","template":"","meta":{"_acf_changed":false,"_seopress_robots_primary_cat":"none","_seopress_titles_title":"","_seopress_titles_desc":"","_seopress_robots_index":"","_seopress_analysis_target_kw":"","content-type":"","_relevanssi_hide_post":"","_relevanssi_hide_content":"","_relevanssi_pin_for_all":"","_relevanssi_pin_keywords":"","_relevanssi_unpin_keywords":"","_relevanssi_related_keywords":"","_relevanssi_related_include_ids":"","_relevanssi_related_exclude_ids":"","_relevanssi_related_no_append":"","_relevanssi_related_not_related":"","_relevanssi_related_posts":"","_relevanssi_noindex_reason":"","editor_notices":[]},"product_brand":[],"product_cat":[17,503,502,436,511],"product_tag":[],"class_list":{"0":"post-162437","1":"product","2":"type-product","3":"status-publish","4":"has-post-thumbnail","6":"product_cat-accessoires","7":"product_cat-accessoires-de-voiture","8":"product_cat-accessoires-de-sieges-auto","9":"product_cat-protection-siege-rangement","10":"product_cat-tous-les-accessoires-de-voiture","12":"first","13":"instock","14":"taxable","15":"shipping-taxable","16":"purchasable","17":"product-type-simple"},"bundled_by":[],"bundle_stock_status":"instock","bundle_stock_quantity":6,"bundle_virtual":false,"bundle_layout":"","bundle_add_to_cart_form_location":"","bundle_editable_in_cart":false,"bundle_sold_individually_context":"","bundle_item_grouping":"","bundle_min_size":"","bundle_max_size":"","bundle_price":[],"bundled_items":[],"bundle_sell_ids":[],"acf":[],"jetpack_sharing_enabled":true,"_links":{"self":[{"href":"https:\/\/axkid.com\/fr\/wp-json\/wp\/v2\/product\/162437","targetHints":{"allow":["GET"]}}],"collection":[{"href":"https:\/\/axkid.com\/fr\/wp-json\/wp\/v2\/product"}],"about":[{"href":"https:\/\/axkid.com\/fr\/wp-json\/wp\/v2\/types\/product"}],"replies":[{"embeddable":true,"href":"https:\/\/axkid.com\/fr\/wp-json\/wp\/v2\/comments?post=162437"}],"wp:featuredmedia":[{"embeddable":true,"href":"https:\/\/axkid.com\/fr\/wp-json\/"}],"wp:attachment":[{"href":"https:\/\/axkid.com\/fr\/wp-json\/wp\/v2\/media?parent=162437"}],"wp:term":[{"taxonomy":"product_brand","embeddable":true,"href":"https:\/\/axkid.com\/fr\/wp-json\/wp\/v2\/product_brand?post=162437"},{"taxonomy":"product_cat","embeddable":true,"href":"https:\/\/axkid.com\/fr\/wp-json\/wp\/v2\/product_cat?post=162437"},{"taxonomy":"product_tag","embeddable":true,"href":"https:\/\/axkid.com\/fr\/wp-json\/wp\/v2\/product_tag?post=162437"}],"curies":[{"name":"wp","href":"https:\/\/api.w.org\/{rel}","templated":true}]}}