{"id":162456,"date":"2024-09-13T14:12:44","date_gmt":"2024-09-13T13:12:44","guid":{"rendered":"https:\/\/axkid.com\/fr\/?post_type=product&#038;p=162456"},"modified":"2026-04-17T20:07:16","modified_gmt":"2026-04-17T19:07:16","slug":"housse-de-siege-auto-anti-chaleur","status":"publish","type":"product","link":"https:\/\/axkid.com\/fr\/product\/housse-de-siege-auto-anti-chaleur\/","title":{"rendered":"Housse de si\u00e8ge auto Anti Chaleur"},"content":{"rendered":"","protected":false},"excerpt":{"rendered":"<p>Prot\u00e8ge le si\u00e8ge auto de votre enfant du soleil et le garde au frais. Fabriqu\u00e9 \u00e0 partir d&rsquo;un mat\u00e9riau durable et r\u00e9fl\u00e9chissant, il s&rsquo;adapte \u00e0 tous les mod\u00e8les.<\/p>\n","protected":false},"featured_media":3700000779433,"comment_status":"open","ping_status":"closed","template":"","meta":{"_acf_changed":false,"_seopress_robots_primary_cat":"none","_seopress_titles_title":"","_seopress_titles_desc":"","_seopress_robots_index":"","content-type":"","_relevanssi_hide_post":"","_relevanssi_hide_content":"","_relevanssi_pin_for_all":"","_relevanssi_pin_keywords":"","_relevanssi_unpin_keywords":"","_relevanssi_related_keywords":"","_relevanssi_related_include_ids":"","_relevanssi_related_exclude_ids":"","_relevanssi_related_no_append":"","_relevanssi_related_not_related":"","_relevanssi_related_posts":"","_relevanssi_noindex_reason":"","editor_notices":[]},"product_brand":[],"product_cat":[502,434,507,505],"product_tag":[],"class_list":{"0":"post-162456","1":"product","2":"type-product","3":"status-publish","4":"has-post-thumbnail","6":"product_cat-accessoires-de-sieges-auto","7":"product_cat-housse-de-protection","8":"product_cat-protection-contre-le-soleil","9":"product_cat-tous-les-accessoires-de-sieges-auto","11":"first","12":"instock","13":"taxable","14":"shipping-taxable","15":"purchasable","16":"product-type-simple"},"bundled_by":[],"bundle_stock_status":"instock","bundle_stock_quantity":16,"bundle_virtual":false,"bundle_layout":"","bundle_add_to_cart_form_location":"","bundle_editable_in_cart":false,"bundle_sold_individually_context":"","bundle_item_grouping":"","bundle_min_size":"","bundle_max_size":"","bundle_price":[],"bundled_items":[],"bundle_sell_ids":[],"acf":[],"jetpack_sharing_enabled":true,"_links":{"self":[{"href":"https:\/\/axkid.com\/fr\/wp-json\/wp\/v2\/product\/162456","targetHints":{"allow":["GET"]}}],"collection":[{"href":"https:\/\/axkid.com\/fr\/wp-json\/wp\/v2\/product"}],"about":[{"href":"https:\/\/axkid.com\/fr\/wp-json\/wp\/v2\/types\/product"}],"replies":[{"embeddable":true,"href":"https:\/\/axkid.com\/fr\/wp-json\/wp\/v2\/comments?post=162456"}],"wp:featuredmedia":[{"embeddable":true,"href":"https:\/\/axkid.com\/fr\/wp-json\/"}],"wp:attachment":[{"href":"https:\/\/axkid.com\/fr\/wp-json\/wp\/v2\/media?parent=162456"}],"wp:term":[{"taxonomy":"product_brand","embeddable":true,"href":"https:\/\/axkid.com\/fr\/wp-json\/wp\/v2\/product_brand?post=162456"},{"taxonomy":"product_cat","embeddable":true,"href":"https:\/\/axkid.com\/fr\/wp-json\/wp\/v2\/product_cat?post=162456"},{"taxonomy":"product_tag","embeddable":true,"href":"https:\/\/axkid.com\/fr\/wp-json\/wp\/v2\/product_tag?post=162456"}],"curies":[{"name":"wp","href":"https:\/\/api.w.org\/{rel}","templated":true}]}}