{"id":162626,"date":"2024-09-13T14:13:42","date_gmt":"2024-09-13T13:13:42","guid":{"rendered":"https:\/\/axkid.com\/fr\/?post_type=product&#038;p=162626"},"modified":"2026-05-01T20:07:12","modified_gmt":"2026-05-01T19:07:12","slug":"pare-soleil-pour-vitres-de-voiture","status":"publish","type":"product","link":"https:\/\/axkid.com\/fr\/product\/pare-soleil-pour-vitres-de-voiture\/","title":{"rendered":"Pare-soleil pour vitres de voiture"},"content":{"rendered":"","protected":false},"excerpt":{"rendered":"<p>Prot\u00e8ge votre enfant des rayons du soleil pendant les trajets en voiture et contribue \u00e0 cr\u00e9er un environnement plus frais et plus confortable dans votre voiture. Con\u00e7u avec une surface adh\u00e9sive pour maintenir le pare-soleil en place tout au long du trajet, sans laisser de r\u00e9sidus.<\/p>\n<p>Chaque paquet comprend deux pare-soleil.<\/p>\n","protected":false},"featured_media":3700000779333,"comment_status":"open","ping_status":"closed","template":"","meta":{"_acf_changed":false,"_seopress_robots_primary_cat":"none","_seopress_titles_title":"","_seopress_titles_desc":"","_seopress_robots_index":"","content-type":"","_relevanssi_hide_post":"","_relevanssi_hide_content":"","_relevanssi_pin_for_all":"","_relevanssi_pin_keywords":"","_relevanssi_unpin_keywords":"","_relevanssi_related_keywords":"","_relevanssi_related_include_ids":"","_relevanssi_related_exclude_ids":"","_relevanssi_related_no_append":"","_relevanssi_related_not_related":"","_relevanssi_related_posts":"","_relevanssi_noindex_reason":"","editor_notices":[]},"product_brand":[],"product_cat":[17,503,437,511],"product_tag":[],"class_list":{"0":"post-162626","1":"product","2":"type-product","3":"status-publish","4":"has-post-thumbnail","6":"product_cat-accessoires","7":"product_cat-accessoires-de-voiture","8":"product_cat-pare-soleil","9":"product_cat-tous-les-accessoires-de-voiture","11":"first","12":"instock","13":"taxable","14":"shipping-taxable","15":"purchasable","16":"product-type-simple"},"bundled_by":[],"bundle_stock_status":"instock","bundle_stock_quantity":32,"bundle_virtual":false,"bundle_layout":"","bundle_add_to_cart_form_location":"","bundle_editable_in_cart":false,"bundle_sold_individually_context":"","bundle_item_grouping":"","bundle_min_size":"","bundle_max_size":"","bundle_price":[],"bundled_items":[],"bundle_sell_ids":[],"acf":[],"jetpack_sharing_enabled":true,"_links":{"self":[{"href":"https:\/\/axkid.com\/fr\/wp-json\/wp\/v2\/product\/162626","targetHints":{"allow":["GET"]}}],"collection":[{"href":"https:\/\/axkid.com\/fr\/wp-json\/wp\/v2\/product"}],"about":[{"href":"https:\/\/axkid.com\/fr\/wp-json\/wp\/v2\/types\/product"}],"replies":[{"embeddable":true,"href":"https:\/\/axkid.com\/fr\/wp-json\/wp\/v2\/comments?post=162626"}],"wp:featuredmedia":[{"embeddable":true,"href":"https:\/\/axkid.com\/fr\/wp-json\/"}],"wp:attachment":[{"href":"https:\/\/axkid.com\/fr\/wp-json\/wp\/v2\/media?parent=162626"}],"wp:term":[{"taxonomy":"product_brand","embeddable":true,"href":"https:\/\/axkid.com\/fr\/wp-json\/wp\/v2\/product_brand?post=162626"},{"taxonomy":"product_cat","embeddable":true,"href":"https:\/\/axkid.com\/fr\/wp-json\/wp\/v2\/product_cat?post=162626"},{"taxonomy":"product_tag","embeddable":true,"href":"https:\/\/axkid.com\/fr\/wp-json\/wp\/v2\/product_tag?post=162626"}],"curies":[{"name":"wp","href":"https:\/\/api.w.org\/{rel}","templated":true}]}}