{"id":186256,"date":"2024-10-08T08:45:27","date_gmt":"2024-10-08T07:45:27","guid":{"rendered":"https:\/\/axkid.com\/fr\/?post_type=product&#038;p=186256"},"modified":"2026-05-15T16:07:55","modified_gmt":"2026-05-15T15:07:55","slug":"boostkid","status":"publish","type":"product","link":"https:\/\/axkid.com\/fr\/product\/boostkid\/","title":{"rendered":"Boostkid"},"content":{"rendered":"","protected":false},"excerpt":{"rendered":"<p>-Boostkid est un r\u00e9hausseur s\u00fbr et ergonomique, con\u00e7u pour les enfants en pleine croissance. Il est dot\u00e9 d&rsquo;un appui-t\u00eate r\u00e9glable, d&rsquo;un dossier rembourr\u00e9 et d&rsquo;ailes lat\u00e9rales. Son design \u00e9l\u00e9gant et l\u00e9ger le rend facile \u00e0 manipuler, tandis que la qualit\u00e9 de ses textiles garantit un confort maximal. &#8211;<\/p>\n","protected":false},"featured_media":186257,"comment_status":"open","ping_status":"closed","template":"","meta":{"_acf_changed":false,"_seopress_robots_primary_cat":"none","_seopress_titles_title":"","_seopress_titles_desc":"","_seopress_robots_index":"","_seopress_analysis_target_kw":"","content-type":"","_relevanssi_hide_post":"","_relevanssi_hide_content":"","_relevanssi_pin_for_all":"","_relevanssi_pin_keywords":"","_relevanssi_unpin_keywords":"","_relevanssi_related_keywords":"","_relevanssi_related_include_ids":"","_relevanssi_related_exclude_ids":"","_relevanssi_related_no_append":"","_relevanssi_related_not_related":"","_relevanssi_related_posts":"","_relevanssi_noindex_reason":"","editor_notices":[]},"product_brand":[],"product_cat":[432,81,18],"product_tag":[71],"class_list":{"0":"post-186256","1":"product","2":"type-product","3":"status-publish","4":"has-post-thumbnail","6":"product_cat-enfant","7":"product_cat-siege-rehausseur","8":"product_cat-sieges-auto","9":"product_tag-rf-car-seats","11":"first","12":"instock","13":"taxable","14":"shipping-taxable","15":"purchasable","16":"product-type-variable","17":"has-default-attributes"},"bundled_by":[],"bundle_stock_status":"instock","bundle_stock_quantity":null,"bundle_virtual":false,"bundle_layout":"","bundle_add_to_cart_form_location":"","bundle_editable_in_cart":false,"bundle_sold_individually_context":"","bundle_item_grouping":"","bundle_min_size":"","bundle_max_size":"","bundle_price":[],"bundled_items":[],"bundle_sell_ids":[],"acf":[],"jetpack_sharing_enabled":true,"_links":{"self":[{"href":"https:\/\/axkid.com\/fr\/wp-json\/wp\/v2\/product\/186256","targetHints":{"allow":["GET"]}}],"collection":[{"href":"https:\/\/axkid.com\/fr\/wp-json\/wp\/v2\/product"}],"about":[{"href":"https:\/\/axkid.com\/fr\/wp-json\/wp\/v2\/types\/product"}],"replies":[{"embeddable":true,"href":"https:\/\/axkid.com\/fr\/wp-json\/wp\/v2\/comments?post=186256"}],"wp:featuredmedia":[{"embeddable":true,"href":"https:\/\/axkid.com\/fr\/wp-json\/wp\/v2\/media\/186257"}],"wp:attachment":[{"href":"https:\/\/axkid.com\/fr\/wp-json\/wp\/v2\/media?parent=186256"}],"wp:term":[{"taxonomy":"product_brand","embeddable":true,"href":"https:\/\/axkid.com\/fr\/wp-json\/wp\/v2\/product_brand?post=186256"},{"taxonomy":"product_cat","embeddable":true,"href":"https:\/\/axkid.com\/fr\/wp-json\/wp\/v2\/product_cat?post=186256"},{"taxonomy":"product_tag","embeddable":true,"href":"https:\/\/axkid.com\/fr\/wp-json\/wp\/v2\/product_tag?post=186256"}],"curies":[{"name":"wp","href":"https:\/\/api.w.org\/{rel}","templated":true}]}}