{"id":186260,"date":"2024-10-02T09:12:34","date_gmt":"2024-10-02T08:12:34","guid":{"rendered":"https:\/\/axkid.com\/fr\/?post_type=product&#038;p=186260"},"modified":"2026-05-11T18:09:47","modified_gmt":"2026-05-11T17:09:47","slug":"mate-2","status":"publish","type":"product","link":"https:\/\/axkid.com\/fr\/product\/mate-2\/","title":{"rendered":"Mate 2"},"content":{"rendered":"","protected":false},"excerpt":{"rendered":"<p>Mate 2 est un r\u00e9hausseur bas, con\u00e7u pour les enfants de 125 \u00e0 150 cm. Il convient aux enfants qui seraient trop grands pour un rehausseur \u00e0 dossier mais qui ont encore besoin d\u2019\u00eatre rehauss\u00e9s pour un positionnement optimal de la ceinture de s\u00e9curit\u00e9. Il assure un positionnement correct de la ceinture de s\u00e9curit\u00e9 pour un voyage s\u00fbr et confortable, afin que votre enfant puisse b\u00e9n\u00e9ficier de la protection du syst\u00e8me de s\u00e9curit\u00e9 de la voiture.<\/p>\n","protected":false},"featured_media":3700000848009,"comment_status":"open","ping_status":"closed","template":"","meta":{"_acf_changed":false,"_seopress_robots_primary_cat":"none","_seopress_titles_title":"","_seopress_titles_desc":"","_seopress_robots_index":"","_seopress_analysis_target_kw":"","content-type":"","_relevanssi_hide_post":"","_relevanssi_hide_content":"","_relevanssi_pin_for_all":"","_relevanssi_pin_keywords":"","_relevanssi_unpin_keywords":"","_relevanssi_related_keywords":"","_relevanssi_related_include_ids":"","_relevanssi_related_exclude_ids":"","_relevanssi_related_no_append":"","_relevanssi_related_not_related":"","_relevanssi_related_posts":"","_relevanssi_noindex_reason":"","editor_notices":[]},"product_brand":[],"product_cat":[432,81,18],"product_tag":[561],"class_list":{"0":"post-186260","1":"product","2":"type-product","3":"status-publish","4":"has-post-thumbnail","6":"product_cat-enfant","7":"product_cat-siege-rehausseur","8":"product_cat-sieges-auto","9":"product_tag-rehausseur-face-route","11":"first","12":"instock","13":"taxable","14":"shipping-taxable","15":"purchasable","16":"product-type-variable","17":"has-default-attributes"},"bundled_by":[],"bundle_stock_status":"instock","bundle_stock_quantity":null,"bundle_virtual":false,"bundle_layout":"","bundle_add_to_cart_form_location":"","bundle_editable_in_cart":false,"bundle_sold_individually_context":"","bundle_item_grouping":"","bundle_min_size":"","bundle_max_size":"","bundle_price":[],"bundled_items":[],"bundle_sell_ids":[],"acf":[],"jetpack_sharing_enabled":true,"_links":{"self":[{"href":"https:\/\/axkid.com\/fr\/wp-json\/wp\/v2\/product\/186260","targetHints":{"allow":["GET"]}}],"collection":[{"href":"https:\/\/axkid.com\/fr\/wp-json\/wp\/v2\/product"}],"about":[{"href":"https:\/\/axkid.com\/fr\/wp-json\/wp\/v2\/types\/product"}],"replies":[{"embeddable":true,"href":"https:\/\/axkid.com\/fr\/wp-json\/wp\/v2\/comments?post=186260"}],"wp:featuredmedia":[{"embeddable":true,"href":"https:\/\/axkid.com\/fr\/wp-json\/"}],"wp:attachment":[{"href":"https:\/\/axkid.com\/fr\/wp-json\/wp\/v2\/media?parent=186260"}],"wp:term":[{"taxonomy":"product_brand","embeddable":true,"href":"https:\/\/axkid.com\/fr\/wp-json\/wp\/v2\/product_brand?post=186260"},{"taxonomy":"product_cat","embeddable":true,"href":"https:\/\/axkid.com\/fr\/wp-json\/wp\/v2\/product_cat?post=186260"},{"taxonomy":"product_tag","embeddable":true,"href":"https:\/\/axkid.com\/fr\/wp-json\/wp\/v2\/product_tag?post=186260"}],"curies":[{"name":"wp","href":"https:\/\/api.w.org\/{rel}","templated":true}]}}