{"id":186323,"date":"2024-11-26T15:03:55","date_gmt":"2024-11-26T14:03:55","guid":{"rendered":"https:\/\/axkid.com\/fr\/?post_type=product&#038;p=186323"},"modified":"2026-04-27T20:07:09","modified_gmt":"2026-04-27T19:07:09","slug":"axkid-kit-de-securite-suedois-classic","status":"publish","type":"product","link":"https:\/\/axkid.com\/fr\/product\/axkid-kit-de-securite-suedois-classic\/","title":{"rendered":"Axkid Kit de S\u00e9curit\u00e9 Su\u00e9dois Classic"},"content":{"rendered":"","protected":false},"excerpt":{"rendered":"<p>Le kit de s\u00e9curit\u00e9 su\u00e9dois Axkid Classic se compose d&rsquo;accessoires ayant subi des tests de collision et r\u00e9pondant aux normes de s\u00e9curit\u00e9 les plus strictes. Chaque produit est con\u00e7u pour \u00eatre \u00e0 la fois s\u00fbr et pratique.<br \/>\nLe kit de s\u00e9curit\u00e9 su\u00e9dois Premium comprend<\/p>\n<ol>\n<li>Protection de si\u00e8ge : Classic dos \u00e0 la route<\/li>\n<li>Miroir de si\u00e8ge de voiture<\/li>\n<li>Pare-soleil pour vitre de voiture (lot de 2)<\/li>\n<\/ol>\n","protected":false},"featured_media":3700000845196,"comment_status":"open","ping_status":"closed","template":"","meta":{"_acf_changed":false,"_seopress_robots_primary_cat":"none","_seopress_titles_title":"","_seopress_titles_desc":"","_seopress_robots_index":"","content-type":"","_relevanssi_hide_post":"","_relevanssi_hide_content":"","_relevanssi_pin_for_all":"","_relevanssi_pin_keywords":"","_relevanssi_unpin_keywords":"","_relevanssi_related_keywords":"","_relevanssi_related_include_ids":"","_relevanssi_related_exclude_ids":"","_relevanssi_related_no_append":"","_relevanssi_related_not_related":"","_relevanssi_related_posts":"","_relevanssi_noindex_reason":"","editor_notices":[]},"product_brand":[],"product_cat":[17,503,510,511],"product_tag":[94],"class_list":{"0":"post-186323","1":"product","2":"type-product","3":"status-publish","4":"has-post-thumbnail","6":"product_cat-accessoires","7":"product_cat-accessoires-de-voiture","8":"product_cat-securite-a-bord","9":"product_cat-tous-les-accessoires-de-voiture","10":"product_tag-accessories-comfort-and-protection","12":"first","13":"instock","14":"taxable","15":"shipping-taxable","16":"purchasable","17":"product-type-simple"},"bundled_by":[],"bundle_stock_status":"instock","bundle_stock_quantity":30,"bundle_virtual":false,"bundle_layout":"","bundle_add_to_cart_form_location":"","bundle_editable_in_cart":false,"bundle_sold_individually_context":"","bundle_item_grouping":"","bundle_min_size":"","bundle_max_size":"","bundle_price":[],"bundled_items":[],"bundle_sell_ids":[],"acf":[],"jetpack_sharing_enabled":true,"_links":{"self":[{"href":"https:\/\/axkid.com\/fr\/wp-json\/wp\/v2\/product\/186323","targetHints":{"allow":["GET"]}}],"collection":[{"href":"https:\/\/axkid.com\/fr\/wp-json\/wp\/v2\/product"}],"about":[{"href":"https:\/\/axkid.com\/fr\/wp-json\/wp\/v2\/types\/product"}],"replies":[{"embeddable":true,"href":"https:\/\/axkid.com\/fr\/wp-json\/wp\/v2\/comments?post=186323"}],"wp:featuredmedia":[{"embeddable":true,"href":"https:\/\/axkid.com\/fr\/wp-json\/"}],"wp:attachment":[{"href":"https:\/\/axkid.com\/fr\/wp-json\/wp\/v2\/media?parent=186323"}],"wp:term":[{"taxonomy":"product_brand","embeddable":true,"href":"https:\/\/axkid.com\/fr\/wp-json\/wp\/v2\/product_brand?post=186323"},{"taxonomy":"product_cat","embeddable":true,"href":"https:\/\/axkid.com\/fr\/wp-json\/wp\/v2\/product_cat?post=186323"},{"taxonomy":"product_tag","embeddable":true,"href":"https:\/\/axkid.com\/fr\/wp-json\/wp\/v2\/product_tag?post=186323"}],"curies":[{"name":"wp","href":"https:\/\/api.w.org\/{rel}","templated":true}]}}