{"id":187686,"date":"2026-02-27T07:02:00","date_gmt":"2026-02-27T06:02:00","guid":{"rendered":"https:\/\/axkid.com\/fr\/?post_type=product&#038;p=187686"},"modified":"2026-04-18T13:28:17","modified_gmt":"2026-04-18T12:28:17","slug":"spinkid-2","status":"publish","type":"product","link":"https:\/\/axkid.com\/fr\/product\/spinkid-2\/","title":{"rendered":"Spinkid 2"},"content":{"rendered":"","protected":false},"excerpt":{"rendered":"<p>Le Spinkid 2 est un si\u00e8ge-auto pivotant \u00e0 180\u00b0 qui offre une flexibilit\u00e9 totale de la naissance \u00e0 4 ans (40-105 cm\/18 kg). Il est dot\u00e9 d&rsquo;un appui-t\u00eate r\u00e9glable sur 12 positions, d&rsquo;une inclinaison allant jusqu\u2019\u00e0 42\u00b0, d&rsquo;un r\u00e9ducteur \u00e9volutif pour les nouveau-n\u00e9s et d&rsquo;un harnais magn\u00e9tique. Ses poign\u00e9es EasyClimb\u2122 facilitent son utilisation au quotidien.<\/p>\n","protected":false},"featured_media":3700000853893,"comment_status":"open","ping_status":"closed","template":"","meta":{"_acf_changed":false,"_seopress_robots_primary_cat":"80","_seopress_titles_title":"Spinkid 2 \u2013 Si\u00e8ge auto pivotant dos \u00e0 la route | Axkid","_seopress_titles_desc":"D\u00e9couvrez le Spinkid 2, le si\u00e8ge auto pivotant \u00e0 180\u00b0 con\u00e7u pour la s\u00e9curit\u00e9 et le confort, de la naissance jusqu'\u00e0 4 ans (40-105 cm).","_seopress_robots_index":"","content-type":"","_relevanssi_hide_post":"","_relevanssi_hide_content":"","_relevanssi_pin_for_all":"","_relevanssi_pin_keywords":"","_relevanssi_unpin_keywords":"","_relevanssi_related_keywords":"","_relevanssi_related_include_ids":"","_relevanssi_related_exclude_ids":"","_relevanssi_related_no_append":"","_relevanssi_related_not_related":"","_relevanssi_related_posts":"","_relevanssi_noindex_reason":"","editor_notices":[]},"product_brand":[],"product_cat":[501,431,80,79,18],"product_tag":[56,71],"class_list":{"0":"post-187686","1":"product","2":"type-product","3":"status-publish","4":"has-post-thumbnail","6":"product_cat-bon-plans-promo","7":"product_cat-petit-2eme-age","8":"product_cat-sieges-auto-dos-a-la-route","9":"product_cat-sieges-auto-pour-nouveau-ne-et-bebe","10":"product_cat-sieges-auto","11":"product_tag-baby-car-seats","12":"product_tag-rf-car-seats","14":"first","15":"instock","16":"taxable","17":"shipping-taxable","18":"purchasable","19":"product-type-variable","20":"has-default-attributes"},"bundled_by":[],"bundle_stock_status":"instock","bundle_stock_quantity":null,"bundle_virtual":false,"bundle_layout":"","bundle_add_to_cart_form_location":"","bundle_editable_in_cart":false,"bundle_sold_individually_context":"","bundle_item_grouping":"","bundle_min_size":"","bundle_max_size":"","bundle_price":[],"bundled_items":[],"bundle_sell_ids":[],"acf":[],"jetpack_sharing_enabled":true,"_links":{"self":[{"href":"https:\/\/axkid.com\/fr\/wp-json\/wp\/v2\/product\/187686","targetHints":{"allow":["GET"]}}],"collection":[{"href":"https:\/\/axkid.com\/fr\/wp-json\/wp\/v2\/product"}],"about":[{"href":"https:\/\/axkid.com\/fr\/wp-json\/wp\/v2\/types\/product"}],"replies":[{"embeddable":true,"href":"https:\/\/axkid.com\/fr\/wp-json\/wp\/v2\/comments?post=187686"}],"wp:featuredmedia":[{"embeddable":true,"href":"https:\/\/axkid.com\/fr\/wp-json\/"}],"wp:attachment":[{"href":"https:\/\/axkid.com\/fr\/wp-json\/wp\/v2\/media?parent=187686"}],"wp:term":[{"taxonomy":"product_brand","embeddable":true,"href":"https:\/\/axkid.com\/fr\/wp-json\/wp\/v2\/product_brand?post=187686"},{"taxonomy":"product_cat","embeddable":true,"href":"https:\/\/axkid.com\/fr\/wp-json\/wp\/v2\/product_cat?post=187686"},{"taxonomy":"product_tag","embeddable":true,"href":"https:\/\/axkid.com\/fr\/wp-json\/wp\/v2\/product_tag?post=187686"}],"curies":[{"name":"wp","href":"https:\/\/api.w.org\/{rel}","templated":true}]}}