{"id":187704,"date":"2026-01-31T09:03:01","date_gmt":"2026-01-31T08:03:01","guid":{"rendered":"https:\/\/axkid.com\/fr\/?post_type=product&#038;p=187704"},"modified":"2026-04-21T19:09:01","modified_gmt":"2026-04-21T18:09:01","slug":"minikid-4-max","status":"publish","type":"product","link":"https:\/\/axkid.com\/fr\/product\/minikid-4-max\/","title":{"rendered":"Minikid 4 Max"},"content":{"rendered":"","protected":false},"excerpt":{"rendered":"<p>Le Minikid 4 Max est notre si\u00e8ge auto dos \u00e0 la route original, perfectionn\u00e9 au fil de ses 15 derni\u00e8res ann\u00e9es. Il garantit la s\u00e9curit\u00e9 jusqu&rsquo;\u00e0 l&rsquo;\u00e2ge de 7 ans (61-125 cm\/36 kg).<br \/>\nInstallation facile en moins de 60 secondes. Conception compacte avec un grand espace pour les jambes. Certifi\u00e9 par le Plus Test et test\u00e9 au-del\u00e0 des normes.<\/p>\n","protected":false},"featured_media":3700000853075,"comment_status":"open","ping_status":"closed","template":"","meta":{"_acf_changed":false,"_seopress_robots_primary_cat":"80","_seopress_titles_title":"","_seopress_titles_desc":"","_seopress_robots_index":"","content-type":"","_relevanssi_hide_post":"","_relevanssi_hide_content":"","_relevanssi_pin_for_all":"","_relevanssi_pin_keywords":"","_relevanssi_unpin_keywords":"","_relevanssi_related_keywords":"","_relevanssi_related_include_ids":"","_relevanssi_related_exclude_ids":"","_relevanssi_related_no_append":"","_relevanssi_related_not_related":"","_relevanssi_related_posts":"","_relevanssi_noindex_reason":"","editor_notices":[]},"product_brand":[],"product_cat":[18,431,80],"product_tag":[56,71],"class_list":{"0":"post-187704","1":"product","2":"type-product","3":"status-publish","4":"has-post-thumbnail","6":"product_cat-sieges-auto","7":"product_cat-petit-2eme-age","8":"product_cat-sieges-auto-dos-a-la-route","9":"product_tag-baby-car-seats","10":"product_tag-rf-car-seats","12":"first","13":"instock","14":"taxable","15":"shipping-taxable","16":"purchasable","17":"product-type-variable","18":"has-default-attributes"},"bundled_by":[],"bundle_stock_status":"instock","bundle_stock_quantity":null,"bundle_virtual":false,"bundle_layout":"","bundle_add_to_cart_form_location":"","bundle_editable_in_cart":false,"bundle_sold_individually_context":"","bundle_item_grouping":"","bundle_min_size":"","bundle_max_size":"","bundle_price":[],"bundled_items":[],"bundle_sell_ids":[],"acf":[],"jetpack_sharing_enabled":true,"_links":{"self":[{"href":"https:\/\/axkid.com\/fr\/wp-json\/wp\/v2\/product\/187704","targetHints":{"allow":["GET"]}}],"collection":[{"href":"https:\/\/axkid.com\/fr\/wp-json\/wp\/v2\/product"}],"about":[{"href":"https:\/\/axkid.com\/fr\/wp-json\/wp\/v2\/types\/product"}],"replies":[{"embeddable":true,"href":"https:\/\/axkid.com\/fr\/wp-json\/wp\/v2\/comments?post=187704"}],"wp:featuredmedia":[{"embeddable":true,"href":"https:\/\/axkid.com\/fr\/wp-json\/"}],"wp:attachment":[{"href":"https:\/\/axkid.com\/fr\/wp-json\/wp\/v2\/media?parent=187704"}],"wp:term":[{"taxonomy":"product_brand","embeddable":true,"href":"https:\/\/axkid.com\/fr\/wp-json\/wp\/v2\/product_brand?post=187704"},{"taxonomy":"product_cat","embeddable":true,"href":"https:\/\/axkid.com\/fr\/wp-json\/wp\/v2\/product_cat?post=187704"},{"taxonomy":"product_tag","embeddable":true,"href":"https:\/\/axkid.com\/fr\/wp-json\/wp\/v2\/product_tag?post=187704"}],"curies":[{"name":"wp","href":"https:\/\/api.w.org\/{rel}","templated":true}]}}