{"id":187719,"date":"2026-01-21T05:50:26","date_gmt":"2026-01-21T04:50:26","guid":{"rendered":"https:\/\/axkid.com\/fr\/?post_type=product&#038;p=187719"},"modified":"2026-05-06T18:08:20","modified_gmt":"2026-05-06T17:08:20","slug":"minikid-4-pro","status":"publish","type":"product","link":"https:\/\/axkid.com\/fr\/product\/minikid-4-pro\/","title":{"rendered":"Minikid 4 Pro"},"content":{"rendered":"","protected":false},"excerpt":{"rendered":"<p>D\u00e9couvrez le successeur du Movekid, am\u00e9lior\u00e9 au fil de dix ann\u00e9es d&rsquo;innovation. Le Minikid 4 Pro permet une utilisation dos \u00e0 la route prolong\u00e9e jusqu&rsquo;\u00e0 7 ans (61-125 cm\/36 kg). D\u00e9velopp\u00e9 pour \u00e9tendre son utilisation le plus longtemps possible en repoussant les limites de poids et de taille, ce si\u00e8ge surtest\u00e9 assure la s\u00e9curit\u00e9 jusqu&rsquo;\u00e0 36 kg. Son design \u00e9troit permet d&rsquo;en placer trois l&rsquo;un \u00e0 cot\u00e9 de l&rsquo;autre.<\/p>\n","protected":false},"featured_media":3700000853065,"comment_status":"open","ping_status":"closed","template":"","meta":{"_acf_changed":false,"_seopress_robots_primary_cat":"80","_seopress_titles_title":"Minikid 4 Pro | Axkid","_seopress_titles_desc":"","_seopress_robots_index":"","content-type":"","_relevanssi_hide_post":"","_relevanssi_hide_content":"","_relevanssi_pin_for_all":"","_relevanssi_pin_keywords":"","_relevanssi_unpin_keywords":"","_relevanssi_related_keywords":"","_relevanssi_related_include_ids":"","_relevanssi_related_exclude_ids":"","_relevanssi_related_no_append":"","_relevanssi_related_not_related":"","_relevanssi_related_posts":"","_relevanssi_noindex_reason":"","editor_notices":[]},"product_brand":[],"product_cat":[647,431,80,18],"product_tag":[71],"class_list":{"0":"post-187719","1":"product","2":"type-product","3":"status-publish","4":"has-post-thumbnail","6":"product_cat-campaigns","7":"product_cat-petit-2eme-age","8":"product_cat-sieges-auto-dos-a-la-route","9":"product_cat-sieges-auto","10":"product_tag-rf-car-seats","12":"first","13":"instock","14":"sale","15":"taxable","16":"shipping-taxable","17":"purchasable","18":"product-type-variable","19":"has-default-attributes"},"bundled_by":[],"bundle_stock_status":"instock","bundle_stock_quantity":null,"bundle_virtual":false,"bundle_layout":"","bundle_add_to_cart_form_location":"","bundle_editable_in_cart":false,"bundle_sold_individually_context":"","bundle_item_grouping":"","bundle_min_size":"","bundle_max_size":"","bundle_price":[],"bundled_items":[],"bundle_sell_ids":[],"acf":[],"jetpack_sharing_enabled":true,"_links":{"self":[{"href":"https:\/\/axkid.com\/fr\/wp-json\/wp\/v2\/product\/187719","targetHints":{"allow":["GET"]}}],"collection":[{"href":"https:\/\/axkid.com\/fr\/wp-json\/wp\/v2\/product"}],"about":[{"href":"https:\/\/axkid.com\/fr\/wp-json\/wp\/v2\/types\/product"}],"replies":[{"embeddable":true,"href":"https:\/\/axkid.com\/fr\/wp-json\/wp\/v2\/comments?post=187719"}],"version-history":[{"count":3,"href":"https:\/\/axkid.com\/fr\/wp-json\/wp\/v2\/product\/187719\/revisions"}],"predecessor-version":[{"id":187945,"href":"https:\/\/axkid.com\/fr\/wp-json\/wp\/v2\/product\/187719\/revisions\/187945"}],"wp:featuredmedia":[{"embeddable":true,"href":"https:\/\/axkid.com\/fr\/wp-json\/"}],"wp:attachment":[{"href":"https:\/\/axkid.com\/fr\/wp-json\/wp\/v2\/media?parent=187719"}],"wp:term":[{"taxonomy":"product_brand","embeddable":true,"href":"https:\/\/axkid.com\/fr\/wp-json\/wp\/v2\/product_brand?post=187719"},{"taxonomy":"product_cat","embeddable":true,"href":"https:\/\/axkid.com\/fr\/wp-json\/wp\/v2\/product_cat?post=187719"},{"taxonomy":"product_tag","embeddable":true,"href":"https:\/\/axkid.com\/fr\/wp-json\/wp\/v2\/product_tag?post=187719"}],"curies":[{"name":"wp","href":"https:\/\/api.w.org\/{rel}","templated":true}]}}