{"id":189493,"date":"2025-10-13T13:43:36","date_gmt":"2025-10-13T12:43:36","guid":{"rendered":"https:\/\/axkid.com\/fr\/?post_type=product&#038;p=189493"},"modified":"2026-04-29T16:08:14","modified_gmt":"2026-04-29T15:08:14","slug":"axkid-support-lombaire","status":"publish","type":"product","link":"https:\/\/axkid.com\/fr\/product\/axkid-support-lombaire\/","title":{"rendered":"Support Lombaire Axkid"},"content":{"rendered":"","protected":false},"excerpt":{"rendered":"<p>L\u2019accessoire Axkid Support Lombaire est certifi\u00e9 AGR et con\u00e7u pour offrir un confort suppl\u00e9mentaire tout en favorisant une posture assise saine pour votre enfant. Il peut \u00eatre utilis\u00e9 avec nos si\u00e8ges auto dos \u00e0 la route Minikid 4 (Max et Pro) et One 3 en tant qu\u2019accessoire, afin d\u2019apporter \u00e0 votre enfant le soutien lombaire dont il a besoin. Recommand\u00e9 pour les enfants \u00e0 partir de 105 cm (une fois que l\u2019insert b\u00e9b\u00e9 pour les mod\u00e8les One 3 et Minikid 4 n\u2019est plus utilis\u00e9).<\/p>\n<ul>\n<li>Soutient le bas du dos de l\u2019enfant et encourage une posture naturelle<\/li>\n<li>Aide \u00e0 soulager la pression sur la colonne vert\u00e9brale et \u00e0 r\u00e9duire les risques d\u2019inconfort dorsal<\/li>\n<li>D\u00e9velopp\u00e9 de mani\u00e8re ergonomique avec une attention particuli\u00e8re pour les dos en croissance<\/li>\n<\/ul>\n","protected":false},"featured_media":3700000851856,"comment_status":"open","ping_status":"closed","template":"","meta":{"_acf_changed":false,"_seopress_robots_primary_cat":"none","_seopress_titles_title":"","_seopress_titles_desc":"","_seopress_robots_index":"","content-type":"","_relevanssi_hide_post":"","_relevanssi_hide_content":"","_relevanssi_pin_for_all":"","_relevanssi_pin_keywords":"","_relevanssi_unpin_keywords":"","_relevanssi_related_keywords":"","_relevanssi_related_include_ids":"","_relevanssi_related_exclude_ids":"","_relevanssi_related_no_append":"","_relevanssi_related_not_related":"","_relevanssi_related_posts":"","_relevanssi_noindex_reason":"","editor_notices":[]},"product_brand":[],"product_cat":[17,502,506,375,435,505],"product_tag":[],"class_list":{"0":"post-189493","1":"product","2":"type-product","3":"status-publish","4":"has-post-thumbnail","6":"product_cat-accessoires","7":"product_cat-accessoires-de-sieges-auto","8":"product_cat-ameliorer-installation","9":"product_cat-pieces-detachees","10":"product_cat-reducteurs","11":"product_cat-tous-les-accessoires-de-sieges-auto","13":"first","14":"onbackorder","15":"taxable","16":"shipping-taxable","17":"purchasable","18":"product-type-simple"},"bundled_by":[],"bundle_stock_status":"onbackorder","bundle_stock_quantity":0,"bundle_virtual":false,"bundle_layout":"","bundle_add_to_cart_form_location":"","bundle_editable_in_cart":false,"bundle_sold_individually_context":"","bundle_item_grouping":"","bundle_min_size":"","bundle_max_size":"","bundle_price":[],"bundled_items":[],"bundle_sell_ids":[],"acf":[],"jetpack_sharing_enabled":true,"_links":{"self":[{"href":"https:\/\/axkid.com\/fr\/wp-json\/wp\/v2\/product\/189493","targetHints":{"allow":["GET"]}}],"collection":[{"href":"https:\/\/axkid.com\/fr\/wp-json\/wp\/v2\/product"}],"about":[{"href":"https:\/\/axkid.com\/fr\/wp-json\/wp\/v2\/types\/product"}],"replies":[{"embeddable":true,"href":"https:\/\/axkid.com\/fr\/wp-json\/wp\/v2\/comments?post=189493"}],"wp:featuredmedia":[{"embeddable":true,"href":"https:\/\/axkid.com\/fr\/wp-json\/"}],"wp:attachment":[{"href":"https:\/\/axkid.com\/fr\/wp-json\/wp\/v2\/media?parent=189493"}],"wp:term":[{"taxonomy":"product_brand","embeddable":true,"href":"https:\/\/axkid.com\/fr\/wp-json\/wp\/v2\/product_brand?post=189493"},{"taxonomy":"product_cat","embeddable":true,"href":"https:\/\/axkid.com\/fr\/wp-json\/wp\/v2\/product_cat?post=189493"},{"taxonomy":"product_tag","embeddable":true,"href":"https:\/\/axkid.com\/fr\/wp-json\/wp\/v2\/product_tag?post=189493"}],"curies":[{"name":"wp","href":"https:\/\/api.w.org\/{rel}","templated":true}]}}