{"id":189552,"date":"2026-04-10T10:08:38","date_gmt":"2026-04-10T09:08:38","guid":{"rendered":"https:\/\/axkid.com\/fr\/?post_type=product&#038;p=189552"},"modified":"2026-05-13T19:08:29","modified_gmt":"2026-05-13T18:08:29","slug":"extra-adapter","status":"publish","type":"product","link":"https:\/\/axkid.com\/fr\/product\/extra-adapter\/","title":{"rendered":"Adaptateur pour cadre de v\u00e9lo"},"content":{"rendered":"<p>L\u2019adaptateur convient aux v\u00e9los et est approuv\u00e9 pour les tiges de selle rondes d\u2019un diam\u00e8tre de 28 \u00e0 40 mm. Pour des raisons de durabilit\u00e9, l\u2019adaptateur ne doit pas \u00eatre mont\u00e9 sur des cadres de v\u00e9lo en mat\u00e9riaux l\u00e9gers tels que la fibre de carbone. Avec un adaptateur suppl\u00e9mentaire, vous pouvez facilement transf\u00e9rer votre P\u00e5hoj d\u2019un v\u00e9lo \u00e0 un autre. L\u2019adaptateur se monte sur le cadre et dispose d\u2019un verrou de s\u00e9curit\u00e9 pratique qui permet de fixer et de d\u00e9tacher P\u00e5hoj en toute simplicit\u00e9.<\/p>\n","protected":false},"excerpt":{"rendered":"<p>L\u2019adaptateur convient aux v\u00e9los et est approuv\u00e9 pour les tiges de selle rondes d\u2019un diam\u00e8tre de 28 \u00e0 40 mm. Pour des raisons de durabilit\u00e9, l\u2019adaptateur ne doit pas \u00eatre mont\u00e9 sur des cadres de v\u00e9lo en mat\u00e9riaux l\u00e9gers tels que la fibre de carbone. Avec un adaptateur suppl\u00e9mentaire, vous pouvez facilement transf\u00e9rer votre P\u00e5hoj d\u2019un v\u00e9lo \u00e0 un autre. L\u2019adaptateur se monte sur le cadre et dispose d\u2019un verrou de s\u00e9curit\u00e9 pratique qui permet de fixer et de d\u00e9tacher P\u00e5hoj en toute simplicit\u00e9.<\/p>\n","protected":false},"featured_media":189557,"comment_status":"open","ping_status":"closed","template":"","meta":{"_acf_changed":false,"_seopress_robots_primary_cat":"none","_seopress_titles_title":"","_seopress_titles_desc":"","_seopress_robots_index":"","_seopress_analysis_target_kw":"","content-type":"","_relevanssi_hide_post":"","_relevanssi_hide_content":"","_relevanssi_pin_for_all":"","_relevanssi_pin_keywords":"","_relevanssi_unpin_keywords":"","_relevanssi_related_keywords":"","_relevanssi_related_include_ids":"","_relevanssi_related_exclude_ids":"","_relevanssi_related_no_append":"","_relevanssi_related_not_related":"","_relevanssi_related_posts":"","_relevanssi_noindex_reason":"","editor_notices":[]},"product_brand":[],"product_cat":[412],"product_tag":[],"class_list":{"0":"post-189552","1":"product","2":"type-product","3":"status-publish","4":"has-post-thumbnail","6":"product_cat-outlet","8":"first","9":"onbackorder","10":"sale","11":"taxable","12":"shipping-taxable","13":"purchasable","14":"product-type-simple"},"bundled_by":[],"bundle_stock_status":"onbackorder","bundle_stock_quantity":0,"bundle_virtual":false,"bundle_layout":"","bundle_add_to_cart_form_location":"","bundle_editable_in_cart":false,"bundle_sold_individually_context":"","bundle_item_grouping":"","bundle_min_size":"","bundle_max_size":"","bundle_price":[],"bundled_items":[],"bundle_sell_ids":[],"acf":[],"jetpack_sharing_enabled":true,"_links":{"self":[{"href":"https:\/\/axkid.com\/fr\/wp-json\/wp\/v2\/product\/189552","targetHints":{"allow":["GET"]}}],"collection":[{"href":"https:\/\/axkid.com\/fr\/wp-json\/wp\/v2\/product"}],"about":[{"href":"https:\/\/axkid.com\/fr\/wp-json\/wp\/v2\/types\/product"}],"replies":[{"embeddable":true,"href":"https:\/\/axkid.com\/fr\/wp-json\/wp\/v2\/comments?post=189552"}],"wp:featuredmedia":[{"embeddable":true,"href":"https:\/\/axkid.com\/fr\/wp-json\/wp\/v2\/media\/189557"}],"wp:attachment":[{"href":"https:\/\/axkid.com\/fr\/wp-json\/wp\/v2\/media?parent=189552"}],"wp:term":[{"taxonomy":"product_brand","embeddable":true,"href":"https:\/\/axkid.com\/fr\/wp-json\/wp\/v2\/product_brand?post=189552"},{"taxonomy":"product_cat","embeddable":true,"href":"https:\/\/axkid.com\/fr\/wp-json\/wp\/v2\/product_cat?post=189552"},{"taxonomy":"product_tag","embeddable":true,"href":"https:\/\/axkid.com\/fr\/wp-json\/wp\/v2\/product_tag?post=189552"}],"curies":[{"name":"wp","href":"https:\/\/api.w.org\/{rel}","templated":true}]}}