{"id":189558,"date":"2026-01-09T14:58:04","date_gmt":"2026-01-09T13:58:04","guid":{"rendered":"https:\/\/axkid.com\/fr\/?post_type=product&#038;p=189558"},"modified":"2026-05-07T08:08:11","modified_gmt":"2026-05-07T07:08:11","slug":"pahoj-rack-adapter","status":"publish","type":"product","link":"https:\/\/axkid.com\/fr\/product\/pahoj-rack-adapter\/","title":{"rendered":"P\u00e5hoj Adaptateur pour porte-bagages"},"content":{"rendered":"<p>Un adaptateur suppl\u00e9mentaire pour montage sur porte-bagages, qui permet de transf\u00e9rer facilement le si\u00e8ge P\u00e5hoj d\u2019un v\u00e9lo \u00e0 un autre. L\u2019adaptateur est \u00e9quip\u00e9 d\u2019un syst\u00e8me de verrouillage flexible pour une fixation et un retrait simples de P\u00e5hoj. Convient aux v\u00e9los \u00e9lectriques.<\/p>\n","protected":false},"excerpt":{"rendered":"<p>Un adaptateur suppl\u00e9mentaire pour montage sur porte-bagages, qui permet de transf\u00e9rer facilement le si\u00e8ge P\u00e5hoj d\u2019un v\u00e9lo \u00e0 un autre. L\u2019adaptateur est \u00e9quip\u00e9 d\u2019un syst\u00e8me de verrouillage flexible pour une fixation et un retrait simples de P\u00e5hoj. Convient aux v\u00e9los \u00e9lectriques.<\/p>\n","protected":false},"featured_media":3700000852683,"comment_status":"open","ping_status":"closed","template":"","meta":{"_acf_changed":false,"_seopress_robots_primary_cat":"none","_seopress_titles_title":"","_seopress_titles_desc":"","_seopress_robots_index":"","content-type":"","_relevanssi_hide_post":"","_relevanssi_hide_content":"","_relevanssi_pin_for_all":"","_relevanssi_pin_keywords":"","_relevanssi_unpin_keywords":"","_relevanssi_related_keywords":"","_relevanssi_related_include_ids":"","_relevanssi_related_exclude_ids":"","_relevanssi_related_no_append":"","_relevanssi_related_not_related":"","_relevanssi_related_posts":"","_relevanssi_noindex_reason":"","editor_notices":[]},"product_brand":[],"product_cat":[412],"product_tag":[],"class_list":{"0":"post-189558","1":"product","2":"type-product","3":"status-publish","4":"has-post-thumbnail","6":"product_cat-outlet","8":"first","9":"onbackorder","10":"sale","11":"taxable","12":"shipping-taxable","13":"purchasable","14":"product-type-simple"},"bundled_by":[],"bundle_stock_status":"onbackorder","bundle_stock_quantity":0,"bundle_virtual":false,"bundle_layout":"","bundle_add_to_cart_form_location":"","bundle_editable_in_cart":false,"bundle_sold_individually_context":"","bundle_item_grouping":"","bundle_min_size":"","bundle_max_size":"","bundle_price":[],"bundled_items":[],"bundle_sell_ids":[],"acf":[],"jetpack_sharing_enabled":true,"_links":{"self":[{"href":"https:\/\/axkid.com\/fr\/wp-json\/wp\/v2\/product\/189558","targetHints":{"allow":["GET"]}}],"collection":[{"href":"https:\/\/axkid.com\/fr\/wp-json\/wp\/v2\/product"}],"about":[{"href":"https:\/\/axkid.com\/fr\/wp-json\/wp\/v2\/types\/product"}],"replies":[{"embeddable":true,"href":"https:\/\/axkid.com\/fr\/wp-json\/wp\/v2\/comments?post=189558"}],"wp:featuredmedia":[{"embeddable":true,"href":"https:\/\/axkid.com\/fr\/wp-json\/"}],"wp:attachment":[{"href":"https:\/\/axkid.com\/fr\/wp-json\/wp\/v2\/media?parent=189558"}],"wp:term":[{"taxonomy":"product_brand","embeddable":true,"href":"https:\/\/axkid.com\/fr\/wp-json\/wp\/v2\/product_brand?post=189558"},{"taxonomy":"product_cat","embeddable":true,"href":"https:\/\/axkid.com\/fr\/wp-json\/wp\/v2\/product_cat?post=189558"},{"taxonomy":"product_tag","embeddable":true,"href":"https:\/\/axkid.com\/fr\/wp-json\/wp\/v2\/product_tag?post=189558"}],"curies":[{"name":"wp","href":"https:\/\/api.w.org\/{rel}","templated":true}]}}