{"id":190337,"date":"2026-02-04T08:44:49","date_gmt":"2026-02-04T07:44:49","guid":{"rendered":"https:\/\/axkid.com\/fr\/?post_type=product&#038;p=190337"},"modified":"2026-05-06T14:25:33","modified_gmt":"2026-05-06T13:25:33","slug":"up","status":"publish","type":"product","link":"https:\/\/axkid.com\/fr\/product\/up\/","title":{"rendered":"Up"},"content":{"rendered":"","protected":false},"excerpt":{"rendered":"<p>Axkid Up\u2122 est notre rehausseur avec dossier le plus avanc\u00e9 \u00e0 ce jour. Il convient aux enfants de 4 \u00e0 12 ans (100-150cm\/50kg) et s&rsquo;adapte \u00e0 votre enfant gr\u00e2ce \u00e0 son assise relevable, pour assurer une position parfaite de la ceinture. \u00c9quip\u00e9 d&rsquo;un cadre en acier renforc\u00e9 avec une jambe de force int\u00e9gr\u00e9e pour plus de stabilit\u00e9.<\/p>\n","protected":false},"featured_media":3700000853092,"comment_status":"open","ping_status":"closed","template":"","meta":{"_acf_changed":false,"_seopress_robots_primary_cat":"81","_seopress_titles_title":"","_seopress_titles_desc":"","_seopress_robots_index":"yes","content-type":"","_relevanssi_hide_post":"","_relevanssi_hide_content":"","_relevanssi_pin_for_all":"","_relevanssi_pin_keywords":"","_relevanssi_unpin_keywords":"","_relevanssi_related_keywords":"","_relevanssi_related_include_ids":"","_relevanssi_related_exclude_ids":"","_relevanssi_related_no_append":"","_relevanssi_related_not_related":"","_relevanssi_related_posts":"","_relevanssi_noindex_reason":"WooCommerce Exclusion de l\u2019index de Relevanssi","editor_notices":[]},"product_brand":[],"product_cat":[432,81,18],"product_tag":[],"class_list":{"0":"post-190337","1":"product","2":"type-product","3":"status-publish","4":"has-post-thumbnail","6":"product_cat-enfant","7":"product_cat-siege-rehausseur","8":"product_cat-sieges-auto","10":"first","11":"instock","12":"taxable","13":"shipping-taxable","14":"purchasable","15":"product-type-bundle"},"bundled_by":[],"bundle_stock_status":"instock","bundle_stock_quantity":"","bundle_virtual":false,"bundle_layout":"default","bundle_add_to_cart_form_location":"default","bundle_editable_in_cart":false,"bundle_sold_individually_context":"product","bundle_item_grouping":"parent","bundle_min_size":"","bundle_max_size":"","bundle_price":{"price":{"min":{"incl_tax":"449.99","excl_tax":"374.99"},"max":{"incl_tax":"449.99","excl_tax":"374.99"}},"regular_price":{"min":{"incl_tax":"449.99","excl_tax":"374.99"},"max":{"incl_tax":"449.99","excl_tax":"374.99"}}},"bundled_items":[{"bundled_item_id":24,"product_id":188204,"menu_order":0,"quantity_min":1,"quantity_max":1,"quantity_default":1,"priced_individually":true,"shipped_individually":false,"override_title":false,"title":"Up","override_description":false,"description":"","optional":false,"hide_thumbnail":false,"discount":"","override_variations":true,"allowed_variations":[188206,188205,188207,190247,188208,190248],"override_default_variation_attributes":true,"default_variation_attributes":[{"id":1,"name":"Couleur","option":"coastal-storm-black"}],"single_product_visibility":"visible","cart_visibility":"visible","order_visibility":"visible","single_product_price_visibility":"visible","cart_price_visibility":"visible","order_price_visibility":"visible","stock_status":"in_stock"},{"bundled_item_id":25,"product_id":188298,"menu_order":1,"quantity_min":1,"quantity_max":1,"quantity_default":1,"priced_individually":false,"shipped_individually":false,"override_title":false,"title":"Repose-pieds Axkid Up\u2122","override_description":false,"description":"","optional":false,"hide_thumbnail":false,"discount":"","override_variations":false,"allowed_variations":[],"override_default_variation_attributes":false,"default_variation_attributes":[],"single_product_visibility":"visible","cart_visibility":"visible","order_visibility":"visible","single_product_price_visibility":"visible","cart_price_visibility":"visible","order_price_visibility":"visible","stock_status":"in_stock"}],"bundle_sell_ids":[],"acf":[],"jetpack_sharing_enabled":true,"_links":{"self":[{"href":"https:\/\/axkid.com\/fr\/wp-json\/wp\/v2\/product\/190337","targetHints":{"allow":["GET"]}}],"collection":[{"href":"https:\/\/axkid.com\/fr\/wp-json\/wp\/v2\/product"}],"about":[{"href":"https:\/\/axkid.com\/fr\/wp-json\/wp\/v2\/types\/product"}],"replies":[{"embeddable":true,"href":"https:\/\/axkid.com\/fr\/wp-json\/wp\/v2\/comments?post=190337"}],"wp:featuredmedia":[{"embeddable":true,"href":"https:\/\/axkid.com\/fr\/wp-json\/"}],"wp:attachment":[{"href":"https:\/\/axkid.com\/fr\/wp-json\/wp\/v2\/media?parent=190337"}],"wp:term":[{"taxonomy":"product_brand","embeddable":true,"href":"https:\/\/axkid.com\/fr\/wp-json\/wp\/v2\/product_brand?post=190337"},{"taxonomy":"product_cat","embeddable":true,"href":"https:\/\/axkid.com\/fr\/wp-json\/wp\/v2\/product_cat?post=190337"},{"taxonomy":"product_tag","embeddable":true,"href":"https:\/\/axkid.com\/fr\/wp-json\/wp\/v2\/product_tag?post=190337"}],"curies":[{"name":"wp","href":"https:\/\/api.w.org\/{rel}","templated":true}]}}