{"id":190359,"date":"2026-02-04T09:44:48","date_gmt":"2026-02-04T08:44:48","guid":{"rendered":"https:\/\/axkid.com\/fr\/?post_type=product&#038;p=190359"},"modified":"2026-04-27T20:07:51","modified_gmt":"2026-04-27T19:07:51","slug":"one-plus-3-beachgrass-beige","status":"publish","type":"product","link":"https:\/\/axkid.com\/fr\/product\/one-plus-3-beachgrass-beige\/","title":{"rendered":"ONE+ 3 Beachgrass Beige"},"content":{"rendered":"","protected":false},"excerpt":{"rendered":"<p>Axkid ONE est le seul si\u00e8ge auto ISOFIX du march\u00e9 permettant un voyage dos \u00e0 la route d\u00e8s la naissance jusqu&rsquo;\u00e0 7 ans (40-125 cm). Installation facile et s\u00e9curis\u00e9e en 30 secondes. L&rsquo;espace coulissant pour les jambes offre un espace in\u00e9gal\u00e9 tout en permettant une conception compacte de si\u00e8ge auto orient\u00e9 vers l&rsquo;arri\u00e8re.<\/p>\n","protected":false},"featured_media":3700000844643,"comment_status":"open","ping_status":"closed","template":"","meta":{"_acf_changed":false,"_seopress_robots_primary_cat":"none","_seopress_titles_title":"Axkid One+ 3 | Axkid","_seopress_titles_desc":"","_seopress_robots_index":"","content-type":"","_relevanssi_hide_post":"","_relevanssi_hide_content":"","_relevanssi_pin_for_all":"","_relevanssi_pin_keywords":"","_relevanssi_unpin_keywords":"","_relevanssi_related_keywords":"","_relevanssi_related_include_ids":"","_relevanssi_related_exclude_ids":"","_relevanssi_related_no_append":"","_relevanssi_related_not_related":"","_relevanssi_related_posts":"","_relevanssi_noindex_reason":"","editor_notices":[]},"product_brand":[],"product_cat":[501],"product_tag":[],"class_list":{"0":"post-190359","1":"product","2":"type-product","3":"status-publish","4":"has-post-thumbnail","6":"product_cat-bon-plans-promo","8":"first","9":"instock","10":"sale","11":"taxable","12":"shipping-taxable","13":"purchasable","14":"product-type-simple"},"bundled_by":[],"bundle_stock_status":"instock","bundle_stock_quantity":2,"bundle_virtual":false,"bundle_layout":"","bundle_add_to_cart_form_location":"","bundle_editable_in_cart":false,"bundle_sold_individually_context":"","bundle_item_grouping":"","bundle_min_size":"","bundle_max_size":"","bundle_price":[],"bundled_items":[],"bundle_sell_ids":[],"acf":[],"jetpack_sharing_enabled":true,"_links":{"self":[{"href":"https:\/\/axkid.com\/fr\/wp-json\/wp\/v2\/product\/190359","targetHints":{"allow":["GET"]}}],"collection":[{"href":"https:\/\/axkid.com\/fr\/wp-json\/wp\/v2\/product"}],"about":[{"href":"https:\/\/axkid.com\/fr\/wp-json\/wp\/v2\/types\/product"}],"replies":[{"embeddable":true,"href":"https:\/\/axkid.com\/fr\/wp-json\/wp\/v2\/comments?post=190359"}],"wp:featuredmedia":[{"embeddable":true,"href":"https:\/\/axkid.com\/fr\/wp-json\/"}],"wp:attachment":[{"href":"https:\/\/axkid.com\/fr\/wp-json\/wp\/v2\/media?parent=190359"}],"wp:term":[{"taxonomy":"product_brand","embeddable":true,"href":"https:\/\/axkid.com\/fr\/wp-json\/wp\/v2\/product_brand?post=190359"},{"taxonomy":"product_cat","embeddable":true,"href":"https:\/\/axkid.com\/fr\/wp-json\/wp\/v2\/product_cat?post=190359"},{"taxonomy":"product_tag","embeddable":true,"href":"https:\/\/axkid.com\/fr\/wp-json\/wp\/v2\/product_tag?post=190359"}],"curies":[{"name":"wp","href":"https:\/\/api.w.org\/{rel}","templated":true}]}}