{"id":190674,"date":"2026-03-31T14:01:49","date_gmt":"2026-03-31T13:01:49","guid":{"rendered":"https:\/\/axkid.com\/fr\/?post_type=product&#038;p=190674"},"modified":"2026-04-24T20:08:01","modified_gmt":"2026-04-24T19:08:01","slug":"axkid-up-x-jon-olsson-1","status":"publish","type":"product","link":"https:\/\/axkid.com\/fr\/product\/axkid-up-x-jon-olsson-1\/","title":{"rendered":"Axkid Up x Jon Olsson"},"content":{"rendered":"","protected":false},"excerpt":{"rendered":"<p>Axkid Up\u2122 x Jon Olsson est une \u00e9dition limit\u00e9e d\u00e9velopp\u00e9e en collaboration avec Jon Olsson. <\/p>\n<p>Bas\u00e9e sur la s\u00e9curit\u00e9, le confort et l\u2019adaptabilit\u00e9 d\u2019Axkid Up\u2122, cette \u00e9dition sp\u00e9ciale sera produite en quantit\u00e9 limit\u00e9e et disponible uniquement pendant une p\u00e9riode restreinte. <\/p>\n<p>Disponible jusqu\u2019\u00e0 \u00e9puisement des stocks. <\/p>\n","protected":false},"featured_media":3700000853829,"comment_status":"open","ping_status":"closed","template":"","meta":{"_acf_changed":false,"_seopress_robots_primary_cat":"none","_seopress_titles_title":"","_seopress_titles_desc":"Axkid Up\u2122 x Jon Olsson est une \u00e9dition limit\u00e9e d\u00e9velopp\u00e9e en collaboration avec Jon Olsson.","_seopress_robots_index":"","content-type":"","_relevanssi_hide_post":"","_relevanssi_hide_content":"","_relevanssi_pin_for_all":"","_relevanssi_pin_keywords":"","_relevanssi_unpin_keywords":"","_relevanssi_related_keywords":"","_relevanssi_related_include_ids":"","_relevanssi_related_exclude_ids":"","_relevanssi_related_no_append":"","_relevanssi_related_not_related":"","_relevanssi_related_posts":"","_relevanssi_noindex_reason":"WooCommerce Exclusion de l\u2019index de Relevanssi","editor_notices":[]},"product_brand":[],"product_cat":[175,81,18],"product_tag":[],"class_list":{"0":"post-190674","1":"product","2":"type-product","3":"status-publish","4":"has-post-thumbnail","6":"product_cat-bundle","7":"product_cat-siege-rehausseur","8":"product_cat-sieges-auto","10":"first","11":"onbackorder","12":"taxable","13":"shipping-taxable","14":"purchasable","15":"product-type-variable","16":"has-default-attributes"},"bundled_by":["190679"],"bundle_stock_status":"onbackorder","bundle_stock_quantity":null,"bundle_virtual":false,"bundle_layout":"","bundle_add_to_cart_form_location":"","bundle_editable_in_cart":false,"bundle_sold_individually_context":"","bundle_item_grouping":"","bundle_min_size":"","bundle_max_size":"","bundle_price":[],"bundled_items":[],"bundle_sell_ids":[],"acf":[],"jetpack_sharing_enabled":true,"_links":{"self":[{"href":"https:\/\/axkid.com\/fr\/wp-json\/wp\/v2\/product\/190674","targetHints":{"allow":["GET"]}}],"collection":[{"href":"https:\/\/axkid.com\/fr\/wp-json\/wp\/v2\/product"}],"about":[{"href":"https:\/\/axkid.com\/fr\/wp-json\/wp\/v2\/types\/product"}],"replies":[{"embeddable":true,"href":"https:\/\/axkid.com\/fr\/wp-json\/wp\/v2\/comments?post=190674"}],"wp:featuredmedia":[{"embeddable":true,"href":"https:\/\/axkid.com\/fr\/wp-json\/"}],"wp:attachment":[{"href":"https:\/\/axkid.com\/fr\/wp-json\/wp\/v2\/media?parent=190674"}],"wp:term":[{"taxonomy":"product_brand","embeddable":true,"href":"https:\/\/axkid.com\/fr\/wp-json\/wp\/v2\/product_brand?post=190674"},{"taxonomy":"product_cat","embeddable":true,"href":"https:\/\/axkid.com\/fr\/wp-json\/wp\/v2\/product_cat?post=190674"},{"taxonomy":"product_tag","embeddable":true,"href":"https:\/\/axkid.com\/fr\/wp-json\/wp\/v2\/product_tag?post=190674"}],"curies":[{"name":"wp","href":"https:\/\/api.w.org\/{rel}","templated":true}]}}