{"id":190828,"date":"2026-04-23T08:11:51","date_gmt":"2026-04-23T07:11:51","guid":{"rendered":"https:\/\/axkid.com\/fr\/?post_type=product&#038;p=190828"},"modified":"2026-04-24T14:10:17","modified_gmt":"2026-04-24T13:10:17","slug":"zero-base","status":"publish","type":"product","link":"https:\/\/axkid.com\/fr\/product\/zero-base\/","title":{"rendered":"Zero base"},"content":{"rendered":"","protected":false},"excerpt":{"rendered":"<p>La base Zero est con\u00e7ue pour une utilisation quotidienne s\u00fbre et intuitive avec Zero Pro. Gr\u00e2ce aux connecteurs ISOFIX, \u00e0 une jambe de force extensible et \u00e0 des indicateurs de s\u00e9curit\u00e9 clairs, elle permet une installation s\u00e9curis\u00e9e d\u00e8s le premier jour. La fixation en un clic et la rotation \u00e0 180\u00b0 simplifient la manipulation au quotidien.<\/p>\n","protected":false},"featured_media":190830,"comment_status":"open","ping_status":"closed","template":"","meta":{"_acf_changed":false,"_seopress_robots_primary_cat":"79","_seopress_titles_title":"","_seopress_titles_desc":"","_seopress_robots_index":"","content-type":"","_relevanssi_hide_post":"","_relevanssi_hide_content":"","_relevanssi_pin_for_all":"","_relevanssi_pin_keywords":"","_relevanssi_unpin_keywords":"","_relevanssi_related_keywords":"","_relevanssi_related_include_ids":"","_relevanssi_related_exclude_ids":"","_relevanssi_related_no_append":"","_relevanssi_related_not_related":"","_relevanssi_related_posts":"","_relevanssi_noindex_reason":"","editor_notices":[]},"product_brand":[],"product_cat":[79,18],"product_tag":[],"class_list":{"0":"post-190828","1":"product","2":"type-product","3":"status-publish","4":"has-post-thumbnail","6":"product_cat-sieges-auto-pour-nouveau-ne-et-bebe","7":"product_cat-sieges-auto","9":"first","10":"onbackorder","11":"taxable","12":"shipping-taxable","13":"purchasable","14":"product-type-simple"},"bundled_by":["190845"],"bundle_stock_status":"onbackorder","bundle_stock_quantity":0,"bundle_virtual":false,"bundle_layout":"","bundle_add_to_cart_form_location":"","bundle_editable_in_cart":false,"bundle_sold_individually_context":"","bundle_item_grouping":"","bundle_min_size":"","bundle_max_size":"","bundle_price":[],"bundled_items":[],"bundle_sell_ids":[],"acf":[],"jetpack_sharing_enabled":true,"_links":{"self":[{"href":"https:\/\/axkid.com\/fr\/wp-json\/wp\/v2\/product\/190828","targetHints":{"allow":["GET"]}}],"collection":[{"href":"https:\/\/axkid.com\/fr\/wp-json\/wp\/v2\/product"}],"about":[{"href":"https:\/\/axkid.com\/fr\/wp-json\/wp\/v2\/types\/product"}],"replies":[{"embeddable":true,"href":"https:\/\/axkid.com\/fr\/wp-json\/wp\/v2\/comments?post=190828"}],"wp:featuredmedia":[{"embeddable":true,"href":"https:\/\/axkid.com\/fr\/wp-json\/wp\/v2\/media\/190830"}],"wp:attachment":[{"href":"https:\/\/axkid.com\/fr\/wp-json\/wp\/v2\/media?parent=190828"}],"wp:term":[{"taxonomy":"product_brand","embeddable":true,"href":"https:\/\/axkid.com\/fr\/wp-json\/wp\/v2\/product_brand?post=190828"},{"taxonomy":"product_cat","embeddable":true,"href":"https:\/\/axkid.com\/fr\/wp-json\/wp\/v2\/product_cat?post=190828"},{"taxonomy":"product_tag","embeddable":true,"href":"https:\/\/axkid.com\/fr\/wp-json\/wp\/v2\/product_tag?post=190828"}],"curies":[{"name":"wp","href":"https:\/\/api.w.org\/{rel}","templated":true}]}}