{"id":190845,"date":"2026-04-23T08:27:59","date_gmt":"2026-04-23T07:27:59","guid":{"rendered":"https:\/\/axkid.com\/fr\/?post_type=product&#038;p=190845"},"modified":"2026-04-24T14:19:38","modified_gmt":"2026-04-24T13:19:38","slug":"bundle-zero-pro-base","status":"publish","type":"product","link":"https:\/\/axkid.com\/fr\/product\/bundle-zero-pro-base\/","title":{"rendered":"Si\u00e8ge auto pour b\u00e9b\u00e9 Zero+ base Isofix"},"content":{"rendered":"","protected":false},"excerpt":{"rendered":"<p>Le pack Zero Pro + Base est un ensemble si\u00e8ge auto b\u00e9b\u00e9 + base ISOFIX con\u00e7u pour des trajets s\u00fbrs et simples d\u00e8s le premier jour. En combinant le si\u00e8ge auto l\u00e9ger Zero Pro avec une base ISOFIX pivotante, on obtient une installation s\u00e9curis\u00e9e, une fixation en un clic et une manipulation quotidienne facilit\u00e9e pour les familles avec un nouveau-n\u00e9. Adapt\u00e9 de 40 \u00e0 87 cm et de 0 \u00e0 13 kg, Zero Pro est certifi\u00e9 R129 i-Size et con\u00e7u pour accompagner les tout-petits d\u00e8s le trajet de retour \u00e0 la maison. <\/p>\n","protected":false},"featured_media":190864,"comment_status":"open","ping_status":"closed","template":"","meta":{"_acf_changed":false,"_seopress_robots_primary_cat":"175","_seopress_titles_title":"Zero Pro + Base | Si\u00e8ge-auto-b\u00e9b\u00e9 ISOFIX | Axkid","_seopress_titles_desc":"Zero Pro + Base combine un si\u00e8ge-auto-b\u00e9b\u00e9 l\u00e9ger avec une base ISOFIX pour des trajets s\u00fbrs et simples d\u00e8s le premier jour.","_seopress_robots_index":"","content-type":"","_relevanssi_hide_post":"","_relevanssi_hide_content":"","_relevanssi_pin_for_all":"","_relevanssi_pin_keywords":"","_relevanssi_unpin_keywords":"","_relevanssi_related_keywords":"","_relevanssi_related_include_ids":"","_relevanssi_related_exclude_ids":"","_relevanssi_related_no_append":"","_relevanssi_related_not_related":"","_relevanssi_related_posts":"","_relevanssi_noindex_reason":"","editor_notices":[]},"product_brand":[],"product_cat":[175,18],"product_tag":[],"class_list":{"0":"post-190845","1":"product","2":"type-product","3":"status-publish","4":"has-post-thumbnail","6":"product_cat-bundle","7":"product_cat-sieges-auto","9":"first","10":"onbackorder","11":"sale","12":"taxable","13":"shipping-taxable","14":"purchasable","15":"product-type-bundle"},"bundled_by":[],"bundle_stock_status":"instock","bundle_stock_quantity":"","bundle_virtual":false,"bundle_layout":"default","bundle_add_to_cart_form_location":"default","bundle_editable_in_cart":false,"bundle_sold_individually_context":"product","bundle_item_grouping":"parent","bundle_min_size":"","bundle_max_size":"","bundle_price":{"price":{"min":{"incl_tax":"399","excl_tax":"332.5"},"max":{"incl_tax":"399","excl_tax":"332.5"}},"regular_price":{"min":{"incl_tax":"399.98","excl_tax":"333.32"},"max":{"incl_tax":"399.98","excl_tax":"333.32"}}},"bundled_items":[{"bundled_item_id":34,"product_id":190886,"menu_order":0,"quantity_min":1,"quantity_max":1,"quantity_default":1,"priced_individually":true,"shipped_individually":false,"override_title":false,"title":"Zero Pro","override_description":false,"description":"","optional":false,"hide_thumbnail":false,"discount":"0.245012","override_variations":false,"allowed_variations":[],"override_default_variation_attributes":false,"default_variation_attributes":[],"single_product_visibility":"visible","cart_visibility":"visible","order_visibility":"visible","single_product_price_visibility":"visible","cart_price_visibility":"visible","order_price_visibility":"visible","stock_status":"on_backorder"},{"bundled_item_id":33,"product_id":190828,"menu_order":1,"quantity_min":1,"quantity_max":1,"quantity_default":1,"priced_individually":true,"shipped_individually":false,"override_title":false,"title":"Zero base","override_description":false,"description":"","optional":false,"hide_thumbnail":false,"discount":"0.245012","override_variations":false,"allowed_variations":[],"override_default_variation_attributes":false,"default_variation_attributes":[],"single_product_visibility":"visible","cart_visibility":"visible","order_visibility":"visible","single_product_price_visibility":"visible","cart_price_visibility":"visible","order_price_visibility":"visible","stock_status":"on_backorder"}],"bundle_sell_ids":[],"acf":[],"jetpack_sharing_enabled":true,"_links":{"self":[{"href":"https:\/\/axkid.com\/fr\/wp-json\/wp\/v2\/product\/190845","targetHints":{"allow":["GET"]}}],"collection":[{"href":"https:\/\/axkid.com\/fr\/wp-json\/wp\/v2\/product"}],"about":[{"href":"https:\/\/axkid.com\/fr\/wp-json\/wp\/v2\/types\/product"}],"replies":[{"embeddable":true,"href":"https:\/\/axkid.com\/fr\/wp-json\/wp\/v2\/comments?post=190845"}],"wp:featuredmedia":[{"embeddable":true,"href":"https:\/\/axkid.com\/fr\/wp-json\/wp\/v2\/media\/190864"}],"wp:attachment":[{"href":"https:\/\/axkid.com\/fr\/wp-json\/wp\/v2\/media?parent=190845"}],"wp:term":[{"taxonomy":"product_brand","embeddable":true,"href":"https:\/\/axkid.com\/fr\/wp-json\/wp\/v2\/product_brand?post=190845"},{"taxonomy":"product_cat","embeddable":true,"href":"https:\/\/axkid.com\/fr\/wp-json\/wp\/v2\/product_cat?post=190845"},{"taxonomy":"product_tag","embeddable":true,"href":"https:\/\/axkid.com\/fr\/wp-json\/wp\/v2\/product_tag?post=190845"}],"curies":[{"name":"wp","href":"https:\/\/api.w.org\/{rel}","templated":true}]}}