{"id":190886,"date":"2026-04-23T08:51:26","date_gmt":"2026-04-23T07:51:26","guid":{"rendered":"https:\/\/axkid.com\/fr\/?post_type=product&#038;p=190886"},"modified":"2026-04-24T12:12:09","modified_gmt":"2026-04-24T11:12:09","slug":"zero-pro","status":"publish","type":"product","link":"https:\/\/axkid.com\/fr\/product\/zero-pro\/","title":{"rendered":"Zero Pro"},"content":{"rendered":"","protected":false},"excerpt":{"rendered":"<p>Zero Pro est un si\u00e8ge auto b\u00e9b\u00e9 con\u00e7u pour garder votre nouveau-n\u00e9 en s\u00e9curit\u00e9 d\u00e8s le premier jour. L\u00e9ger et facile \u00e0 porter, il est con\u00e7u pour offrir aux tout-petits le soutien dont ils ont besoin d\u00e8s le trajet de retour \u00e0 la maison. Adapt\u00e9 de 40 \u00e0 87 cm et jusqu\u2019\u00e0 13 kg, Zero Pro est homologu\u00e9 R129 i-Size et peut \u00eatre install\u00e9 avec la base Zero Pro ou avec la ceinture de s\u00e9curit\u00e9 du v\u00e9hicule.<\/p>\n","protected":false},"featured_media":190836,"comment_status":"open","ping_status":"closed","template":"","meta":{"_acf_changed":false,"_seopress_robots_primary_cat":"79","_seopress_titles_title":"Si\u00e8ge-auto b\u00e9b\u00e9 Zero Pro | S\u00e9curit\u00e9 nouveau-n\u00e9 d\u00e8s le premier jour","_seopress_titles_desc":"Zero Pro est un si\u00e8ge auto b\u00e9b\u00e9 l\u00e9ger pour les nouveau-n\u00e9s jusqu\u2019\u00e0 15 mois (40\u201387 cm, 0\u201313 kg). Homologu\u00e9 R129 i-Size et compatible travel system.","_seopress_robots_index":"","content-type":"","_relevanssi_hide_post":"","_relevanssi_hide_content":"","_relevanssi_pin_for_all":"","_relevanssi_pin_keywords":"","_relevanssi_unpin_keywords":"","_relevanssi_related_keywords":"","_relevanssi_related_include_ids":"","_relevanssi_related_exclude_ids":"","_relevanssi_related_no_append":"","_relevanssi_related_not_related":"","_relevanssi_related_posts":"","_relevanssi_noindex_reason":"","editor_notices":[]},"product_brand":[],"product_cat":[79,18],"product_tag":[],"class_list":{"0":"post-190886","1":"product","2":"type-product","3":"status-publish","4":"has-post-thumbnail","6":"product_cat-sieges-auto-pour-nouveau-ne-et-bebe","7":"product_cat-sieges-auto","9":"first","10":"onbackorder","11":"taxable","12":"shipping-taxable","13":"purchasable","14":"product-type-variable","15":"has-default-attributes"},"bundled_by":["190845"],"bundle_stock_status":"onbackorder","bundle_stock_quantity":null,"bundle_virtual":false,"bundle_layout":"","bundle_add_to_cart_form_location":"","bundle_editable_in_cart":false,"bundle_sold_individually_context":"","bundle_item_grouping":"","bundle_min_size":"","bundle_max_size":"","bundle_price":[],"bundled_items":[],"bundle_sell_ids":[],"acf":[],"jetpack_sharing_enabled":true,"_links":{"self":[{"href":"https:\/\/axkid.com\/fr\/wp-json\/wp\/v2\/product\/190886","targetHints":{"allow":["GET"]}}],"collection":[{"href":"https:\/\/axkid.com\/fr\/wp-json\/wp\/v2\/product"}],"about":[{"href":"https:\/\/axkid.com\/fr\/wp-json\/wp\/v2\/types\/product"}],"replies":[{"embeddable":true,"href":"https:\/\/axkid.com\/fr\/wp-json\/wp\/v2\/comments?post=190886"}],"wp:featuredmedia":[{"embeddable":true,"href":"https:\/\/axkid.com\/fr\/wp-json\/wp\/v2\/media\/190836"}],"wp:attachment":[{"href":"https:\/\/axkid.com\/fr\/wp-json\/wp\/v2\/media?parent=190886"}],"wp:term":[{"taxonomy":"product_brand","embeddable":true,"href":"https:\/\/axkid.com\/fr\/wp-json\/wp\/v2\/product_brand?post=190886"},{"taxonomy":"product_cat","embeddable":true,"href":"https:\/\/axkid.com\/fr\/wp-json\/wp\/v2\/product_cat?post=190886"},{"taxonomy":"product_tag","embeddable":true,"href":"https:\/\/axkid.com\/fr\/wp-json\/wp\/v2\/product_tag?post=190886"}],"curies":[{"name":"wp","href":"https:\/\/api.w.org\/{rel}","templated":true}]}}