{"id":25986,"date":"2024-07-30T14:41:47","date_gmt":"2024-07-30T13:41:47","guid":{"rendered":"https:\/\/axkid.com\/fr-2-0\/?post_type=product&#038;p=25986"},"modified":"2026-04-24T20:06:16","modified_gmt":"2026-04-24T19:06:16","slug":"polystyrene-gauche-nextkid","status":"publish","type":"product","link":"https:\/\/axkid.com\/fr\/product\/polystyrene-gauche-nextkid\/","title":{"rendered":"Polystyr\u00e8ne gauche &#8211; Nextkid"},"content":{"rendered":"<p>Polystyr\u00e8ne gauche pour si\u00e8ge Axkid Nextkid . C\u00f4t\u00e9 gauche du point de vue de l&rsquo;enfant, lorsqu&rsquo;il est assis dans le si\u00e8ge.<\/p>\n","protected":false},"excerpt":{"rendered":"<p>Polystyr\u00e8ne gauche pour si\u00e8ge Axkid Nextkid . C\u00f4t\u00e9 gauche du point de vue de l&rsquo;enfant, lorsqu&rsquo;il est assis dans le si\u00e8ge.<\/p>\n","protected":false},"featured_media":0,"comment_status":"closed","ping_status":"closed","template":"","meta":{"_acf_changed":false,"_seopress_robots_primary_cat":"none","_seopress_titles_title":"","_seopress_titles_desc":"","_seopress_robots_index":"","content-type":"","_relevanssi_hide_post":"","_relevanssi_hide_content":"","_relevanssi_pin_for_all":"","_relevanssi_pin_keywords":"","_relevanssi_unpin_keywords":"","_relevanssi_related_keywords":"","_relevanssi_related_include_ids":"","_relevanssi_related_exclude_ids":"","_relevanssi_related_no_append":"","_relevanssi_related_not_related":"","_relevanssi_related_posts":"","_relevanssi_noindex_reason":"","editor_notices":[]},"product_brand":[],"product_cat":[17,375,514,512],"product_tag":[],"class_list":{"0":"post-25986","1":"product","2":"type-product","3":"status-publish","5":"product_cat-accessoires","6":"product_cat-pieces-detachees","7":"product_cat-polystyrenes","8":"product_cat-toutes-les-pieces-detachees","10":"first","11":"onbackorder","12":"taxable","13":"shipping-taxable","14":"purchasable","15":"product-type-simple"},"bundled_by":[],"bundle_stock_status":"onbackorder","bundle_stock_quantity":0,"bundle_virtual":false,"bundle_layout":"","bundle_add_to_cart_form_location":"","bundle_editable_in_cart":false,"bundle_sold_individually_context":"","bundle_item_grouping":"","bundle_min_size":"","bundle_max_size":"","bundle_price":[],"bundled_items":[],"bundle_sell_ids":[],"acf":[],"jetpack_sharing_enabled":true,"_links":{"self":[{"href":"https:\/\/axkid.com\/fr\/wp-json\/wp\/v2\/product\/25986","targetHints":{"allow":["GET"]}}],"collection":[{"href":"https:\/\/axkid.com\/fr\/wp-json\/wp\/v2\/product"}],"about":[{"href":"https:\/\/axkid.com\/fr\/wp-json\/wp\/v2\/types\/product"}],"replies":[{"embeddable":true,"href":"https:\/\/axkid.com\/fr\/wp-json\/wp\/v2\/comments?post=25986"}],"wp:attachment":[{"href":"https:\/\/axkid.com\/fr\/wp-json\/wp\/v2\/media?parent=25986"}],"wp:term":[{"taxonomy":"product_brand","embeddable":true,"href":"https:\/\/axkid.com\/fr\/wp-json\/wp\/v2\/product_brand?post=25986"},{"taxonomy":"product_cat","embeddable":true,"href":"https:\/\/axkid.com\/fr\/wp-json\/wp\/v2\/product_cat?post=25986"},{"taxonomy":"product_tag","embeddable":true,"href":"https:\/\/axkid.com\/fr\/wp-json\/wp\/v2\/product_tag?post=25986"}],"curies":[{"name":"wp","href":"https:\/\/api.w.org\/{rel}","templated":true}]}}