{"id":635,"date":"2019-09-12T09:01:04","date_gmt":"2019-09-12T08:01:04","guid":{"rendered":"\/?post_type=product&#038;p=635"},"modified":"2026-05-01T20:07:00","modified_gmt":"2026-05-01T19:07:00","slug":"attachment-loops","status":"publish","type":"product","link":"https:\/\/axkid.com\/fr\/product\/attachment-loops\/","title":{"rendered":"Anneaux d&rsquo;ancrage courts loops"},"content":{"rendered":"<p>Axkids attachment loops are designed to simplify installing the car seat in your vehicle. Two attachment loops in each pack.<\/p>\n","protected":false},"excerpt":{"rendered":"<p>Les anneaux d\u2019ancrage Axkid sont con\u00e7us pour simplifier l\u2019installation du si\u00e8ge-auto dos \u00e0 la route dans votre v\u00e9hicule. Deux anneaux par paquet sont fournis<\/p>\n","protected":false},"featured_media":825,"comment_status":"open","ping_status":"closed","template":"","meta":{"_acf_changed":false,"_seopress_robots_primary_cat":"none","_seopress_titles_title":"Axkid Attachment Loops | Car seat accessories | Axkid","_seopress_titles_desc":"The loops simplifys the installation of the car seat in your vehicle. Easy attachment of the Axkid Minikid tensioners with no need for additional tethers","_seopress_robots_index":"","content-type":"","_relevanssi_hide_post":"","_relevanssi_hide_content":"","_relevanssi_pin_for_all":"","_relevanssi_pin_keywords":"","_relevanssi_unpin_keywords":"","_relevanssi_related_keywords":"","_relevanssi_related_include_ids":"","_relevanssi_related_exclude_ids":"","_relevanssi_related_no_append":"","_relevanssi_related_not_related":"","_relevanssi_related_posts":"","_relevanssi_noindex_reason":"","editor_notices":[]},"product_brand":[],"product_cat":[17,503,502,506,509,438,505,511],"product_tag":[63],"class_list":{"0":"post-635","1":"product","2":"type-product","3":"status-publish","4":"has-post-thumbnail","6":"product_cat-accessoires","7":"product_cat-accessoires-de-voiture","8":"product_cat-accessoires-de-sieges-auto","9":"product_cat-ameliorer-installation","10":"product_cat-anneaux-dancrage","11":"product_cat-tether-straps","12":"product_cat-tous-les-accessoires-de-sieges-auto","13":"product_cat-tous-les-accessoires-de-voiture","14":"product_tag-installation-accessories","16":"first","17":"instock","18":"taxable","19":"shipping-taxable","20":"purchasable","21":"product-type-simple"},"bundled_by":[],"bundle_stock_status":"instock","bundle_stock_quantity":22,"bundle_virtual":false,"bundle_layout":"","bundle_add_to_cart_form_location":"","bundle_editable_in_cart":false,"bundle_sold_individually_context":"","bundle_item_grouping":"","bundle_min_size":"","bundle_max_size":"","bundle_price":[],"bundled_items":[],"bundle_sell_ids":[],"acf":[],"jetpack_sharing_enabled":true,"_links":{"self":[{"href":"https:\/\/axkid.com\/fr\/wp-json\/wp\/v2\/product\/635","targetHints":{"allow":["GET"]}}],"collection":[{"href":"https:\/\/axkid.com\/fr\/wp-json\/wp\/v2\/product"}],"about":[{"href":"https:\/\/axkid.com\/fr\/wp-json\/wp\/v2\/types\/product"}],"replies":[{"embeddable":true,"href":"https:\/\/axkid.com\/fr\/wp-json\/wp\/v2\/comments?post=635"}],"wp:featuredmedia":[{"embeddable":true,"href":"https:\/\/axkid.com\/fr\/wp-json\/wp\/v2\/media\/825"}],"wp:attachment":[{"href":"https:\/\/axkid.com\/fr\/wp-json\/wp\/v2\/media?parent=635"}],"wp:term":[{"taxonomy":"product_brand","embeddable":true,"href":"https:\/\/axkid.com\/fr\/wp-json\/wp\/v2\/product_brand?post=635"},{"taxonomy":"product_cat","embeddable":true,"href":"https:\/\/axkid.com\/fr\/wp-json\/wp\/v2\/product_cat?post=635"},{"taxonomy":"product_tag","embeddable":true,"href":"https:\/\/axkid.com\/fr\/wp-json\/wp\/v2\/product_tag?post=635"}],"curies":[{"name":"wp","href":"https:\/\/api.w.org\/{rel}","templated":true}]}}