{"id":813,"date":"2019-08-24T13:27:07","date_gmt":"2019-08-24T12:27:07","guid":{"rendered":"\/?post_type=product&#038;p=813"},"modified":"2026-05-01T20:07:02","modified_gmt":"2026-05-01T19:07:02","slug":"baby-cushion","status":"publish","type":"product","link":"https:\/\/axkid.com\/fr\/product\/baby-cushion\/","title":{"rendered":"Coussin r\u00e9ducteur b\u00e9b\u00e9"},"content":{"rendered":"<p>Soft cushion to provide smaller children with better support. The cushion raises the child so that the seat belt is better positioned, enabling your child to sit better and more securely. Compatible with all rear-facing car seats from Axkid.<\/p>\n","protected":false},"excerpt":{"rendered":"<p>Coussin doux pour b\u00e9b\u00e9 offrant un meilleur soutien aux petits enfants. Ce coussin rehausse l\u2019enfant de mani\u00e8re \u00e0 ce que le harnais soit mieux positionn\u00e9 et que votre enfant profite d\u2019une meilleure position assise et d\u2019une meilleure s\u00e9curit\u00e9. Compatible avec tous les si\u00e8ges auto dos \u00e0 la route Axkid.<\/p>\n","protected":false},"featured_media":818,"comment_status":"open","ping_status":"closed","template":"","meta":{"_acf_changed":false,"_seopress_robots_primary_cat":"none","_seopress_titles_title":"Axkid Baby Cushion | Car seat accessories | Axkid","_seopress_titles_desc":"The cushion provides smaller children with better support. Can be washed much more easily than the cover. Compatible with all rear-facing car seats from Axkid.","_seopress_robots_index":"","content-type":"","_relevanssi_hide_post":"","_relevanssi_hide_content":"","_relevanssi_pin_for_all":"","_relevanssi_pin_keywords":"","_relevanssi_unpin_keywords":"","_relevanssi_related_keywords":"","_relevanssi_related_include_ids":"","_relevanssi_related_exclude_ids":"","_relevanssi_related_no_append":"","_relevanssi_related_not_related":"","_relevanssi_related_posts":"","_relevanssi_noindex_reason":"","editor_notices":[]},"product_brand":[],"product_cat":[17,502,506,435,505],"product_tag":[94],"class_list":{"0":"post-813","1":"product","2":"type-product","3":"status-publish","4":"has-post-thumbnail","6":"product_cat-accessoires","7":"product_cat-accessoires-de-sieges-auto","8":"product_cat-ameliorer-installation","9":"product_cat-reducteurs","10":"product_cat-tous-les-accessoires-de-sieges-auto","11":"product_tag-accessories-comfort-and-protection","13":"first","14":"instock","15":"taxable","16":"shipping-taxable","17":"purchasable","18":"product-type-simple"},"bundled_by":[],"bundle_stock_status":"instock","bundle_stock_quantity":2,"bundle_virtual":false,"bundle_layout":"","bundle_add_to_cart_form_location":"","bundle_editable_in_cart":false,"bundle_sold_individually_context":"","bundle_item_grouping":"","bundle_min_size":"","bundle_max_size":"","bundle_price":[],"bundled_items":[],"bundle_sell_ids":[],"acf":[],"jetpack_sharing_enabled":true,"_links":{"self":[{"href":"https:\/\/axkid.com\/fr\/wp-json\/wp\/v2\/product\/813","targetHints":{"allow":["GET"]}}],"collection":[{"href":"https:\/\/axkid.com\/fr\/wp-json\/wp\/v2\/product"}],"about":[{"href":"https:\/\/axkid.com\/fr\/wp-json\/wp\/v2\/types\/product"}],"replies":[{"embeddable":true,"href":"https:\/\/axkid.com\/fr\/wp-json\/wp\/v2\/comments?post=813"}],"wp:featuredmedia":[{"embeddable":true,"href":"https:\/\/axkid.com\/fr\/wp-json\/wp\/v2\/media\/818"}],"wp:attachment":[{"href":"https:\/\/axkid.com\/fr\/wp-json\/wp\/v2\/media?parent=813"}],"wp:term":[{"taxonomy":"product_brand","embeddable":true,"href":"https:\/\/axkid.com\/fr\/wp-json\/wp\/v2\/product_brand?post=813"},{"taxonomy":"product_cat","embeddable":true,"href":"https:\/\/axkid.com\/fr\/wp-json\/wp\/v2\/product_cat?post=813"},{"taxonomy":"product_tag","embeddable":true,"href":"https:\/\/axkid.com\/fr\/wp-json\/wp\/v2\/product_tag?post=813"}],"curies":[{"name":"wp","href":"https:\/\/api.w.org\/{rel}","templated":true}]}}