{"id":15267,"date":"2024-09-25T06:00:24","date_gmt":"2024-09-25T05:00:24","guid":{"rendered":"https:\/\/axkid.com\/?post_type=product&#038;p=15267"},"modified":"2025-12-16T08:56:28","modified_gmt":"2025-12-16T07:56:28","slug":"spinkid","status":"publish","type":"product","link":"https:\/\/axkid.com\/hr\/product\/spinkid\/","title":{"rendered":"Spinkid"},"content":{"rendered":"","protected":false},"excerpt":{"rendered":"<p>Axkid Spinkid je rotiraju\u0107a dje\u010dja autosjedalica koja olak\u0161ava svakodnevni \u017eivot roditeljima. Udobna funkcija <strong>rotacije od 180 stupnjeva<\/strong> \u010dini je jednostavnom za rukovanje, istovremeno pru\u017eaju\u0107i ogromne sigurnosne prednosti vo\u017enje u suprotnom smjeru.<\/p>\n","protected":false},"featured_media":15278,"comment_status":"open","ping_status":"closed","template":"","meta":{"_acf_changed":false,"_seopress_robots_primary_cat":"none","_seopress_titles_title":"Dje\u010dja autosjedalica Spinkid | Axkid","_seopress_titles_desc":"Axkid Spinkid je rotiraju\u0107a dje\u010dja autosjedalica koja olak\u0161ava svakodnevni \u017eivot roditeljima. Udobna funkcija rotacije od 180 stupnjeva \u010dini je jednostavnom","_seopress_robots_index":"","_seopress_analysis_target_kw":"","content-type":"","_relevanssi_hide_post":"","_relevanssi_hide_content":"","_relevanssi_pin_for_all":"","_relevanssi_pin_keywords":"","_relevanssi_unpin_keywords":"","_relevanssi_related_keywords":"","_relevanssi_related_include_ids":"","_relevanssi_related_exclude_ids":"","_relevanssi_related_no_append":"","_relevanssi_related_not_related":"","_relevanssi_related_posts":"","_relevanssi_noindex_reason":"","editor_notices":[]},"product_brand":[],"product_cat":[80,79,412,531,18],"product_tag":[],"class_list":{"0":"post-15267","1":"product","2":"type-product","3":"status-publish","4":"has-post-thumbnail","6":"product_cat-autosjedalice-okrenute-unatrag","7":"product_cat-autosjedalice-za-novorodencad-i-bebe","8":"product_cat-outlet","9":"product_cat-malcek","10":"product_cat-autosjedalice","12":"first","13":"instock","14":"sale","15":"taxable","16":"shipping-taxable","17":"purchasable","18":"product-type-variable","19":"has-default-attributes"},"bundled_by":[],"bundle_stock_status":"instock","bundle_stock_quantity":null,"bundle_virtual":false,"bundle_layout":"","bundle_add_to_cart_form_location":"","bundle_editable_in_cart":false,"bundle_sold_individually_context":"","bundle_item_grouping":"","bundle_min_size":"","bundle_max_size":"","bundle_price":[],"bundled_items":[],"bundle_sell_ids":[],"acf":[],"jetpack_sharing_enabled":true,"_links":{"self":[{"href":"https:\/\/axkid.com\/hr\/wp-json\/wp\/v2\/product\/15267","targetHints":{"allow":["GET"]}}],"collection":[{"href":"https:\/\/axkid.com\/hr\/wp-json\/wp\/v2\/product"}],"about":[{"href":"https:\/\/axkid.com\/hr\/wp-json\/wp\/v2\/types\/product"}],"replies":[{"embeddable":true,"href":"https:\/\/axkid.com\/hr\/wp-json\/wp\/v2\/comments?post=15267"}],"wp:featuredmedia":[{"embeddable":true,"href":"https:\/\/axkid.com\/hr\/wp-json\/wp\/v2\/media\/15278"}],"wp:attachment":[{"href":"https:\/\/axkid.com\/hr\/wp-json\/wp\/v2\/media?parent=15267"}],"wp:term":[{"taxonomy":"product_brand","embeddable":true,"href":"https:\/\/axkid.com\/hr\/wp-json\/wp\/v2\/product_brand?post=15267"},{"taxonomy":"product_cat","embeddable":true,"href":"https:\/\/axkid.com\/hr\/wp-json\/wp\/v2\/product_cat?post=15267"},{"taxonomy":"product_tag","embeddable":true,"href":"https:\/\/axkid.com\/hr\/wp-json\/wp\/v2\/product_tag?post=15267"}],"curies":[{"name":"wp","href":"https:\/\/api.w.org\/{rel}","templated":true}]}}