{"id":15416,"date":"2023-04-28T08:32:49","date_gmt":"2023-04-28T07:32:49","guid":{"rendered":"https:\/\/axkid.com\/?post_type=product&#038;p=15416"},"modified":"2025-12-15T16:48:21","modified_gmt":"2025-12-15T15:48:21","slug":"axkid-one-one-replacement-cover","status":"publish","type":"product","link":"https:\/\/axkid.com\/hr\/product\/axkid-one-one-replacement-cover\/","title":{"rendered":"Zamjenska navlaka za ONE\/ONE+ i ONE2\/ONE+2"},"content":{"rendered":"<p>This is the Axkid One replacement cover. It is suitable for the Axkid ONE\/ONE2 and Axkid ONE+\/ONE+2. Do you want change the colour or simply freshen the fabrics. This item is the main textile cover only. crotch buckle cover and shoulder strap covers sold separately.<\/p>\n","protected":false},"excerpt":{"rendered":"<p>Ovo je zamjenska navlaka za Axkid One. Pogodna je za Axkid ONE\/ONE2 i Axkid ONE+\/ONE+2. \u017delite li promijeniti boju ili jednostavno osvje\u017eiti tkaninu? Ovaj artikl je samo glavna tekstilna navlaka. Navlaka za kop\u010du me\u0111uno\u017eja i navlake za naramenice prodaju se zasebno.<\/p>\n","protected":false},"featured_media":15419,"comment_status":"closed","ping_status":"closed","template":"","meta":{"_acf_changed":false,"_seopress_robots_primary_cat":"none","_seopress_titles_title":"Zamjenska navlaka za ONE\/ONE+ i ONE2\/ONE+2","_seopress_titles_desc":"ZOvo je zamjenska navlaka za Axkid One. Pogodna je za Axkid ONE\/ONE2 i Axkid ONE+\/ONE+2. \u017delite li promijeniti boju ili jednostavno osvje\u017eiti tkaninu?","_seopress_robots_index":"","content-type":"","_relevanssi_hide_post":"","_relevanssi_hide_content":"","_relevanssi_pin_for_all":"","_relevanssi_pin_keywords":"","_relevanssi_unpin_keywords":"","_relevanssi_related_keywords":"","_relevanssi_related_include_ids":"","_relevanssi_related_exclude_ids":"","_relevanssi_related_no_append":"","_relevanssi_related_not_related":"","_relevanssi_related_posts":"","_relevanssi_noindex_reason":"","editor_notices":[]},"product_brand":[],"product_cat":[434,375],"product_tag":[],"class_list":{"0":"post-15416","1":"product","2":"type-product","3":"status-publish","4":"has-post-thumbnail","6":"product_cat-car-seat-covers","7":"product_cat-spare-parts","9":"first","10":"instock","11":"taxable","12":"shipping-taxable","13":"purchasable","14":"product-type-variable","15":"has-default-attributes"},"bundled_by":[],"bundle_stock_status":"instock","bundle_stock_quantity":null,"bundle_virtual":false,"bundle_layout":"","bundle_add_to_cart_form_location":"","bundle_editable_in_cart":false,"bundle_sold_individually_context":"","bundle_item_grouping":"","bundle_min_size":"","bundle_max_size":"","bundle_price":[],"bundled_items":[],"bundle_sell_ids":[],"acf":[],"jetpack_sharing_enabled":true,"_links":{"self":[{"href":"https:\/\/axkid.com\/hr\/wp-json\/wp\/v2\/product\/15416","targetHints":{"allow":["GET"]}}],"collection":[{"href":"https:\/\/axkid.com\/hr\/wp-json\/wp\/v2\/product"}],"about":[{"href":"https:\/\/axkid.com\/hr\/wp-json\/wp\/v2\/types\/product"}],"replies":[{"embeddable":true,"href":"https:\/\/axkid.com\/hr\/wp-json\/wp\/v2\/comments?post=15416"}],"wp:featuredmedia":[{"embeddable":true,"href":"https:\/\/axkid.com\/hr\/wp-json\/wp\/v2\/media\/15419"}],"wp:attachment":[{"href":"https:\/\/axkid.com\/hr\/wp-json\/wp\/v2\/media?parent=15416"}],"wp:term":[{"taxonomy":"product_brand","embeddable":true,"href":"https:\/\/axkid.com\/hr\/wp-json\/wp\/v2\/product_brand?post=15416"},{"taxonomy":"product_cat","embeddable":true,"href":"https:\/\/axkid.com\/hr\/wp-json\/wp\/v2\/product_cat?post=15416"},{"taxonomy":"product_tag","embeddable":true,"href":"https:\/\/axkid.com\/hr\/wp-json\/wp\/v2\/product_tag?post=15416"}],"curies":[{"name":"wp","href":"https:\/\/api.w.org\/{rel}","templated":true}]}}