{"id":15722,"date":"2023-12-08T09:55:19","date_gmt":"2023-12-08T08:55:19","guid":{"rendered":"https:\/\/axkid.com\/?post_type=product&#038;p=15722"},"modified":"2025-12-15T16:34:09","modified_gmt":"2025-12-15T15:34:09","slug":"attachment-loops-160-mm","status":"publish","type":"product","link":"https:\/\/axkid.com\/hr\/product\/attachment-loops-160-mm\/","title":{"rendered":"AXKID Om\u010de za pri\u010dvr\u0161\u0107ivanje 160 mm za Minikid\/Movekid"},"content":{"rendered":"<p>Axkid Attachment Loops are designed to simplify installing the rear facing car seat in your vehicle.<\/p>\n<p>Two attachment loops in each pack.<\/p>\n<p>Length 160mm.<\/p>\n<p>Other lengths exist: <a href=\"https:\/\/axkid.com\/hr\/product\/attachment-loops\/\">70 mm<\/a>\u00a0 and<a href=\"https:\/\/axkid.com\/hr\/product\/axkid-attachment-loops-120-mm\/\"> 120<\/a> mm<\/p>\n","protected":false},"excerpt":{"rendered":"<p>Axkid om\u010de za pri\u010dvr\u0161\u0107ivanje dizajnirane su za pojednostavljenje postavljanja<strong> autosjedalice Minikid\/Movekid<\/strong> u va\u0161e vozilo. Ove se om\u010de mogu postaviti ispod tra\u010dnica prednjeg sjedala kako bi se omogu\u0107ilo jednostavno pri\u010dvr\u0161\u0107ivanje zateza\u010da Axkid Minikid izravno na automobil bez potrebe za dodatnim vezicama.<\/p>\n","protected":false},"featured_media":15727,"comment_status":"closed","ping_status":"closed","template":"","meta":{"_acf_changed":false,"_seopress_robots_primary_cat":"none","_seopress_titles_title":"AXKID Om\u010de za pri\u010dvr\u0161\u0107ivanje 160 mm za Minikid\/Movekid","_seopress_titles_desc":"Axkid om\u010de za pri\u010dvr\u0161\u0107ivanje dizajnirane su za pojednostavljenje postavljanja autosjedalice Minikid\/Movekid u va\u0161e vozilo.","_seopress_robots_index":"","_seopress_analysis_target_kw":"","content-type":"","_relevanssi_hide_post":"","_relevanssi_hide_content":"","_relevanssi_pin_for_all":"","_relevanssi_pin_keywords":"","_relevanssi_unpin_keywords":"","_relevanssi_related_keywords":"","_relevanssi_related_include_ids":"","_relevanssi_related_exclude_ids":"","_relevanssi_related_no_append":"","_relevanssi_related_not_related":"","_relevanssi_related_posts":"","_relevanssi_noindex_reason":"","editor_notices":[]},"product_brand":[],"product_cat":[17,438],"product_tag":[],"class_list":{"0":"post-15722","1":"product","2":"type-product","3":"status-publish","4":"has-post-thumbnail","6":"product_cat-dodatki","7":"product_cat-tether-straps-attachment-loops","9":"first","10":"instock","11":"taxable","12":"shipping-taxable","13":"purchasable","14":"product-type-simple"},"bundled_by":[],"bundle_stock_status":"instock","bundle_stock_quantity":21,"bundle_virtual":false,"bundle_layout":"","bundle_add_to_cart_form_location":"","bundle_editable_in_cart":false,"bundle_sold_individually_context":"","bundle_item_grouping":"","bundle_min_size":"","bundle_max_size":"","bundle_price":[],"bundled_items":[],"bundle_sell_ids":[],"acf":[],"jetpack_sharing_enabled":true,"_links":{"self":[{"href":"https:\/\/axkid.com\/hr\/wp-json\/wp\/v2\/product\/15722","targetHints":{"allow":["GET"]}}],"collection":[{"href":"https:\/\/axkid.com\/hr\/wp-json\/wp\/v2\/product"}],"about":[{"href":"https:\/\/axkid.com\/hr\/wp-json\/wp\/v2\/types\/product"}],"replies":[{"embeddable":true,"href":"https:\/\/axkid.com\/hr\/wp-json\/wp\/v2\/comments?post=15722"}],"wp:featuredmedia":[{"embeddable":true,"href":"https:\/\/axkid.com\/hr\/wp-json\/wp\/v2\/media\/15727"}],"wp:attachment":[{"href":"https:\/\/axkid.com\/hr\/wp-json\/wp\/v2\/media?parent=15722"}],"wp:term":[{"taxonomy":"product_brand","embeddable":true,"href":"https:\/\/axkid.com\/hr\/wp-json\/wp\/v2\/product_brand?post=15722"},{"taxonomy":"product_cat","embeddable":true,"href":"https:\/\/axkid.com\/hr\/wp-json\/wp\/v2\/product_cat?post=15722"},{"taxonomy":"product_tag","embeddable":true,"href":"https:\/\/axkid.com\/hr\/wp-json\/wp\/v2\/product_tag?post=15722"}],"curies":[{"name":"wp","href":"https:\/\/api.w.org\/{rel}","templated":true}]}}