{"id":25703,"date":"2024-09-30T07:51:52","date_gmt":"2024-09-30T06:51:52","guid":{"rendered":"https:\/\/axkid.com\/?post_type=product&#038;p=25703"},"modified":"2025-12-14T14:49:33","modified_gmt":"2025-12-14T13:49:33","slug":"one-3","status":"publish","type":"product","link":"https:\/\/axkid.com\/hr\/product\/one-3\/","title":{"rendered":"One 3"},"content":{"rendered":"<p>Rear-facing car seats are proven to be the safest option for young children. However, their design and space constraints have made them less popular. That&#8217;s why we&#8217;ve introduced Axkid One\u2014an innovative solution that solves these challenges, for the safety of our children.<\/p>\n","protected":false},"excerpt":{"rendered":"<div class=\"product-intro__description\">\n<p><strong>Najsigurnija ISOFIX autosjedalica za djecu do 7 godina.<\/strong> Axkid One 3 je najnaprednija autosjedalica <strong>s ISOFIX<\/strong> sustavom na tr\u017ei\u0161tu, jedina sjedalica ovog tipa <strong>s presti\u017enim Plus Test certifikatom<\/strong> koji omogu\u0107uje sigurnu vo\u017enju <strong>u smjeru<\/strong> <strong>suprotnom od vo\u017enje<\/strong>. Dizajnirana je za jednostavnu i <strong>brzu instalaciju<\/strong> koja traje manje od 30 sekundi, a zahvaljuju\u0107i <strong>prilagodljivom prostoru za noge<\/strong> koji <strong>nudi dodatnih 30 cm<\/strong>, pru\u017ea iznimnu udobnost za dijete tijekom svakog putovanja.<\/p>\n<\/div>\n","protected":false},"featured_media":3700000844631,"comment_status":"open","ping_status":"closed","template":"","meta":{"_acf_changed":false,"_seopress_robots_primary_cat":"none","_seopress_titles_title":"ONE 3 | Axkid","_seopress_titles_desc":"Najsigurnija ISOFIX autosjedalica za djecu do 7 godina. Axkid One 3 je najnaprednija autosjedalica s ISOFIX sustavom na tr\u017ei\u0161tu","_seopress_robots_index":"","content-type":"","_relevanssi_hide_post":"","_relevanssi_hide_content":"","_relevanssi_pin_for_all":"","_relevanssi_pin_keywords":"","_relevanssi_unpin_keywords":"","_relevanssi_related_keywords":"","_relevanssi_related_include_ids":"","_relevanssi_related_exclude_ids":"","_relevanssi_related_no_append":"","_relevanssi_related_not_related":"","_relevanssi_related_posts":"","_relevanssi_noindex_reason":"","editor_notices":[]},"product_brand":[],"product_cat":[80,531,18],"product_tag":[],"class_list":{"0":"post-25703","1":"product","2":"type-product","3":"status-publish","4":"has-post-thumbnail","6":"product_cat-autosjedalice-okrenute-unatrag","7":"product_cat-malcek","8":"product_cat-autosjedalice","10":"first","11":"instock","12":"sale","13":"taxable","14":"shipping-taxable","15":"purchasable","16":"product-type-variable","17":"has-default-attributes"},"bundled_by":[],"bundle_stock_status":"instock","bundle_stock_quantity":null,"bundle_virtual":false,"bundle_layout":"","bundle_add_to_cart_form_location":"","bundle_editable_in_cart":false,"bundle_sold_individually_context":"","bundle_item_grouping":"","bundle_min_size":"","bundle_max_size":"","bundle_price":[],"bundled_items":[],"bundle_sell_ids":[],"acf":[],"jetpack_sharing_enabled":true,"_links":{"self":[{"href":"https:\/\/axkid.com\/hr\/wp-json\/wp\/v2\/product\/25703","targetHints":{"allow":["GET"]}}],"collection":[{"href":"https:\/\/axkid.com\/hr\/wp-json\/wp\/v2\/product"}],"about":[{"href":"https:\/\/axkid.com\/hr\/wp-json\/wp\/v2\/types\/product"}],"replies":[{"embeddable":true,"href":"https:\/\/axkid.com\/hr\/wp-json\/wp\/v2\/comments?post=25703"}],"wp:featuredmedia":[{"embeddable":true,"href":"https:\/\/axkid.com\/hr\/wp-json\/"}],"wp:attachment":[{"href":"https:\/\/axkid.com\/hr\/wp-json\/wp\/v2\/media?parent=25703"}],"wp:term":[{"taxonomy":"product_brand","embeddable":true,"href":"https:\/\/axkid.com\/hr\/wp-json\/wp\/v2\/product_brand?post=25703"},{"taxonomy":"product_cat","embeddable":true,"href":"https:\/\/axkid.com\/hr\/wp-json\/wp\/v2\/product_cat?post=25703"},{"taxonomy":"product_tag","embeddable":true,"href":"https:\/\/axkid.com\/hr\/wp-json\/wp\/v2\/product_tag?post=25703"}],"curies":[{"name":"wp","href":"https:\/\/api.w.org\/{rel}","templated":true}]}}