{"id":595,"date":"2023-12-06T11:55:01","date_gmt":"2023-12-06T10:55:01","guid":{"rendered":"\/?post_type=product&#038;p=595"},"modified":"2025-12-15T16:39:21","modified_gmt":"2025-12-15T15:39:21","slug":"angle-adjusting-wedge","status":"publish","type":"product","link":"https:\/\/axkid.com\/hr\/product\/angle-adjusting-wedge\/","title":{"rendered":"AXKID Klin za pode\u0161avanje kuta\/ nagiba autosjedalice"},"content":{"rendered":"<p>Angle adjusting wedge, designed and constructed to make the rear facing car seat gently tilt back for added comfort and safety for your child. The wedge fits snugly between the bottom of the rear-facing car seat and the seat of the car. It is important that the car seat does not slant more than approximately 37 degree. The angle adjusting wedge is compatible with all our rear-facing belt-mounted car seats.<\/p>\n","protected":false},"excerpt":{"rendered":"<p>Axkid je stvorio i dizajnirao klin za pode\u0161avanje kuta koji poma\u017ee popuniti prazninu izme\u0111u autosjedalice i sjedala u automobile. To daje va\u0161oj autosjedalici bolji nagib i \u010dini ju udobnijom za va\u0161e dijete. Klin za pode\u0161avanje kuta kompatibilan je sa svim Axkid autosjedalicama koje se montiraju na pojas okrenute prema natrag (Minikid i Movekid).<\/p>\n","protected":false},"featured_media":801,"comment_status":"open","ping_status":"closed","template":"","meta":{"_acf_changed":false,"_seopress_robots_primary_cat":"none","_seopress_titles_title":"AXKID Klin za pode\u0161avanje kuta\/ nagiba autosjedalice","_seopress_titles_desc":"Axkid je stvorio i dizajnirao klin za pode\u0161avanje kuta koji poma\u017ee popuniti prazninu izme\u0111u autosjedalice i sjedala u automobile. To daje va\u0161oj autosjedalici bolji nagib","_seopress_robots_index":"","_seopress_analysis_target_kw":"","content-type":"","_relevanssi_hide_post":"","_relevanssi_hide_content":"","_relevanssi_pin_for_all":"","_relevanssi_pin_keywords":"","_relevanssi_unpin_keywords":"","_relevanssi_related_keywords":"","_relevanssi_related_include_ids":"","_relevanssi_related_exclude_ids":"","_relevanssi_related_no_append":"","_relevanssi_related_not_related":"","_relevanssi_related_posts":"","_relevanssi_noindex_reason":"","editor_notices":[]},"product_brand":[],"product_cat":[17],"product_tag":[63],"class_list":{"0":"post-595","1":"product","2":"type-product","3":"status-publish","4":"has-post-thumbnail","6":"product_cat-dodatki","7":"product_tag-installation-accessories","9":"first","10":"instock","11":"taxable","12":"shipping-taxable","13":"purchasable","14":"product-type-simple"},"bundled_by":[],"bundle_stock_status":"instock","bundle_stock_quantity":125,"bundle_virtual":false,"bundle_layout":"","bundle_add_to_cart_form_location":"","bundle_editable_in_cart":false,"bundle_sold_individually_context":"","bundle_item_grouping":"","bundle_min_size":"","bundle_max_size":"","bundle_price":[],"bundled_items":[],"bundle_sell_ids":[],"acf":[],"jetpack_sharing_enabled":true,"_links":{"self":[{"href":"https:\/\/axkid.com\/hr\/wp-json\/wp\/v2\/product\/595","targetHints":{"allow":["GET"]}}],"collection":[{"href":"https:\/\/axkid.com\/hr\/wp-json\/wp\/v2\/product"}],"about":[{"href":"https:\/\/axkid.com\/hr\/wp-json\/wp\/v2\/types\/product"}],"replies":[{"embeddable":true,"href":"https:\/\/axkid.com\/hr\/wp-json\/wp\/v2\/comments?post=595"}],"wp:featuredmedia":[{"embeddable":true,"href":"https:\/\/axkid.com\/hr\/wp-json\/wp\/v2\/media\/801"}],"wp:attachment":[{"href":"https:\/\/axkid.com\/hr\/wp-json\/wp\/v2\/media?parent=595"}],"wp:term":[{"taxonomy":"product_brand","embeddable":true,"href":"https:\/\/axkid.com\/hr\/wp-json\/wp\/v2\/product_brand?post=595"},{"taxonomy":"product_cat","embeddable":true,"href":"https:\/\/axkid.com\/hr\/wp-json\/wp\/v2\/product_cat?post=595"},{"taxonomy":"product_tag","embeddable":true,"href":"https:\/\/axkid.com\/hr\/wp-json\/wp\/v2\/product_tag?post=595"}],"curies":[{"name":"wp","href":"https:\/\/api.w.org\/{rel}","templated":true}]}}