{"id":630,"date":"2023-12-09T08:56:55","date_gmt":"2023-12-09T07:56:55","guid":{"rendered":"\/?post_type=product&#038;p=630"},"modified":"2025-12-15T16:27:52","modified_gmt":"2025-12-15T15:27:52","slug":"tether-strap","status":"publish","type":"product","link":"https:\/\/axkid.com\/hr\/product\/tether-strap\/","title":{"rendered":"AXKID Tether traka za Minikid 4 ili 4 MAX"},"content":{"rendered":"<p>Designed for installing rear-facing car seats in vehicles lacking attachment loops or requiring extra reach. Each pack includes two straps. Compatible with Axkid Minikid models.<\/p>\n","protected":false},"excerpt":{"rendered":"<p>Produ\u017eni remen za postavljanje re-board autosjedalice AXKID Minikid 3, 4 ili 4 MAX kada nema petlji za pri\u010dvr\u0161\u0107ivanje ili je potrebna trak aza va\u0161 sekundarni automobil. U pakiranju 2 trake.<\/p>\n","protected":false},"featured_media":802,"comment_status":"open","ping_status":"closed","template":"","meta":{"_acf_changed":false,"_seopress_robots_primary_cat":"none","_seopress_titles_title":"AXKID Tether traka za Minikid 4 ili 4 MAX","_seopress_titles_desc":"Produ\u017eni remen za postavljanje re-board autosjedalice AXKID Minikid 3, 4 ili 4 MAX kada nema petlji za pri\u010dvr\u0161\u0107ivanje ili je potrebna trak aza va\u0161 sekundarni automobil. U pakiranju 2 trake.","_seopress_robots_index":"","_seopress_analysis_target_kw":"","content-type":"","_relevanssi_hide_post":"","_relevanssi_hide_content":"","_relevanssi_pin_for_all":"","_relevanssi_pin_keywords":"","_relevanssi_unpin_keywords":"","_relevanssi_related_keywords":"","_relevanssi_related_include_ids":"","_relevanssi_related_exclude_ids":"","_relevanssi_related_no_append":"","_relevanssi_related_not_related":"","_relevanssi_related_posts":"","_relevanssi_noindex_reason":"","editor_notices":[]},"product_brand":[],"product_cat":[17,438],"product_tag":[63],"class_list":{"0":"post-630","1":"product","2":"type-product","3":"status-publish","4":"has-post-thumbnail","6":"product_cat-dodatki","7":"product_cat-tether-straps-attachment-loops","8":"product_tag-installation-accessories","10":"first","11":"instock","12":"taxable","13":"shipping-taxable","14":"purchasable","15":"product-type-simple"},"bundled_by":["2695"],"bundle_stock_status":"instock","bundle_stock_quantity":46,"bundle_virtual":false,"bundle_layout":"","bundle_add_to_cart_form_location":"","bundle_editable_in_cart":false,"bundle_sold_individually_context":"","bundle_item_grouping":"","bundle_min_size":"","bundle_max_size":"","bundle_price":[],"bundled_items":[],"bundle_sell_ids":[],"acf":[],"jetpack_sharing_enabled":true,"_links":{"self":[{"href":"https:\/\/axkid.com\/hr\/wp-json\/wp\/v2\/product\/630","targetHints":{"allow":["GET"]}}],"collection":[{"href":"https:\/\/axkid.com\/hr\/wp-json\/wp\/v2\/product"}],"about":[{"href":"https:\/\/axkid.com\/hr\/wp-json\/wp\/v2\/types\/product"}],"replies":[{"embeddable":true,"href":"https:\/\/axkid.com\/hr\/wp-json\/wp\/v2\/comments?post=630"}],"wp:featuredmedia":[{"embeddable":true,"href":"https:\/\/axkid.com\/hr\/wp-json\/wp\/v2\/media\/802"}],"wp:attachment":[{"href":"https:\/\/axkid.com\/hr\/wp-json\/wp\/v2\/media?parent=630"}],"wp:term":[{"taxonomy":"product_brand","embeddable":true,"href":"https:\/\/axkid.com\/hr\/wp-json\/wp\/v2\/product_brand?post=630"},{"taxonomy":"product_cat","embeddable":true,"href":"https:\/\/axkid.com\/hr\/wp-json\/wp\/v2\/product_cat?post=630"},{"taxonomy":"product_tag","embeddable":true,"href":"https:\/\/axkid.com\/hr\/wp-json\/wp\/v2\/product_tag?post=630"}],"curies":[{"name":"wp","href":"https:\/\/api.w.org\/{rel}","templated":true}]}}