{"id":71087,"date":"2024-09-02T14:50:10","date_gmt":"2024-09-02T13:50:10","guid":{"rendered":"https:\/\/axkid.com\/?post_type=product&#038;p=71087"},"modified":"2025-12-15T16:20:39","modified_gmt":"2025-12-15T15:20:39","slug":"seat-protector-premium-3-in-1-rear-facing","status":"publish","type":"product","link":"https:\/\/axkid.com\/hr\/product\/seat-protector-premium-3-in-1-rear-facing\/","title":{"rendered":"AXKID za\u0161tita sjedala Premium 3-u-1"},"content":{"rendered":"","protected":false},"excerpt":{"rendered":"<p>Za\u0161tita sjedala testirana na sudar, mo\u017ee se koristiti s dje\u010djim sjedalicama okrenutim suprotnom smjeru vo\u017enje ili prema naprijed. Vrhunsko rje\u0161enje za za\u0161titu unutra\u0161njosti va\u0161eg automobila uz pove\u0107anje sigurnosti s tehnologijom protiv proklizavanja. Napravljena da traje cijelo djetinjstvo i testirana na sudar s tabletom kako bi osigurao sigurnost va\u0161eg djeteta u svakoj avanturi.<\/p>\n","protected":false},"featured_media":3700000779444,"comment_status":"open","ping_status":"closed","template":"","meta":{"_acf_changed":false,"_seopress_robots_primary_cat":"none","_seopress_titles_title":"AXKID za\u0161tita sjedala Premium 3-u-1","_seopress_titles_desc":"Za\u0161tita sjedala testirana na sudar, mo\u017ee se koristiti s dje\u010djim sjedalicama okrenutim suprotnom smjeru vo\u017enje ili prema naprijed. Vrhunsko rje\u0161enje","_seopress_robots_index":"","_seopress_analysis_target_kw":"","content-type":"","_relevanssi_hide_post":"","_relevanssi_hide_content":"","_relevanssi_pin_for_all":"","_relevanssi_pin_keywords":"","_relevanssi_unpin_keywords":"","_relevanssi_related_keywords":"","_relevanssi_related_include_ids":"","_relevanssi_related_exclude_ids":"","_relevanssi_related_no_append":"","_relevanssi_related_not_related":"","_relevanssi_related_posts":"","_relevanssi_noindex_reason":"","editor_notices":[]},"product_brand":[],"product_cat":[17,436],"product_tag":[],"class_list":{"0":"post-71087","1":"product","2":"type-product","3":"status-publish","4":"has-post-thumbnail","6":"product_cat-dodatki","7":"product_cat-seat-protector-storage","9":"first","10":"instock","11":"taxable","12":"shipping-taxable","13":"purchasable","14":"product-type-simple"},"bundled_by":[],"bundle_stock_status":"instock","bundle_stock_quantity":37,"bundle_virtual":false,"bundle_layout":"","bundle_add_to_cart_form_location":"","bundle_editable_in_cart":false,"bundle_sold_individually_context":"","bundle_item_grouping":"","bundle_min_size":"","bundle_max_size":"","bundle_price":[],"bundled_items":[],"bundle_sell_ids":[],"acf":[],"jetpack_sharing_enabled":true,"_links":{"self":[{"href":"https:\/\/axkid.com\/hr\/wp-json\/wp\/v2\/product\/71087","targetHints":{"allow":["GET"]}}],"collection":[{"href":"https:\/\/axkid.com\/hr\/wp-json\/wp\/v2\/product"}],"about":[{"href":"https:\/\/axkid.com\/hr\/wp-json\/wp\/v2\/types\/product"}],"replies":[{"embeddable":true,"href":"https:\/\/axkid.com\/hr\/wp-json\/wp\/v2\/comments?post=71087"}],"wp:featuredmedia":[{"embeddable":true,"href":"https:\/\/axkid.com\/hr\/wp-json\/"}],"wp:attachment":[{"href":"https:\/\/axkid.com\/hr\/wp-json\/wp\/v2\/media?parent=71087"}],"wp:term":[{"taxonomy":"product_brand","embeddable":true,"href":"https:\/\/axkid.com\/hr\/wp-json\/wp\/v2\/product_brand?post=71087"},{"taxonomy":"product_cat","embeddable":true,"href":"https:\/\/axkid.com\/hr\/wp-json\/wp\/v2\/product_cat?post=71087"},{"taxonomy":"product_tag","embeddable":true,"href":"https:\/\/axkid.com\/hr\/wp-json\/wp\/v2\/product_tag?post=71087"}],"curies":[{"name":"wp","href":"https:\/\/api.w.org\/{rel}","templated":true}]}}