{"id":72555,"date":"2024-09-02T14:50:25","date_gmt":"2024-09-02T13:50:25","guid":{"rendered":"https:\/\/axkid.com\/?post_type=product&#038;p=72555"},"modified":"2025-12-15T16:02:04","modified_gmt":"2025-12-15T15:02:04","slug":"seat-protector-nappy-change-duo","status":"publish","type":"product","link":"https:\/\/axkid.com\/hr\/product\/seat-protector-nappy-change-duo\/","title":{"rendered":"AXKID za\u0161titna podloga za sjedalo Nappy-Change Duo"},"content":{"rendered":"","protected":false},"excerpt":{"rendered":"<p>Djeluju\u0107i kao za\u0161tita za sjedalo tijekom vo\u017enje, pru\u017ea \u010distu i prakti\u010dnu povr\u0161inu za mijenjanje pelena za va\u0161u bebu bilo gdje na putu, istovremeno osiguravaju\u0107i da va\u0161a autosjedalica ostane za\u0161ti\u0107ena od nezgoda, prolijevanja ili mrlja.<\/p>\n","protected":false},"featured_media":3700000779357,"comment_status":"open","ping_status":"closed","template":"","meta":{"_acf_changed":false,"_seopress_robots_primary_cat":"none","_seopress_titles_title":"AXKID za\u0161titna podloga za sjedalo Nappy-Change Duo","_seopress_titles_desc":"Djeluju\u0107i kao za\u0161tita za sjedalo tijekom vo\u017enje, pru\u017ea \u010distu i prakti\u010dnu povr\u0161inu za mijenjanje pelena za va\u0161u bebu bilo gdje na putu, istovremeno","_seopress_robots_index":"","_seopress_analysis_target_kw":"","content-type":"","_relevanssi_hide_post":"","_relevanssi_hide_content":"","_relevanssi_pin_for_all":"","_relevanssi_pin_keywords":"","_relevanssi_unpin_keywords":"","_relevanssi_related_keywords":"","_relevanssi_related_include_ids":"","_relevanssi_related_exclude_ids":"","_relevanssi_related_no_append":"","_relevanssi_related_not_related":"","_relevanssi_related_posts":"","_relevanssi_noindex_reason":"","editor_notices":[]},"product_brand":[],"product_cat":[17,434],"product_tag":[],"class_list":{"0":"post-72555","1":"product","2":"type-product","3":"status-publish","4":"has-post-thumbnail","6":"product_cat-dodatki","7":"product_cat-car-seat-covers","9":"first","10":"instock","11":"taxable","12":"shipping-taxable","13":"purchasable","14":"product-type-simple"},"bundled_by":[],"bundle_stock_status":"instock","bundle_stock_quantity":11,"bundle_virtual":false,"bundle_layout":"","bundle_add_to_cart_form_location":"","bundle_editable_in_cart":false,"bundle_sold_individually_context":"","bundle_item_grouping":"","bundle_min_size":"","bundle_max_size":"","bundle_price":[],"bundled_items":[],"bundle_sell_ids":[],"acf":[],"jetpack_sharing_enabled":true,"_links":{"self":[{"href":"https:\/\/axkid.com\/hr\/wp-json\/wp\/v2\/product\/72555","targetHints":{"allow":["GET"]}}],"collection":[{"href":"https:\/\/axkid.com\/hr\/wp-json\/wp\/v2\/product"}],"about":[{"href":"https:\/\/axkid.com\/hr\/wp-json\/wp\/v2\/types\/product"}],"replies":[{"embeddable":true,"href":"https:\/\/axkid.com\/hr\/wp-json\/wp\/v2\/comments?post=72555"}],"wp:featuredmedia":[{"embeddable":true,"href":"https:\/\/axkid.com\/hr\/wp-json\/"}],"wp:attachment":[{"href":"https:\/\/axkid.com\/hr\/wp-json\/wp\/v2\/media?parent=72555"}],"wp:term":[{"taxonomy":"product_brand","embeddable":true,"href":"https:\/\/axkid.com\/hr\/wp-json\/wp\/v2\/product_brand?post=72555"},{"taxonomy":"product_cat","embeddable":true,"href":"https:\/\/axkid.com\/hr\/wp-json\/wp\/v2\/product_cat?post=72555"},{"taxonomy":"product_tag","embeddable":true,"href":"https:\/\/axkid.com\/hr\/wp-json\/wp\/v2\/product_tag?post=72555"}],"curies":[{"name":"wp","href":"https:\/\/api.w.org\/{rel}","templated":true}]}}