{"id":72807,"date":"2024-09-02T14:50:12","date_gmt":"2024-09-02T13:50:12","guid":{"rendered":"https:\/\/axkid.com\/?post_type=product&#038;p=72807"},"modified":"2025-12-15T16:12:04","modified_gmt":"2025-12-15T15:12:04","slug":"car-seat-protector-pad","status":"publish","type":"product","link":"https:\/\/axkid.com\/hr\/product\/car-seat-protector-pad\/","title":{"rendered":"AXKID Za\u0161titna vodootporna podloga za dje\u010dju autosjedalicu"},"content":{"rendered":"","protected":false},"excerpt":{"rendered":"<p>Vodootporna za\u0161titna podloga testirana na udare i univerzalna za sve modele dje\u010djih autosjedalica Axkid okrenute suprotnom smjeru vo\u017enje. Produ\u017euje vijek trajanja va\u0161e autosjedalice djeluju\u0107i kao \u0161tit za za\u0161titu od curenja i nakupljanja teku\u0107ine tijekom va\u0161ih avantura.<\/p>\n","protected":false},"featured_media":3700000779440,"comment_status":"open","ping_status":"closed","template":"","meta":{"_acf_changed":false,"_seopress_robots_primary_cat":"none","_seopress_titles_title":"AXKID Za\u0161titna vodootporna podloga za dje\u010dju autosjedalicu","_seopress_titles_desc":"Vodootporna za\u0161titna podloga testirana na udare i univerzalna za sve modele dje\u010djih autosjedalica Axkid okrenute suprotnom smjeru vo\u017enje.","_seopress_robots_index":"","_seopress_analysis_target_kw":"","content-type":"","_relevanssi_hide_post":"","_relevanssi_hide_content":"","_relevanssi_pin_for_all":"","_relevanssi_pin_keywords":"","_relevanssi_unpin_keywords":"","_relevanssi_related_keywords":"","_relevanssi_related_include_ids":"","_relevanssi_related_exclude_ids":"","_relevanssi_related_no_append":"","_relevanssi_related_not_related":"","_relevanssi_related_posts":"","_relevanssi_noindex_reason":"","editor_notices":[]},"product_brand":[],"product_cat":[17,434,435],"product_tag":[],"class_list":{"0":"post-72807","1":"product","2":"type-product","3":"status-publish","4":"has-post-thumbnail","6":"product_cat-dodatki","7":"product_cat-car-seat-covers","8":"product_cat-car-seat-inserts-pads","10":"first","11":"instock","12":"taxable","13":"shipping-taxable","14":"purchasable","15":"product-type-simple"},"bundled_by":[],"bundle_stock_status":"instock","bundle_stock_quantity":26,"bundle_virtual":false,"bundle_layout":"","bundle_add_to_cart_form_location":"","bundle_editable_in_cart":false,"bundle_sold_individually_context":"","bundle_item_grouping":"","bundle_min_size":"","bundle_max_size":"","bundle_price":[],"bundled_items":[],"bundle_sell_ids":[],"acf":[],"jetpack_sharing_enabled":true,"_links":{"self":[{"href":"https:\/\/axkid.com\/hr\/wp-json\/wp\/v2\/product\/72807","targetHints":{"allow":["GET"]}}],"collection":[{"href":"https:\/\/axkid.com\/hr\/wp-json\/wp\/v2\/product"}],"about":[{"href":"https:\/\/axkid.com\/hr\/wp-json\/wp\/v2\/types\/product"}],"replies":[{"embeddable":true,"href":"https:\/\/axkid.com\/hr\/wp-json\/wp\/v2\/comments?post=72807"}],"wp:featuredmedia":[{"embeddable":true,"href":"https:\/\/axkid.com\/hr\/wp-json\/"}],"wp:attachment":[{"href":"https:\/\/axkid.com\/hr\/wp-json\/wp\/v2\/media?parent=72807"}],"wp:term":[{"taxonomy":"product_brand","embeddable":true,"href":"https:\/\/axkid.com\/hr\/wp-json\/wp\/v2\/product_brand?post=72807"},{"taxonomy":"product_cat","embeddable":true,"href":"https:\/\/axkid.com\/hr\/wp-json\/wp\/v2\/product_cat?post=72807"},{"taxonomy":"product_tag","embeddable":true,"href":"https:\/\/axkid.com\/hr\/wp-json\/wp\/v2\/product_tag?post=72807"}],"curies":[{"name":"wp","href":"https:\/\/api.w.org\/{rel}","templated":true}]}}