{"id":73562,"date":"2024-09-19T12:42:53","date_gmt":"2024-09-19T11:42:53","guid":{"rendered":"https:\/\/axkid.com\/?post_type=product&#038;p=73562"},"modified":"2025-12-15T15:41:05","modified_gmt":"2025-12-15T14:41:05","slug":"car-seat-mirror","status":"publish","type":"product","link":"https:\/\/axkid.com\/hr\/product\/car-seat-mirror\/","title":{"rendered":"AXKID ogledalo"},"content":{"rendered":"","protected":false},"excerpt":{"rendered":"<p>Axkid ogledalo vam omogu\u0107uje da <strong>vidite svoje dijete dok sjedi u autosjedalici koja je okrenuta u suprotnom smjeru vo\u017enje<\/strong> tijekom putovanja. Ogledalo se pri\u010dvr\u0161\u0107uje na stra\u017enju stranu naslona za glavu, fiksna instalacija zajam\u010dena.<\/p>\n","protected":false},"featured_media":3700000779431,"comment_status":"open","ping_status":"closed","template":"","meta":{"_acf_changed":false,"_seopress_robots_primary_cat":"none","_seopress_titles_title":"AXKID ogledalo","_seopress_titles_desc":"Ogledalo vam omogo\u010da, da med vo\u017enjo vidite svojega otroka, ki sedi v avtosede\u017eu, obrnjenem nazaj. Pritrdite na zadnji del vzglavnika na sede\u017eu vozila,","_seopress_robots_index":"","content-type":"","_relevanssi_hide_post":"","_relevanssi_hide_content":"","_relevanssi_pin_for_all":"","_relevanssi_pin_keywords":"","_relevanssi_unpin_keywords":"","_relevanssi_related_keywords":"","_relevanssi_related_include_ids":"","_relevanssi_related_exclude_ids":"","_relevanssi_related_no_append":"","_relevanssi_related_not_related":"","_relevanssi_related_posts":"","_relevanssi_noindex_reason":"","editor_notices":[]},"product_brand":[],"product_cat":[17],"product_tag":[],"class_list":{"0":"post-73562","1":"product","2":"type-product","3":"status-publish","4":"has-post-thumbnail","6":"product_cat-dodatki","8":"first","9":"instock","10":"taxable","11":"shipping-taxable","12":"purchasable","13":"product-type-simple"},"bundled_by":[],"bundle_stock_status":"instock","bundle_stock_quantity":27,"bundle_virtual":false,"bundle_layout":"","bundle_add_to_cart_form_location":"","bundle_editable_in_cart":false,"bundle_sold_individually_context":"","bundle_item_grouping":"","bundle_min_size":"","bundle_max_size":"","bundle_price":[],"bundled_items":[],"bundle_sell_ids":[],"acf":[],"jetpack_sharing_enabled":true,"_links":{"self":[{"href":"https:\/\/axkid.com\/hr\/wp-json\/wp\/v2\/product\/73562","targetHints":{"allow":["GET"]}}],"collection":[{"href":"https:\/\/axkid.com\/hr\/wp-json\/wp\/v2\/product"}],"about":[{"href":"https:\/\/axkid.com\/hr\/wp-json\/wp\/v2\/types\/product"}],"replies":[{"embeddable":true,"href":"https:\/\/axkid.com\/hr\/wp-json\/wp\/v2\/comments?post=73562"}],"wp:featuredmedia":[{"embeddable":true,"href":"https:\/\/axkid.com\/hr\/wp-json\/"}],"wp:attachment":[{"href":"https:\/\/axkid.com\/hr\/wp-json\/wp\/v2\/media?parent=73562"}],"wp:term":[{"taxonomy":"product_brand","embeddable":true,"href":"https:\/\/axkid.com\/hr\/wp-json\/wp\/v2\/product_brand?post=73562"},{"taxonomy":"product_cat","embeddable":true,"href":"https:\/\/axkid.com\/hr\/wp-json\/wp\/v2\/product_cat?post=73562"},{"taxonomy":"product_tag","embeddable":true,"href":"https:\/\/axkid.com\/hr\/wp-json\/wp\/v2\/product_tag?post=73562"}],"curies":[{"name":"wp","href":"https:\/\/api.w.org\/{rel}","templated":true}]}}