{"id":73680,"date":"2024-09-19T12:42:56","date_gmt":"2024-09-19T11:42:56","guid":{"rendered":"https:\/\/axkid.com\/?post_type=product&#038;p=73680"},"modified":"2025-12-15T15:35:32","modified_gmt":"2025-12-15T14:35:32","slug":"car-seat-mirror-led","status":"publish","type":"product","link":"https:\/\/axkid.com\/hr\/product\/car-seat-mirror-led\/","title":{"rendered":"AXKID LED ogledalo za sjedalo"},"content":{"rendered":"","protected":false},"excerpt":{"rendered":"<p>Ogledalo osigurava da uvijek imate jasan pogled na svoje dijete i testirano je na sudar kako bi se osiguralo da ne ugro\u017eava sigurnost putnika u slu\u010daju iznenadnog zaustavljanja ili sudara. Daljinski upravlja\u010d omogu\u0107uje jednostavno i sigurno kori\u0161tenje.<\/p>\n","protected":false},"featured_media":3700000779429,"comment_status":"open","ping_status":"closed","template":"","meta":{"_acf_changed":false,"_seopress_robots_primary_cat":"none","_seopress_titles_title":"AXKID LED ogledalo","_seopress_titles_desc":"Ogledalo osigurava da uvijek imate jasan pogled na svoje dijete i testirano je na sudar kako bi se osiguralo da ne ugro\u017eava sigurnost putnika u slu\u010daju","_seopress_robots_index":"","content-type":"","_relevanssi_hide_post":"","_relevanssi_hide_content":"","_relevanssi_pin_for_all":"","_relevanssi_pin_keywords":"","_relevanssi_unpin_keywords":"","_relevanssi_related_keywords":"","_relevanssi_related_include_ids":"","_relevanssi_related_exclude_ids":"","_relevanssi_related_no_append":"","_relevanssi_related_not_related":"","_relevanssi_related_posts":"","_relevanssi_noindex_reason":"","editor_notices":[]},"product_brand":[],"product_cat":[17],"product_tag":[],"class_list":{"0":"post-73680","1":"product","2":"type-product","3":"status-publish","4":"has-post-thumbnail","6":"product_cat-dodatki","8":"first","9":"instock","10":"taxable","11":"shipping-taxable","12":"purchasable","13":"product-type-simple"},"bundled_by":[],"bundle_stock_status":"instock","bundle_stock_quantity":27,"bundle_virtual":false,"bundle_layout":"","bundle_add_to_cart_form_location":"","bundle_editable_in_cart":false,"bundle_sold_individually_context":"","bundle_item_grouping":"","bundle_min_size":"","bundle_max_size":"","bundle_price":[],"bundled_items":[],"bundle_sell_ids":[],"acf":[],"jetpack_sharing_enabled":true,"_links":{"self":[{"href":"https:\/\/axkid.com\/hr\/wp-json\/wp\/v2\/product\/73680","targetHints":{"allow":["GET"]}}],"collection":[{"href":"https:\/\/axkid.com\/hr\/wp-json\/wp\/v2\/product"}],"about":[{"href":"https:\/\/axkid.com\/hr\/wp-json\/wp\/v2\/types\/product"}],"replies":[{"embeddable":true,"href":"https:\/\/axkid.com\/hr\/wp-json\/wp\/v2\/comments?post=73680"}],"wp:featuredmedia":[{"embeddable":true,"href":"https:\/\/axkid.com\/hr\/wp-json\/"}],"wp:attachment":[{"href":"https:\/\/axkid.com\/hr\/wp-json\/wp\/v2\/media?parent=73680"}],"wp:term":[{"taxonomy":"product_brand","embeddable":true,"href":"https:\/\/axkid.com\/hr\/wp-json\/wp\/v2\/product_brand?post=73680"},{"taxonomy":"product_cat","embeddable":true,"href":"https:\/\/axkid.com\/hr\/wp-json\/wp\/v2\/product_cat?post=73680"},{"taxonomy":"product_tag","embeddable":true,"href":"https:\/\/axkid.com\/hr\/wp-json\/wp\/v2\/product_tag?post=73680"}],"curies":[{"name":"wp","href":"https:\/\/api.w.org\/{rel}","templated":true}]}}