{"id":844957,"date":"2024-09-19T07:35:18","date_gmt":"2024-09-19T06:35:18","guid":{"rendered":"https:\/\/axkid.com\/?post_type=product&#038;p=844957"},"modified":"2025-12-14T16:03:26","modified_gmt":"2025-12-14T15:03:26","slug":"boostkid","status":"publish","type":"product","link":"https:\/\/axkid.com\/hr\/product\/boostkid\/","title":{"rendered":"Boostkid"},"content":{"rendered":"","protected":false},"excerpt":{"rendered":"<p>Boostkid je siguran i ergonomski booster s naslonom za kori\u0161tenje u smjeru vo\u017enje, namijenjen djeci koja rastu. Idealan je kao sekundarna sjedalica za kra\u0107a putovanja. Ima podesivo uzglavlje, podstavljeni naslon i bo\u010dna krila. Elegantan i lagan dizajn omogu\u0107uje jednostavno rukovanje, dok izdr\u017eljivi tekstil osigurava maksimalnu udobnost.<\/p>\n","protected":false},"featured_media":844996,"comment_status":"open","ping_status":"closed","template":"","meta":{"_acf_changed":false,"_seopress_robots_primary_cat":"none","_seopress_titles_title":"Dje\u010dja autosjedalica AXKID Boostkid","_seopress_titles_desc":"Boostkid je siguran i ergonomski booster s naslonom za kori\u0161tenje u smjeru vo\u017enje, namijenjen djeci koja rastu. Idealan je kao sekundarna sjedalica za kra\u0107a putovanja.","_seopress_robots_index":"","content-type":"","_relevanssi_hide_post":"","_relevanssi_hide_content":"","_relevanssi_pin_for_all":"","_relevanssi_pin_keywords":"","_relevanssi_unpin_keywords":"","_relevanssi_related_keywords":"","_relevanssi_related_include_ids":"","_relevanssi_related_exclude_ids":"","_relevanssi_related_no_append":"","_relevanssi_related_not_related":"","_relevanssi_related_posts":"","_relevanssi_noindex_reason":"","editor_notices":[]},"product_brand":[],"product_cat":[532,81,18],"product_tag":[],"class_list":{"0":"post-844957","1":"product","2":"type-product","3":"status-publish","4":"has-post-thumbnail","6":"product_cat-otrok","7":"product_cat-jahaci-s-naslonom","8":"product_cat-autosjedalice","10":"first","11":"instock","12":"taxable","13":"shipping-taxable","14":"purchasable","15":"product-type-variable","16":"has-default-attributes"},"bundled_by":[],"bundle_stock_status":"instock","bundle_stock_quantity":null,"bundle_virtual":false,"bundle_layout":"","bundle_add_to_cart_form_location":"","bundle_editable_in_cart":false,"bundle_sold_individually_context":"","bundle_item_grouping":"","bundle_min_size":"","bundle_max_size":"","bundle_price":[],"bundled_items":[],"bundle_sell_ids":[],"acf":[],"jetpack_sharing_enabled":true,"_links":{"self":[{"href":"https:\/\/axkid.com\/hr\/wp-json\/wp\/v2\/product\/844957","targetHints":{"allow":["GET"]}}],"collection":[{"href":"https:\/\/axkid.com\/hr\/wp-json\/wp\/v2\/product"}],"about":[{"href":"https:\/\/axkid.com\/hr\/wp-json\/wp\/v2\/types\/product"}],"replies":[{"embeddable":true,"href":"https:\/\/axkid.com\/hr\/wp-json\/wp\/v2\/comments?post=844957"}],"wp:featuredmedia":[{"embeddable":true,"href":"https:\/\/axkid.com\/hr\/wp-json\/wp\/v2\/media\/844996"}],"wp:attachment":[{"href":"https:\/\/axkid.com\/hr\/wp-json\/wp\/v2\/media?parent=844957"}],"wp:term":[{"taxonomy":"product_brand","embeddable":true,"href":"https:\/\/axkid.com\/hr\/wp-json\/wp\/v2\/product_brand?post=844957"},{"taxonomy":"product_cat","embeddable":true,"href":"https:\/\/axkid.com\/hr\/wp-json\/wp\/v2\/product_cat?post=844957"},{"taxonomy":"product_tag","embeddable":true,"href":"https:\/\/axkid.com\/hr\/wp-json\/wp\/v2\/product_tag?post=844957"}],"curies":[{"name":"wp","href":"https:\/\/api.w.org\/{rel}","templated":true}]}}