{"id":847699,"date":"2025-03-13T15:51:13","date_gmt":"2025-03-13T14:51:13","guid":{"rendered":"https:\/\/axkid.com\/si-2-0\/?post_type=product&#038;p=847699"},"modified":"2026-04-19T07:33:15","modified_gmt":"2026-04-19T06:33:15","slug":"spinkid-2","status":"publish","type":"product","link":"https:\/\/axkid.com\/hr\/product\/spinkid-2\/","title":{"rendered":"Spinkid 2"},"content":{"rendered":"","protected":false},"excerpt":{"rendered":"<p>Axkid Spinkid 2 je<strong> 180\u00b0 rotiraju\u0107a<\/strong> autosjedalica dizajnirana kako bi va\u0161em djetetu <strong>pru\u017eila maksimalnu sigurnost i udobnost<\/strong>, dok vama kao roditelju olak\u0161ava svakodnevno kori\u0161tenje. Uz prilagodljivost <strong>od novoro\u0111en\u010deta do 4 godine<\/strong> (40\u2013105 cm\/18 kg), inovativne sigurnosne zna\u010dajke i jednostavno rukovanje, <strong>Spinkid 2 je sve \u0161to vam treba za sigurna i bezbri\u017ena putovanja.<\/strong><\/p>\n","protected":false},"featured_media":3700000853893,"comment_status":"open","ping_status":"closed","template":"","meta":{"_acf_changed":false,"_seopress_robots_primary_cat":"none","_seopress_titles_title":"Dje\u010dja autosjedalica AXKID Spinkid 2","_seopress_titles_desc":"Axkid Spinkid 2 je 180\u00b0 rotiraju\u0107a autosjedalica dizajnirana kako bi va\u0161em djetetu pru\u017eila maksimalnu sigurnost i udobnost, dok vama kao roditelju olak\u0161ava svakodnevno kori\u0161tenje","_seopress_robots_index":"","content-type":"","_relevanssi_hide_post":"","_relevanssi_hide_content":"","_relevanssi_pin_for_all":"","_relevanssi_pin_keywords":"","_relevanssi_unpin_keywords":"","_relevanssi_related_keywords":"","_relevanssi_related_include_ids":"","_relevanssi_related_exclude_ids":"","_relevanssi_related_no_append":"","_relevanssi_related_not_related":"","_relevanssi_related_posts":"","_relevanssi_noindex_reason":"","editor_notices":[]},"product_brand":[],"product_cat":[80,79,531,18],"product_tag":[],"class_list":{"0":"post-847699","1":"product","2":"type-product","3":"status-publish","4":"has-post-thumbnail","6":"product_cat-autosjedalice-okrenute-unatrag","7":"product_cat-autosjedalice-za-novorodencad-i-bebe","8":"product_cat-malcek","9":"product_cat-autosjedalice","11":"first","12":"instock","13":"taxable","14":"shipping-taxable","15":"purchasable","16":"product-type-variable","17":"has-default-attributes"},"bundled_by":[],"bundle_stock_status":"instock","bundle_stock_quantity":null,"bundle_virtual":false,"bundle_layout":"","bundle_add_to_cart_form_location":"","bundle_editable_in_cart":false,"bundle_sold_individually_context":"","bundle_item_grouping":"","bundle_min_size":"","bundle_max_size":"","bundle_price":[],"bundled_items":[],"bundle_sell_ids":[],"acf":[],"jetpack_sharing_enabled":true,"_links":{"self":[{"href":"https:\/\/axkid.com\/hr\/wp-json\/wp\/v2\/product\/847699","targetHints":{"allow":["GET"]}}],"collection":[{"href":"https:\/\/axkid.com\/hr\/wp-json\/wp\/v2\/product"}],"about":[{"href":"https:\/\/axkid.com\/hr\/wp-json\/wp\/v2\/types\/product"}],"replies":[{"embeddable":true,"href":"https:\/\/axkid.com\/hr\/wp-json\/wp\/v2\/comments?post=847699"}],"wp:featuredmedia":[{"embeddable":true,"href":"https:\/\/axkid.com\/hr\/wp-json\/"}],"wp:attachment":[{"href":"https:\/\/axkid.com\/hr\/wp-json\/wp\/v2\/media?parent=847699"}],"wp:term":[{"taxonomy":"product_brand","embeddable":true,"href":"https:\/\/axkid.com\/hr\/wp-json\/wp\/v2\/product_brand?post=847699"},{"taxonomy":"product_cat","embeddable":true,"href":"https:\/\/axkid.com\/hr\/wp-json\/wp\/v2\/product_cat?post=847699"},{"taxonomy":"product_tag","embeddable":true,"href":"https:\/\/axkid.com\/hr\/wp-json\/wp\/v2\/product_tag?post=847699"}],"curies":[{"name":"wp","href":"https:\/\/api.w.org\/{rel}","templated":true}]}}