{"id":847715,"date":"2025-03-13T15:51:04","date_gmt":"2025-03-13T14:51:04","guid":{"rendered":"https:\/\/axkid.com\/si-2-0\/?post_type=product&#038;p=847715"},"modified":"2026-04-15T07:28:14","modified_gmt":"2026-04-15T06:28:14","slug":"minikid-4-max","status":"publish","type":"product","link":"https:\/\/axkid.com\/hr\/product\/minikid-4-max\/","title":{"rendered":"Minikid 4 Max"},"content":{"rendered":"","protected":false},"excerpt":{"rendered":"<p>AXKID Minikid 4 MAX izuzetno sigurna je i prostrana autosjedalica <strong>za putovanje suprotnom smjeru vo\u017enje<\/strong>\u00a0s brojnim pametnim zna\u010dajkama, dizajnirana sa<strong> \u0161vedskim na\u010dinom razmi\u0161ljanja o sigurnosti djece<\/strong> u prometu. <strong>S prostorom za noge do 30 cm<\/strong>, tehnologijom dinami\u010dnog naslona za glavu i <strong>jednostavnom instalacijom od 60 sekundi<\/strong>, Minikid 4 MAX je izrazito fleksibilan, te prilagodljiv potrebama va\u0161eg djeteta, \u0161to ga \u010dini posebno vrijednim dijelom obitelji.<\/p>\n","protected":false},"featured_media":3700000853075,"comment_status":"open","ping_status":"closed","template":"","meta":{"_acf_changed":false,"_seopress_robots_primary_cat":"none","_seopress_titles_title":"Dje\u010dja autosjedalica AXKID Minikid 4 MAX i-Size","_seopress_titles_desc":"AXKID Minikid 4 MAX izuzetno sigurna je i prostrana autosjedalica za putovanje suprotnom smjeru vo\u017enje s brojnim pametnim zna\u010dajkama, dizajnirana sa \u0161vedskim na\u010dinom razmi\u0161ljanja o sigurnosti djece u prometu. S prostorom za noge do 30 cm","_seopress_robots_index":"","content-type":"","_relevanssi_hide_post":"","_relevanssi_hide_content":"","_relevanssi_pin_for_all":"","_relevanssi_pin_keywords":"","_relevanssi_unpin_keywords":"","_relevanssi_related_keywords":"","_relevanssi_related_include_ids":"","_relevanssi_related_exclude_ids":"","_relevanssi_related_no_append":"","_relevanssi_related_not_related":"","_relevanssi_related_posts":"","_relevanssi_noindex_reason":"","editor_notices":[]},"product_brand":[],"product_cat":[80,531,18],"product_tag":[],"class_list":{"0":"post-847715","1":"product","2":"type-product","3":"status-publish","4":"has-post-thumbnail","6":"product_cat-autosjedalice-okrenute-unatrag","7":"product_cat-malcek","8":"product_cat-autosjedalice","10":"first","11":"instock","12":"sale","13":"taxable","14":"shipping-taxable","15":"purchasable","16":"product-type-variable","17":"has-default-attributes"},"bundled_by":[],"bundle_stock_status":"instock","bundle_stock_quantity":null,"bundle_virtual":false,"bundle_layout":"","bundle_add_to_cart_form_location":"","bundle_editable_in_cart":false,"bundle_sold_individually_context":"","bundle_item_grouping":"","bundle_min_size":"","bundle_max_size":"","bundle_price":[],"bundled_items":[],"bundle_sell_ids":[],"acf":[],"jetpack_sharing_enabled":true,"_links":{"self":[{"href":"https:\/\/axkid.com\/hr\/wp-json\/wp\/v2\/product\/847715","targetHints":{"allow":["GET"]}}],"collection":[{"href":"https:\/\/axkid.com\/hr\/wp-json\/wp\/v2\/product"}],"about":[{"href":"https:\/\/axkid.com\/hr\/wp-json\/wp\/v2\/types\/product"}],"replies":[{"embeddable":true,"href":"https:\/\/axkid.com\/hr\/wp-json\/wp\/v2\/comments?post=847715"}],"wp:featuredmedia":[{"embeddable":true,"href":"https:\/\/axkid.com\/hr\/wp-json\/"}],"wp:attachment":[{"href":"https:\/\/axkid.com\/hr\/wp-json\/wp\/v2\/media?parent=847715"}],"wp:term":[{"taxonomy":"product_brand","embeddable":true,"href":"https:\/\/axkid.com\/hr\/wp-json\/wp\/v2\/product_brand?post=847715"},{"taxonomy":"product_cat","embeddable":true,"href":"https:\/\/axkid.com\/hr\/wp-json\/wp\/v2\/product_cat?post=847715"},{"taxonomy":"product_tag","embeddable":true,"href":"https:\/\/axkid.com\/hr\/wp-json\/wp\/v2\/product_tag?post=847715"}],"curies":[{"name":"wp","href":"https:\/\/api.w.org\/{rel}","templated":true}]}}