{"id":848106,"date":"2025-05-29T06:06:09","date_gmt":"2025-05-29T05:06:09","guid":{"rendered":"https:\/\/axkid.com\/si-2-0\/?post_type=product&#038;p=848106"},"modified":"2025-12-14T07:53:57","modified_gmt":"2025-12-14T06:53:57","slug":"otroski-avtosedez-lupinica-axkid-gokid-40-87-cm-arctic-mist-grey","status":"publish","type":"product","link":"https:\/\/axkid.com\/hr\/product\/otroski-avtosedez-lupinica-axkid-gokid-40-87-cm-arctic-mist-grey\/","title":{"rendered":"GoKid"},"content":{"rendered":"","protected":false},"excerpt":{"rendered":"<p>Autosjedalica \u2013 \u201cjaje\u201d <strong>AXKID GoKid<\/strong> savr\u0161en je izbor za sigurna i prakti\u010dna putovanja s va\u0161im djetetom, od <strong>ro\u0111enja do 15 mjeseci<\/strong> (40\u201387 cm\/13 kg). Mo\u017ee se jednostavno postaviti pomo\u0107u <strong>ISOFIX baze<\/strong> (dostupna zasebno) ili <strong>3-to\u010dkovnog sigurnosnog pojasa<\/strong> automobila. Zahvaljuju\u0107i ergonomskom dizajnu, GoKid omogu\u0107uje <strong>bezbri\u017ene prijelaze iz auta do doma<\/strong>, kao i brzi odlazak u \u0161etnju s dje\u010djim kolicima. AXKID GoKid ima <strong>produ\u017eivi krovi\u0107<\/strong>, koji \u0161titi dijete od sunca, vjetra i ki\u0161e, osiguravaju\u0107i mu udobnost u svim uvjetima.<\/p>\n<p>AXKID GoKid ima <strong>raztegljivo stre\u0161ico<\/strong>, ki dojen\u010dka za\u0161\u010diti pred soncem, vetrom in de\u017ejem ter zagotavlja udobje v vseh pogojih.<\/p>\n","protected":false},"featured_media":3700000848608,"comment_status":"open","ping_status":"closed","template":"","meta":{"_acf_changed":false,"_seopress_robots_primary_cat":"none","_seopress_titles_title":"Dje\u010dja autosjedalica AXKID GoKid [40\u201387 cm]","_seopress_titles_desc":"Gokid autosjedalica za bebe prikladna je od novoro\u0111en\u010deta do 15 mjeseci (40\u201387 cm\/13 kg). Jednostavna instalacija s ISOFIX bazom","_seopress_robots_index":"","content-type":"","_relevanssi_hide_post":"","_relevanssi_hide_content":"","_relevanssi_pin_for_all":"","_relevanssi_pin_keywords":"","_relevanssi_unpin_keywords":"","_relevanssi_related_keywords":"","_relevanssi_related_include_ids":"","_relevanssi_related_exclude_ids":"","_relevanssi_related_no_append":"","_relevanssi_related_not_related":"","_relevanssi_related_posts":"","_relevanssi_noindex_reason":"","editor_notices":[]},"product_brand":[],"product_cat":[79,412,18],"product_tag":[],"class_list":{"0":"post-848106","1":"product","2":"type-product","3":"status-publish","4":"has-post-thumbnail","6":"product_cat-autosjedalice-za-novorodencad-i-bebe","7":"product_cat-outlet","8":"product_cat-autosjedalice","10":"first","11":"instock","12":"taxable","13":"shipping-taxable","14":"purchasable","15":"product-type-variable","16":"has-default-attributes"},"bundled_by":[],"bundle_stock_status":"instock","bundle_stock_quantity":null,"bundle_virtual":false,"bundle_layout":"","bundle_add_to_cart_form_location":"","bundle_editable_in_cart":false,"bundle_sold_individually_context":"","bundle_item_grouping":"","bundle_min_size":"","bundle_max_size":"","bundle_price":[],"bundled_items":[],"bundle_sell_ids":[],"acf":[],"jetpack_sharing_enabled":true,"_links":{"self":[{"href":"https:\/\/axkid.com\/hr\/wp-json\/wp\/v2\/product\/848106","targetHints":{"allow":["GET"]}}],"collection":[{"href":"https:\/\/axkid.com\/hr\/wp-json\/wp\/v2\/product"}],"about":[{"href":"https:\/\/axkid.com\/hr\/wp-json\/wp\/v2\/types\/product"}],"replies":[{"embeddable":true,"href":"https:\/\/axkid.com\/hr\/wp-json\/wp\/v2\/comments?post=848106"}],"wp:featuredmedia":[{"embeddable":true,"href":"https:\/\/axkid.com\/hr\/wp-json\/"}],"wp:attachment":[{"href":"https:\/\/axkid.com\/hr\/wp-json\/wp\/v2\/media?parent=848106"}],"wp:term":[{"taxonomy":"product_brand","embeddable":true,"href":"https:\/\/axkid.com\/hr\/wp-json\/wp\/v2\/product_brand?post=848106"},{"taxonomy":"product_cat","embeddable":true,"href":"https:\/\/axkid.com\/hr\/wp-json\/wp\/v2\/product_cat?post=848106"},{"taxonomy":"product_tag","embeddable":true,"href":"https:\/\/axkid.com\/hr\/wp-json\/wp\/v2\/product_tag?post=848106"}],"curies":[{"name":"wp","href":"https:\/\/api.w.org\/{rel}","templated":true}]}}