{"id":848484,"date":"2025-06-25T17:47:13","date_gmt":"2025-06-25T16:47:13","guid":{"rendered":"https:\/\/axkid.com\/si-2-0\/?post_type=product&#038;p=848484"},"modified":"2025-12-15T15:20:19","modified_gmt":"2025-12-15T14:20:19","slug":"gokid-baza","status":"publish","type":"product","link":"https:\/\/axkid.com\/hr\/product\/gokid-baza\/","title":{"rendered":"GoKid Isofix baza"},"content":{"rendered":"","protected":false},"excerpt":{"rendered":"<p>Isofix podno\u017eje lahko uporabljate skupaj z otro\u0161kim avtosede\u017eem &#8211; lupinico AXKID GoKid. Ponuja hitro in varno namestitev s priklju\u010dki ISOFIX Isofix baza mo\u017ee se koristiti zajedno s <strong>dje\u010djom autosjedalicom \u201cjajetom\u201c AXKID GoKid<\/strong>. Nudi brzu i sigurnu instalaciju s ISOFIX konektorima i sigurnosnim indikatorima kako bi se osigurala ispravna instalacija.<\/p>\n","protected":false},"featured_media":3700000848624,"comment_status":"open","ping_status":"closed","template":"","meta":{"_acf_changed":false,"_seopress_robots_primary_cat":"none","_seopress_titles_title":"Gokid Baza Child Travel Solution | Axkid","_seopress_titles_desc":"Isofix baza mo\u017ee se koristiti zajedno s dje\u010djom autosjedalicom \u201cjajetom\u201c AXKID GoKid.","_seopress_robots_index":"","content-type":"","_relevanssi_hide_post":"","_relevanssi_hide_content":"","_relevanssi_pin_for_all":"","_relevanssi_pin_keywords":"","_relevanssi_unpin_keywords":"","_relevanssi_related_keywords":"","_relevanssi_related_include_ids":"","_relevanssi_related_exclude_ids":"","_relevanssi_related_no_append":"","_relevanssi_related_not_related":"","_relevanssi_related_posts":"","_relevanssi_noindex_reason":"","editor_notices":[]},"product_brand":[],"product_cat":[412,17],"product_tag":[],"class_list":{"0":"post-848484","1":"product","2":"type-product","3":"status-publish","4":"has-post-thumbnail","6":"product_cat-outlet","7":"product_cat-dodatki","9":"first","10":"instock","11":"taxable","12":"shipping-taxable","13":"purchasable","14":"product-type-simple"},"bundled_by":[],"bundle_stock_status":"instock","bundle_stock_quantity":null,"bundle_virtual":false,"bundle_layout":"","bundle_add_to_cart_form_location":"","bundle_editable_in_cart":false,"bundle_sold_individually_context":"","bundle_item_grouping":"","bundle_min_size":"","bundle_max_size":"","bundle_price":[],"bundled_items":[],"bundle_sell_ids":[],"acf":[],"jetpack_sharing_enabled":true,"_links":{"self":[{"href":"https:\/\/axkid.com\/hr\/wp-json\/wp\/v2\/product\/848484","targetHints":{"allow":["GET"]}}],"collection":[{"href":"https:\/\/axkid.com\/hr\/wp-json\/wp\/v2\/product"}],"about":[{"href":"https:\/\/axkid.com\/hr\/wp-json\/wp\/v2\/types\/product"}],"replies":[{"embeddable":true,"href":"https:\/\/axkid.com\/hr\/wp-json\/wp\/v2\/comments?post=848484"}],"wp:featuredmedia":[{"embeddable":true,"href":"https:\/\/axkid.com\/hr\/wp-json\/"}],"wp:attachment":[{"href":"https:\/\/axkid.com\/hr\/wp-json\/wp\/v2\/media?parent=848484"}],"wp:term":[{"taxonomy":"product_brand","embeddable":true,"href":"https:\/\/axkid.com\/hr\/wp-json\/wp\/v2\/product_brand?post=848484"},{"taxonomy":"product_cat","embeddable":true,"href":"https:\/\/axkid.com\/hr\/wp-json\/wp\/v2\/product_cat?post=848484"},{"taxonomy":"product_tag","embeddable":true,"href":"https:\/\/axkid.com\/hr\/wp-json\/wp\/v2\/product_tag?post=848484"}],"curies":[{"name":"wp","href":"https:\/\/api.w.org\/{rel}","templated":true}]}}