{"id":848953,"date":"2025-12-16T08:40:09","date_gmt":"2025-12-16T07:40:09","guid":{"rendered":"https:\/\/axkid.com\/hr\/?post_type=product&#038;p=848953"},"modified":"2025-12-17T07:46:51","modified_gmt":"2025-12-17T06:46:51","slug":"navlaka-za-autosjedalicu-minikid-1-i-2-move-wolmax-i-spinkid","status":"publish","type":"product","link":"https:\/\/axkid.com\/hr\/product\/navlaka-za-autosjedalicu-minikid-1-i-2-move-wolmax-i-spinkid\/","title":{"rendered":"Navlaka za autosjedalicu \u2013 Minikid 1 i 2, Move, Wolmax i Spinkid"},"content":{"rendered":"<p>This is the Axkid One replacement cover. It is suitable for the Axkid ONE\/ONE2 and Axkid ONE+\/ONE+2. Do you want change the colour or simply freshen the fabrics. This item is the main textile cover only. crotch buckle cover and shoulder strap covers sold separately.<\/p>\n","protected":false},"excerpt":{"rendered":"<p>Jednostavno se postavlja preko va\u0161e postoje\u0107e autosjedalice. Ova navlaka \u0107e za\u0161tititi va\u0161u autosjedalicu, a istovremeno \u0107e sprije\u010diti ulazak topline. Izra\u0111ena od ekolo\u0161ki prihvatljivog materijala.<\/p>\n","protected":false},"featured_media":848958,"comment_status":"closed","ping_status":"closed","template":"","meta":{"_acf_changed":false,"_seopress_robots_primary_cat":"none","_seopress_titles_title":"Navlaka za autosjedalicu \u2013 Minikid 1 i 2, Move, Wolmax i Spinkid","_seopress_titles_desc":"Jednostavno se postavlja preko va\u0161e postoje\u0107e autosjedalice. Ova navlaka \u0107e za\u0161tititi va\u0161u autosjedalicu, a istovremeno \u0107e sprije\u010diti ulazak topline","_seopress_robots_index":"","content-type":"","_relevanssi_hide_post":"","_relevanssi_hide_content":"","_relevanssi_pin_for_all":"","_relevanssi_pin_keywords":"","_relevanssi_unpin_keywords":"","_relevanssi_related_keywords":"","_relevanssi_related_include_ids":"","_relevanssi_related_exclude_ids":"","_relevanssi_related_no_append":"","_relevanssi_related_not_related":"","_relevanssi_related_posts":"","_relevanssi_noindex_reason":"","editor_notices":[]},"product_brand":[],"product_cat":[434,375],"product_tag":[],"class_list":{"0":"post-848953","1":"product","2":"type-product","3":"status-publish","4":"has-post-thumbnail","6":"product_cat-car-seat-covers","7":"product_cat-spare-parts","9":"first","10":"instock","11":"taxable","12":"shipping-taxable","13":"purchasable","14":"product-type-simple"},"bundled_by":[],"bundle_stock_status":"instock","bundle_stock_quantity":null,"bundle_virtual":false,"bundle_layout":"","bundle_add_to_cart_form_location":"","bundle_editable_in_cart":false,"bundle_sold_individually_context":"","bundle_item_grouping":"","bundle_min_size":"","bundle_max_size":"","bundle_price":[],"bundled_items":[],"bundle_sell_ids":[],"acf":[],"jetpack_sharing_enabled":true,"_links":{"self":[{"href":"https:\/\/axkid.com\/hr\/wp-json\/wp\/v2\/product\/848953","targetHints":{"allow":["GET"]}}],"collection":[{"href":"https:\/\/axkid.com\/hr\/wp-json\/wp\/v2\/product"}],"about":[{"href":"https:\/\/axkid.com\/hr\/wp-json\/wp\/v2\/types\/product"}],"replies":[{"embeddable":true,"href":"https:\/\/axkid.com\/hr\/wp-json\/wp\/v2\/comments?post=848953"}],"wp:featuredmedia":[{"embeddable":true,"href":"https:\/\/axkid.com\/hr\/wp-json\/wp\/v2\/media\/848958"}],"wp:attachment":[{"href":"https:\/\/axkid.com\/hr\/wp-json\/wp\/v2\/media?parent=848953"}],"wp:term":[{"taxonomy":"product_brand","embeddable":true,"href":"https:\/\/axkid.com\/hr\/wp-json\/wp\/v2\/product_brand?post=848953"},{"taxonomy":"product_cat","embeddable":true,"href":"https:\/\/axkid.com\/hr\/wp-json\/wp\/v2\/product_cat?post=848953"},{"taxonomy":"product_tag","embeddable":true,"href":"https:\/\/axkid.com\/hr\/wp-json\/wp\/v2\/product_tag?post=848953"}],"curies":[{"name":"wp","href":"https:\/\/api.w.org\/{rel}","templated":true}]}}