{"id":15267,"date":"2024-09-25T06:00:24","date_gmt":"2024-09-25T05:00:24","guid":{"rendered":"https:\/\/axkid.com\/?post_type=product&#038;p=15267"},"modified":"2026-03-25T15:33:56","modified_gmt":"2026-03-25T14:33:56","slug":"spinkid","status":"publish","type":"product","link":"https:\/\/axkid.com\/hu\/product\/spinkid\/","title":{"rendered":"Spinkid"},"content":{"rendered":"<p>Az Axkid Spinkid egy forgathat\u00f3 gyerek\u00fcl\u00e9s, amely megk\u00f6nny\u00edti a mindennapi \u00e9letet a sz\u00fcl\u0151k sz\u00e1m\u00e1ra. A k\u00e9nyelmes, 180 fokban elforgathat\u00f3 funkci\u00f3nak k\u00f6sz\u00f6nhet\u0151en k\u00f6nnyen kezelhet\u0151, ugyanakkor a h\u00e1trafel\u00e9 n\u00e9z\u0151 utaz\u00e1s jelent\u0151s biztons\u00e1gi el\u0151nyeit is k\u00edn\u00e1lja.<\/p>\n<p><strong>K\u00f6nnyen, 180 fokban elforgathat\u00f3 gyerek\u00fcl\u00e9s<\/strong> &#8211; Egyetlen gombnyom\u00e1ssal kiford\u00edthatod a gyerek\u00fcl\u00e9st az ajt\u00f3 fel\u00e9, \u00edgy az aut\u00f3ba val\u00f3 be- \u00e9s kisz\u00e1ll\u00edt\u00e1skor k\u00f6nnyen hozz\u00e1f\u00e9rhetsz gyermekedhez.<\/p>\n<p><strong>\u00dajsz\u00fcl\u00f6tt bet\u00e9t<\/strong> \u2013 A tartoz\u00e9kk\u00e9nt mell\u00e9kelt \u00e9s igaz\u00edthat\u00f3 bababet\u00e9ttel m\u00e9g a legkisebb gyermek is biztons\u00e1gosan \u00e9s k\u00e9nyelmesen utazhat az Axkid Spinkidben.<\/p>\n<p><strong>Automatikus visszarug\u00f3 r\u00fad<\/strong> &#8211; A visszar\u00fag\u00f3 r\u00fad egyed\u00fcl\u00e1ll\u00f3 rugalmass\u00e1ga lehet\u0151v\u00e9 teszi a k\u00f6nnyebb beszerel\u00e9st az aut\u00f3ba, \u00e9s tov\u00e1bbi l\u00e1bteret biztos\u00edthat gyermeke sz\u00e1m\u00e1ra.<\/p>\n<p><strong>Tov\u00e1bbfejlesztett alv\u00e1st seg\u00edt\u0151 rendszer<\/strong> &#8211; T\u00f6bbf\u00e9le fekv\u0151helyzet, utaz\u00e1s k\u00f6zben is \u00e1ll\u00edthat\u00f3, \u00edgy k\u00f6nnyen megtal\u00e1lja a gyermekednek \u00e9s a Te ig\u00e9nyeidnek megfelel\u0151 t\u00f6k\u00e9letes poz\u00edci\u00f3t.<\/p>\n<h3>Egyszer\u0171 mindennapi kezel\u00e9s az Axkid Spinkiddel<\/h3>\n<p>A forgathat\u00f3 gyerek\u00fcl\u00e9st, az Axkid Spinkid megk\u00f6nny\u00edti gyermeked biztons\u00e1gos elhelyez\u00e9s\u00e9t a gyerek\u00fcl\u00e9sben. Egyetlen gombnyom\u00e1ssal egyszer\u0171en kiford\u00edthatod az \u00fcl\u00e9st az ajt\u00f3 fel\u00e9, \u00edgy k\u00f6nnyed\u00e9n hozz\u00e1f\u00e9rhetsz gyermekedhez. A forgathat\u00f3 gyerek\u00fcl\u00e9s rugalmass\u00e1ga nem csup\u00e1n k\u00e9nyelmess\u00e9 teszi gyermeked be- \u00e9s kisz\u00e1ll\u00e1s\u00e1t a gyerek\u00fcl\u00e9sbe, hanem Neked, mint sz\u00fcl\u0151nek is jobb testhelyzetet biztos\u00edt a gyermek gyerek\u00fcl\u00e9sbe val\u00f3 becsatol\u00e1s\u00e1n\u00e1l. Tov\u00e1bbi seg\u00edts\u00e9get ny\u00fajtanak a gyerek\u00fcl\u00e9s mindk\u00e9t oldal\u00e1n megtal\u00e1lhat\u00f3 m\u00e1gneses tart\u00f3k, amelyek az \u00f6veket t\u00e1volabb \u00e1ll\u00edtj\u00e1k, mik\u00f6zben gyermekedet elhelyezed az \u00fcl\u00e9sben.<\/p>\n<p><strong>H\u00e1ny \u00e9ves kort\u00f3l lehet a forgathat\u00f3 gyerek\u00fcl\u00e9st haszn\u00e1lni?<\/strong> Term\u00e9szetesen ez gyermekenk\u00e9nt v\u00e1ltoz\u00f3, de az Axkid Spinkid eset\u00e9ben a forgathat\u00f3 gyerek\u00fcl\u00e9st \u00fajsz\u00fcl\u00f6tt kort\u00f3l (40 cm) eg\u00e9szen k\u00f6r\u00fclbel\u00fcl 4 \u00e9ves korig haszn\u00e1lhatod. A forgathat\u00f3 gyerek\u00fcl\u00e9s az adapt\u00e1lhat\u00f3 funkci\u00f3ival megk\u00f6nny\u00edti a k\u00fcl\u00f6nb\u00f6z\u0151 kor\u00fa \u00e9s m\u00e9ret\u0171 gyermekek biztons\u00e1gos utaz\u00e1s\u00e1t.<\/p>\n<p><span style=\"text-decoration: underline;\"><a href=\"https:\/\/axkid.com\/hu\/safety\/a-new-era-at-axkid-with-a-swivel-car-seat\/\"><em>Tudj meg t\u00f6bbet a forgathat\u00f3 gyerek\u00fcl\u00e9sekr\u0151l \u00e9s a forgathat\u00f3 gyerek\u00fcl\u00e9sekkel kapcsolatos leggyakrabban feltett k\u00e9rd\u00e9sekr\u0151l!<\/em><\/a><\/span><\/p>\n<h3>Az alak\u00edthat\u00f3 forgathat\u00f3 gyerek\u00fcl\u00e9s<\/h3>\n<p>Minden gyermek elt\u00e9r\u0151 \u00fctemben n\u00f6vekszik. A rugalmasan alak\u00edthat\u00f3 Axkid Spinkid gyerek\u00fcl\u00e9s alkalmazkodik gyermeked egyedi ig\u00e9nyeihez.<\/p>\n<p>A fejt\u00e1mla 12 k\u00fcl\u00f6nb\u00f6z\u0151 fokozattal rendelkezik, ami lehet\u0151v\u00e9 teszi, hogy k\u00e9nyelmesen gyermeked testhossz\u00e1hoz \u00e9s m\u00e9ret\u00e9hez igaz\u00edtsd. Ahogy gyermeked n\u00f6vekszik, egy k\u00e9zzel, fokozatosan magasabbra emelheted a fejt\u00e1ml\u00e1t. Ez a tov\u00e1bbfejlesztett alv\u00e1st seg\u00edt\u0151 rendszerrel egy\u00fctt azt eredm\u00e9nyezi, hogy az \u00fcl\u00e9s az utaz\u00e1s sor\u00e1n ak\u00e1r 42 fokos sz\u00f6gben is megd\u00f6nthet\u0151. Ez teszi az Axkid Spinkidet egy igaz\u00e1n nagyszer\u0171 menetir\u00e1nynak h\u00e1trafel\u00e9 elhelyezett, sz\u00e9lesk\u00f6rben haszn\u00e1lhat\u00f3 gyerek\u00fcl\u00e9ss\u00e9.<\/p>\n<p>Tov\u00e1bbi l\u00e1bteret biztos\u00edt a visszarug\u00f3 r\u00fad \u00fcreges kialak\u00edt\u00e1s\u00e1nak \u00e9s a visszarug\u00f3 r\u00fad tov\u00e1bbi 7\u00b0-ban \u00e1ll\u00edthat\u00f3 sz\u00f6g\u00e9nek rugalmass\u00e1ga is. Ez ak\u00e1r 14 cm-es l\u00e1bt\u00e9rrel seg\u00edti gyermek\u00e9t, \u00e9s egy\u00fattal a k\u00f6nnyebb alkalmazkod\u00e1s lehet\u0151s\u00e9g\u00e9t biztos\u00edtja.<\/p>\n<h3>A legmagasabb k\u00e9nyelem a nagyobb biztons\u00e1g jegy\u00e9ben<\/h3>\n<p>A biztons\u00e1g elengedhetetlen r\u00e9sze a gyerek\u00fcl\u00e9sben val\u00f3 k\u00e9nyelmes elhelyezked\u00e9s. Az Axkid Spinkid puha pr\u00e9mium text\u00edli\u00e1val rendelkezik, mely maxim\u00e1lis k\u00e9nyelmet k\u00edn\u00e1l gyermeked sz\u00e1m\u00e1ra. Az \u00fajsz\u00fcl\u00f6tt bet\u00e9tek kieg\u00e9sz\u00edt\u0151 \u00e9s rugalmasan alak\u00edthat\u00f3 bet\u00e9tek, amelyek r\u00e9v\u00e9n gyermeked a legk\u00e9nyelmesebb \u00e9s legbiztons\u00e1gosabb poz\u00edci\u00f3ban helyezhet\u0151 el a gyerek\u00fcl\u00e9sben.<\/p>\n<h3>Egyszer\u0171 beszerel\u00e9si rendszer<\/h3>\n<p>A helyes beszerel\u00e9s baleset eset\u00e9n kulcsfontoss\u00e1g\u00fa gyermeked \u00e9ps\u00e9ge szempontj\u00e1b\u00f3l. \u00c9ppen ez\u00e9rt mind\u00f6ssze \u00f6t egyszer\u0171 l\u00e9p\u00e9ssel, 30 m\u00e1sodperc alatt elv\u00e9gezhet\u0151 a helyes \u00e9s biztons\u00e1gos beszerel\u00e9s. Ezt nevezz\u00fck egyszer\u0171 beszerel\u00e9si rendszernek.<\/p>\n<p>Az Axkid Spinkidben megjelen\u0151 Egyszer\u0171 telep\u00edt\u00e9si rendszerhez k\u00f6nnyen kezelhet\u0151 ISOFIX csatlakoz\u00f3 is tartoznak. A beszerel\u00e9s sor\u00e1n az ISOFIX csatlakoz\u00f3kat kih\u00fazhatod, \u00e9s egyetlen kattint\u00e1ssal a j\u00e1rm\u0171 ISOFIX r\u00f6gz\u00edt\u00e9si pontjaira r\u00f6gz\u00edtheted. A gyerek\u00fcl\u00e9st told a j\u00e1rm\u0171 \u00fcl\u00e9st\u00e1ml\u00e1ja fel\u00e9 \u00e9s ez automatikusan stabiliz\u00e1lja a beszerel\u00e9st.<\/p>\n<h3>Vil\u00e1gels\u0151 sv\u00e9d biztons\u00e1gi rendszer<\/h3>\n<p>Az Axkid Minikid 4 a sv\u00e9d Holmbergs\u00ae technol\u00f3giai v\u00e1llalat pr\u00e9mium kateg\u00f3ri\u00e1s biztons\u00e1gi rendszer\u00e9vel van felszerelve. Minden alkatr\u00e9szt, a csatt\u00f3l \u00e1t az \u00f6vig, az az el\u0151\u00edr\u00e1sokon t\u00falmen\u0151en tesztelt\u00fcnk, \u00edgy biztos\u00edtva a kiv\u00e1l\u00f3 min\u0151s\u00e9get \u00e9s a vil\u00e1g vezet\u0151 gy\u00e1rt\u00f3j\u00e1t megk\u00fcl\u00f6nb\u00f6ztet\u0151 teljes\u00edtm\u00e9nyt.<\/p>\n<h3>Sv\u00e9d biztons\u00e1g a menetir\u00e1nynak h\u00e1ttal<\/h3>\n<p>A menetir\u00e1nynak h\u00e1ttal t\u00f6rt\u00e9n\u0151 utaz\u00e1s bizony\u00edtottan ak\u00e1r \u00f6tsz\u00f6r biztons\u00e1gosabb a menetir\u00e1nynak el\u0151re t\u00f6rt\u00e9n\u0151 utaz\u00e1shoz k\u00e9pest, ez\u00e9rt az Axkid mindig azt javasolja, hogy gyermeked a lehet\u0151 legtov\u00e1bb a menetir\u00e1nynak h\u00e1ttal utazzon. A menetir\u00e1nynak h\u00e1ttal elhelyezett gyerek\u00fcl\u00e9sben val\u00f3 utaz\u00e1s jelent\u0151sen cs\u00f6kkenti a gyermek \u00e9rz\u00e9keny nyak\u00e1ra hat\u00f3 \u00fctk\u00f6z\u00e9si er\u0151ket baleset eset\u00e9n, \u00e9s biztos lehetsz benne, hogy gyermeked a legbiztons\u00e1gosabb ir\u00e1nyban &#8211; h\u00e1trafel\u00e9 n\u00e9z\u0151 helyzetben &#8211; utazik.<\/p>\n<p><a href=\"https:\/\/axkid.com\/hu\/why-rear-facing-is-safer\/\"><em>Szeretn\u00e9l t\u00f6bbet megtudni a menetir\u00e1nynak h\u00e1ttal val\u00f3 utaz\u00e1s biztons\u00e1g\u00e1r\u00f3l? L\u00e1togass el az al\u00e1bbi oldalra \u00bb<\/em><\/a><\/p>\n","protected":false},"excerpt":{"rendered":"<p>Spinkid offers easy all-around flexibility. A safe and comfortable swivel seat that can rotate 180 degrees. Can be used from birth up to approx. 4 years. Features a 12 step headrest, multistep recline and compact design.<\/p>\n","protected":false},"featured_media":370000015297,"comment_status":"open","ping_status":"closed","template":"","meta":{"_acf_changed":false,"_seopress_robots_primary_cat":"none","_seopress_titles_title":"","_seopress_titles_desc":"Az Axkid Spinkid egy forgathat\u00f3 h\u00e1trafel\u00e9 n\u00e9z\u0151 gyerek\u00fcl\u00e9s, amely megk\u00f6nny\u00edti a mindennapi \u00e9letet a sz\u00fcl\u0151k sz\u00e1m\u00e1ra.","_seopress_robots_index":"","content-type":"","_relevanssi_hide_post":"","_relevanssi_hide_content":"","_relevanssi_pin_for_all":"","_relevanssi_pin_keywords":"","_relevanssi_unpin_keywords":"","_relevanssi_related_keywords":"","_relevanssi_related_include_ids":"","_relevanssi_related_exclude_ids":"","_relevanssi_related_no_append":"","_relevanssi_related_not_related":"","_relevanssi_related_posts":"","_relevanssi_noindex_reason":"","editor_notices":[]},"product_brand":[],"product_cat":[80,18,412,79],"product_tag":[],"class_list":{"0":"post-15267","1":"product","2":"type-product","3":"status-publish","4":"has-post-thumbnail","6":"product_cat-hatrafele-nezo-gyerekulesek","7":"product_cat-gyerekules","8":"product_cat-outlet","9":"product_cat-ujszulott-es-babaulesek","11":"first","12":"instock","13":"sale","14":"taxable","15":"shipping-taxable","16":"purchasable","17":"product-type-variable","18":"has-default-attributes"},"bundled_by":[],"bundle_stock_status":"instock","bundle_stock_quantity":null,"bundle_virtual":false,"bundle_layout":"","bundle_add_to_cart_form_location":"","bundle_editable_in_cart":false,"bundle_sold_individually_context":"","bundle_item_grouping":"","bundle_min_size":"","bundle_max_size":"","bundle_price":[],"bundled_items":[],"bundle_sell_ids":[],"acf":[],"_links":{"self":[{"href":"https:\/\/axkid.com\/hu\/wp-json\/wp\/v2\/product\/15267","targetHints":{"allow":["GET"]}}],"collection":[{"href":"https:\/\/axkid.com\/hu\/wp-json\/wp\/v2\/product"}],"about":[{"href":"https:\/\/axkid.com\/hu\/wp-json\/wp\/v2\/types\/product"}],"replies":[{"embeddable":true,"href":"https:\/\/axkid.com\/hu\/wp-json\/wp\/v2\/comments?post=15267"}],"wp:featuredmedia":[{"embeddable":true,"href":"https:\/\/axkid.com\/hu\/wp-json\/"}],"wp:attachment":[{"href":"https:\/\/axkid.com\/hu\/wp-json\/wp\/v2\/media?parent=15267"}],"wp:term":[{"taxonomy":"product_brand","embeddable":true,"href":"https:\/\/axkid.com\/hu\/wp-json\/wp\/v2\/product_brand?post=15267"},{"taxonomy":"product_cat","embeddable":true,"href":"https:\/\/axkid.com\/hu\/wp-json\/wp\/v2\/product_cat?post=15267"},{"taxonomy":"product_tag","embeddable":true,"href":"https:\/\/axkid.com\/hu\/wp-json\/wp\/v2\/product_tag?post=15267"}],"curies":[{"name":"wp","href":"https:\/\/api.w.org\/{rel}","templated":true}]}}