{"id":15633,"date":"2024-09-27T13:15:33","date_gmt":"2024-09-27T12:15:33","guid":{"rendered":"https:\/\/axkid.com\/?post_type=product&#038;p=15633"},"modified":"2026-04-07T07:27:00","modified_gmt":"2026-04-07T06:27:00","slug":"nextkid","status":"publish","type":"product","link":"https:\/\/axkid.com\/hu\/product\/nextkid\/","title":{"rendered":"Nextkid"},"content":{"rendered":"<p>Az Axkid Nextkid egy biztons\u00e1gos, rugalmasan igaz\u00edthat\u00f3 \u00e9s k\u00e9nyelmes, magas h\u00e1tt\u00e1ml\u00e1j\u00fa \u00fcl\u00e9smagas\u00edt\u00f3, amelyet \u00fagy tervezt\u00fcnk, hogy egy\u00fctt n\u0151j\u00f6n gyermekeddel, \u00e9s t\u00f6k\u00e9letesen illeszkedjen az aut\u00f3dba. A n\u00e9gy fokozatban \u00e1ll\u00edthat\u00f3 oldals\u00f3 sz\u00e1rnyakkal, az \u00e1ll\u00edthat\u00f3 fejt\u00e1ml\u00e1val \u00e9s a puha pr\u00e9mium text\u00edli\u00e1val maxim\u00e1lis k\u00e9nyelmet \u00e9s biztons\u00e1got ny\u00fajt a legfeljebb 150 cm magas gyermekek sz\u00e1m\u00e1ra.<\/p>\n<h3>Ez az Axkid Nextkid<\/h3>\n<ul>\n<li>Az R129-es el\u0151\u00edr\u00e1s szerint j\u00f3v\u00e1hagyott &#8211; \u00e9s a n\u00f6vekv\u0151 gyermekek sz\u00e1m\u00e1ra tervezett<\/li>\n<li>Rugalmas \u00e9s alkalmazkod\u00f3 kialak\u00edt\u00e1s a f\u00fcggetlen oldals\u00f3 sz\u00e1rnyakkal a gyermek ig\u00e9nyeinek, tov\u00e1bbi gyerek\u00fcl\u00e9sekhez vagy utasokhoz val\u00f3 k\u00f6nny\u0171 alkalmazkod\u00e1shoz.<\/li>\n<li>Gyors beszerel\u00e9s: A biztons\u00e1gos ISOFIX rendszer gyors beszerel\u00e9st tesz lehet\u0151v\u00e9.<\/li>\n<li>Alv\u00e1st el\u0151seg\u00edt\u0151 rendszer: 4 d\u00f6nt\u00e9si poz\u00edci\u00f3 \u00e9s rugalmas h\u00e1tt\u00e1mla a gyermeked legnagyobb k\u00e9nyelme \u00e9rdek\u00e9ben.<\/li>\n<li>Nagyfok\u00fa k\u00e9nyelem: A puha pr\u00e9mium textil \u00e9s a szell\u0151z\u00e9s h\u0171v\u00f6s \u00e9rzetet \u00e9s k\u00e9nyelmet biztos\u00edt.<\/li>\n<\/ul>\n<p><em>Felh\u00edvjuk figyelmed, hogy b\u00e1r az Axkid Nextkid 100-150 cm k\u00f6z\u00f6tti testmagass\u00e1ghoz aj\u00e1nlott, az Axkid azt javasolja, hogy gyermeked a lehet\u0151 leghosszabb ideig a menetir\u00e1nynak h\u00e1ttal utazzon. Lehet\u0151s\u00e9g szerint eg\u00e9szen 125 cm testmagass\u00e1gig.<\/em><\/p>\n<h3>N\u00e9h\u00e1ny sz\u00f3 az Axkid Nextkidr\u0151l<\/h3>\n<p><strong>Sv\u00e9dorsz\u00e1gi tervez\u00e9s a leg\u00fajabb biztons\u00e1gi el\u0151\u00edr\u00e1soknak megfelel\u0151 j\u00f3v\u00e1hagy\u00e1ssal<\/strong><br \/>\nAz Axkid Nextkidet Sv\u00e9dorsz\u00e1gban tervezt\u00fck, ahol a biztons\u00e1g a legf\u0151bb szempont. A kompakt kialak\u00edt\u00e1s lehet\u0151v\u00e9 teszi, hogy ak\u00e1r h\u00e1rom gyerek\u00fcl\u00e9s egym\u00e1s mell\u00e9 helyezhet\u0151 legyen, \u00edgy t\u00f6k\u00e9letes megold\u00e1s a t\u00f6bbgyermekes csal\u00e1dok sz\u00e1m\u00e1ra. Emellett a gyerek\u00fcl\u00e9s b\u0151v\u00edthet\u0151 oldals\u00f3 sz\u00e1rnyai sz\u00fcks\u00e9g eset\u00e9n tov\u00e1bbi helyet biztos\u00edtanak a gyermek sz\u00e1m\u00e1ra. Az R129-es el\u0151\u00edr\u00e1s szerinti j\u00f3v\u00e1hagy\u00e1snak k\u00f6sz\u00f6nhet\u0151en nyugodt lehetsz afel\u0151l, hogy gyermeked a piacon kaphat\u00f3 egyik legbiztons\u00e1gosabb biztons\u00e1gi gyerek\u00fcl\u00e9sben utazik.<\/p>\n<p>Az Axkid Nextkidet \u00fagy tervezt\u00fck, hogy egy\u00fctt n\u0151j\u00f6n gyermekeddel, \u00e9s haszn\u00e1lata 100 cm-t\u0151l 150 cm-ig, azaz k\u00f6r\u00fclbel\u00fcl 4-12 \u00e9ves korig enged\u00e9lyezett. Az optim\u00e1lis biztons\u00e1g \u00e9rdek\u00e9ben azonban mindig azt javasoljuk, hogy gyermeked a lehet\u0151 leghosszabb ideig a menetir\u00e1nynak h\u00e1ttal utazzon. Lehet\u0151s\u00e9g szerint eg\u00e9szen 125 cm testmagass\u00e1gig.<\/p>\n<p><span style=\"text-decoration: underline;\"><a href=\"https:\/\/axkid.com\/hu\/safety\/when-is-my-child-ready-for-a-booster-seat\/\">Honnan tudom, hogy gyermekem \u00e9rett-e a magas h\u00e1tt\u00e1ml\u00e1j\u00fa \u00fcl\u00e9smagas\u00edt\u00f3ra? B\u0151vebben itt \u00bb<\/a><\/span><\/p>\n<h3>Biztons\u00e1gos, tov\u00e1bb\u00e1 alkalmazkodik a gyermekedhez \u00e9s az aut\u00f3dhoz<\/h3>\n<p>Az Axkid Nextkid magas h\u00e1tt\u00e1ml\u00e1j\u00fa gyerek\u00fcl\u00e9s a biztons\u00e1g \u00e9s az adapt\u00e1lhat\u00f3s\u00e1g t\u00f6k\u00e9letes kombin\u00e1ci\u00f3ja. Egyed\u00fcl\u00e1ll\u00f3 kialak\u00edt\u00e1sa r\u00e9v\u00e9n n\u00e9gy fokozatban b\u0151v\u00edthet\u0151 oldals\u00f3 sz\u00e1rnyakkal rendelkezik, amelyek tov\u00e1bbi helyet biztos\u00edtanak, \u00e9s ez a rendszer alkalmazkodik gyermeked n\u00f6veked\u00e9s\u00e9hez. A magas h\u00e1tt\u00e1mla \u00e9s a 8 fejt\u00e1mla poz\u00edci\u00f3 biztos\u00edtja a t\u00f6k\u00e9letes testtart\u00e1st gyermeked sz\u00e1m\u00e1ra, kort\u00f3l \u00e9s m\u00e9rett\u0151l f\u00fcggetlen\u00fcl. R\u00e1ad\u00e1sul a fejt\u00e1mla \u00e9s a k\u00e9t oldals\u00f3 sz\u00e1rny egym\u00e1st\u00f3l f\u00fcggetlen, \u00edgy egyszer\u0171en be\u00e1ll\u00edthat\u00f3 gyermeked vagy az aut\u00f3ban l\u00e9v\u0151 t\u00f6bbi utas ig\u00e9nyeihez, illetve a t\u00f6bbi gyerek\u00fcl\u00e9snek megfelel\u0151en.<\/p>\n<p>A biztons\u00e1gi funkci\u00f3in t\u00fal a Nextkid rendk\u00edv\u00fcl j\u00f3l alkalmazkodik az aut\u00f3dhoz. Kompakt kialak\u00edt\u00e1sa lehet\u0151v\u00e9 teszi, hogy h\u00e1rom \u00fcl\u00e9s is elf\u00e9rjen egym\u00e1s mellett, \u00edgy ide\u00e1lis v\u00e1laszt\u00e1s az utaz\u00f3 nagycsal\u00e1dosok sz\u00e1m\u00e1ra. A gyerek\u00fcl\u00e9s rugalmas h\u00e1tt\u00e1ml\u00e1j\u00e1nak \u00e9s rugalmasan igaz\u00edthat\u00f3 form\u00e1j\u00e1nak k\u00f6sz\u00f6nhet\u0151en t\u00f6k\u00e9letesen illeszkedik b\u00e1rmilyen t\u00edpus\u00fa aut\u00f3ba, \u00edgy minden aut\u00f3\u00fat sor\u00e1n biztons\u00e1got \u00e9s k\u00e9nyelmet ny\u00fajt gyermeked sz\u00e1m\u00e1ra.<\/p>\n<h3>Egyszer\u0171, gyors \u00e9s biztons\u00e1gos beszerel\u00e9s<\/h3>\n<p>Az Axkid Nextkid hihetetlen\u00fcl egyszer\u0171en beszerelhet\u0151 az ISOFIX rendszernek k\u00f6sz\u00f6nhet\u0151en. Ez a rendszer biztos\u00edtja a gyors \u00e9s biztons\u00e1gos beszerel\u00e9st, amely mind\u00f6ssze n\u00e9h\u00e1ny m\u00e1sodperc alatt elv\u00e9gezhet\u0151. A beszerel\u00e9st k\u00f6vet\u0151en a gyerek\u00fcl\u00e9s stabil \u00e9s biztons\u00e1gos lesz, \u00edgy minden aut\u00f3s utaz\u00e1s sor\u00e1n nyugodt lehetsz. Az Axkid Nextkid ISOFIX-csatlakoz\u00f3i automatikusan kihajthat\u00f3ak, \u00edgy a beszerel\u00e9s m\u00e9g k\u00f6nnyebb\u00e9 v\u00e1lik.<\/p>\n<p>Az Axkid Nextkid magas h\u00e1tt\u00e1ml\u00e1s gyerek\u00fcl\u00e9ssel gyorsan \u00e9s egyszer\u0171en garant\u00e1lhatja gyermeked biztons\u00e1g\u00e1t. Az \u00f6v elvezet\u00e9s\u00e9t \u00fagy tervezt\u00fck, hogy a biztons\u00e1gi \u00f6v a megfelel\u0151 helyzetben maradjon, ami k\u00fcl\u00f6n\u00f6sen fontos a der\u00e9k\u00f6v eset\u00e9ben, \u00edgy biztos\u00edtva, hogy az megfelel\u0151en helyezkedjen el gyermeked test\u00e9n. A gyerek\u00fcl\u00e9sen l\u00e9v\u0151 biztons\u00e1gi \u00f6v-vezet\u0151 is seg\u00edti a biztons\u00e1gi \u00f6v elvezet\u00e9s\u00e9t, megakad\u00e1lyozza, hogy az lecs\u00fasszon a v\u00e1llr\u00f3l \u00e9s s\u00e9r\u00fcl\u00e9st okozzon, \u00edgy minden utaz\u00e1s sor\u00e1n maxim\u00e1lis biztons\u00e1got \u00e9s k\u00e9nyelmet ny\u00fajt. Az Axkid Nextkid magas h\u00e1tt\u00e1ml\u00e1s gyerek\u00fcl\u00e9ssel biztos lehet benne, hogy gyermeked az utaz\u00e1sok sor\u00e1n mindig biztons\u00e1gban van \u00e9s k\u00e9nyelmesen \u00e9rzi mag\u00e1t.<\/p>\n<h3>Kimagasl\u00f3 k\u00e9nyelem minden aut\u00f3s utaz\u00e1shoz<\/h3>\n<p>Az Axkid Nextkid nem csup\u00e1n az egyik legbiztons\u00e1gosabb gyerek\u00fcl\u00e9s a piacon, hanem nagyon k\u00e9nyelmes is. A gyerek\u00fcl\u00e9sben haszn\u00e1lt pr\u00e9mium min\u0151s\u00e9g\u0171 textil puha tapint\u00e1s\u00fa \u00e9s j\u00f3l szell\u0151z\u0151, mely biztos\u00edtja a h\u0171v\u00f6s \u00e9rzetet a hossz\u00fa utak sor\u00e1n. Az alv\u00e1st seg\u00edt\u0151 rendszer seg\u00edts\u00e9g\u00e9vel az \u00fcl\u00e9s a t\u00f6k\u00e9letes sz\u00f6gbe \u00e1ll\u00edthat\u00f3.<\/p>\n","protected":false},"excerpt":{"rendered":"<p><span class=\"ui-provider er azt axe azu azv azw azx azy azz baa bab bac bae baf bag bah bai baj bak bal bam ban bao bap baq bar bas bat bau bav baw bax bay baz bba\" dir=\"ltr\">A Nextkid biztons\u00e1gos \u00e9s k\u00e9nyelmes, magas h\u00e1tt\u00e1ml\u00e1j\u00fa \u00fcl\u00e9smagas\u00edt\u00f3 a gyermekeddel egy\u00fctt n\u00f6vekszik. \u00c1ll\u00edthat\u00f3 oldals\u00f3 sz\u00e1rnyakkal, fejt\u00e1ml\u00e1val \u00e9s puha, kiv\u00e1l\u00f3 min\u0151s\u00e9g\u0171 text\u00edli\u00e1kkal rendelkezik az optim\u00e1lis k\u00e9nyelem \u00e9s biztons\u00e1g \u00e9rdek\u00e9ben. Egyszer\u0171 beszerel\u00e9s \u00e9s 150 cm-ig tan\u00fas\u00edtott.<\/span><\/p>\n","protected":false},"featured_media":370000022475,"comment_status":"open","ping_status":"closed","template":"","meta":{"_acf_changed":false,"_seopress_robots_primary_cat":"none","_seopress_titles_title":"","_seopress_titles_desc":"Biztons\u00e1gos \u00e9s k\u00e9nyelmes, magas h\u00e1tt\u00e1ml\u00e1j\u00fa \u00fcl\u00e9smagas\u00edt\u00f3, amely egy\u00fctt n\u0151 gyermekeddel. Egyszer\u0171 beszerel\u00e9s \u00e9s 150 cm magass\u00e1gig min\u0151s\u00edtett.","_seopress_robots_index":"","content-type":"","_relevanssi_hide_post":"","_relevanssi_hide_content":"","_relevanssi_pin_for_all":"","_relevanssi_pin_keywords":"","_relevanssi_unpin_keywords":"","_relevanssi_related_keywords":"","_relevanssi_related_include_ids":"","_relevanssi_related_exclude_ids":"","_relevanssi_related_no_append":"","_relevanssi_related_not_related":"","_relevanssi_related_posts":"","_relevanssi_noindex_reason":"","editor_notices":[]},"product_brand":[],"product_cat":[18,81],"product_tag":[],"class_list":{"0":"post-15633","1":"product","2":"type-product","3":"status-publish","4":"has-post-thumbnail","6":"product_cat-gyerekules","7":"product_cat-ulesmagasitok","9":"first","10":"instock","11":"taxable","12":"shipping-taxable","13":"purchasable","14":"product-type-variable","15":"has-default-attributes"},"bundled_by":[],"bundle_stock_status":"instock","bundle_stock_quantity":null,"bundle_virtual":false,"bundle_layout":"","bundle_add_to_cart_form_location":"","bundle_editable_in_cart":false,"bundle_sold_individually_context":"","bundle_item_grouping":"","bundle_min_size":"","bundle_max_size":"","bundle_price":[],"bundled_items":[],"bundle_sell_ids":[],"acf":[],"_links":{"self":[{"href":"https:\/\/axkid.com\/hu\/wp-json\/wp\/v2\/product\/15633","targetHints":{"allow":["GET"]}}],"collection":[{"href":"https:\/\/axkid.com\/hu\/wp-json\/wp\/v2\/product"}],"about":[{"href":"https:\/\/axkid.com\/hu\/wp-json\/wp\/v2\/types\/product"}],"replies":[{"embeddable":true,"href":"https:\/\/axkid.com\/hu\/wp-json\/wp\/v2\/comments?post=15633"}],"wp:featuredmedia":[{"embeddable":true,"href":"https:\/\/axkid.com\/hu\/wp-json\/"}],"wp:attachment":[{"href":"https:\/\/axkid.com\/hu\/wp-json\/wp\/v2\/media?parent=15633"}],"wp:term":[{"taxonomy":"product_brand","embeddable":true,"href":"https:\/\/axkid.com\/hu\/wp-json\/wp\/v2\/product_brand?post=15633"},{"taxonomy":"product_cat","embeddable":true,"href":"https:\/\/axkid.com\/hu\/wp-json\/wp\/v2\/product_cat?post=15633"},{"taxonomy":"product_tag","embeddable":true,"href":"https:\/\/axkid.com\/hu\/wp-json\/wp\/v2\/product_tag?post=15633"}],"curies":[{"name":"wp","href":"https:\/\/api.w.org\/{rel}","templated":true}]}}